{"id":2598,"date":"2021-01-21T08:11:45","date_gmt":"2021-01-21T08:11:45","guid":{"rendered":"http:\/\/lefteris.aboutdev.gr\/heredigene\/?page_id=2598"},"modified":"2022-05-25T13:26:31","modified_gmt":"2022-05-25T13:26:31","slug":"hereditary-cancer","status":"publish","type":"page","link":"https:\/\/heredigene.gr\/tr\/hereditary-cancer\/","title":{"rendered":"Kal\u0131tsal Kanser"},"content":{"rendered":"\t\t<div data-elementor-type=\"wp-page\" data-elementor-id=\"2598\" class=\"elementor elementor-2598\">\n\t\t\t\t\t\t<div class=\"elementor-inner\">\n\t\t\t\t<div class=\"elementor-section-wrap\">\n\t\t\t\t\t\t\t\t\t<section class=\"elementor-section elementor-top-section elementor-element elementor-element-adb03ec elementor-section-full_width elementor-section-height-min-height elementor-section-items-top elementor-section-height-default\" data-id=\"adb03ec\" data-element_type=\"section\" data-settings=\"{&quot;background_background&quot;:&quot;classic&quot;}\">\n\t\t\t\t\t\t<div class=\"elementor-container elementor-column-gap-no\">\n\t\t\t\t\t\t\t<div class=\"elementor-row\">\n\t\t\t\t\t<div class=\"elementor-column elementor-col-100 elementor-top-column elementor-element elementor-element-bcd97d9\" data-id=\"bcd97d9\" data-element_type=\"column\">\n\t\t\t<div class=\"elementor-column-wrap elementor-element-populated\">\n\t\t\t\t\t\t\t<div class=\"elementor-widget-wrap\">\n\t\t\t\t\t\t<section class=\"elementor-section elementor-inner-section elementor-element elementor-element-6484c48 elementor-section-full_width elementor-section-height-min-height elementor-section-content-middle elementor-section-height-default\" data-id=\"6484c48\" data-element_type=\"section\" data-settings=\"{&quot;background_background&quot;:&quot;classic&quot;}\">\n\t\t\t\t\t\t<div class=\"elementor-container elementor-column-gap-default\">\n\t\t\t\t\t\t\t<div class=\"elementor-row\">\n\t\t\t\t\t<div class=\"elementor-column elementor-col-100 elementor-inner-column elementor-element elementor-element-db9f84a\" data-id=\"db9f84a\" data-element_type=\"column\">\n\t\t\t<div class=\"elementor-column-wrap elementor-element-populated\">\n\t\t\t\t\t\t\t<div class=\"elementor-widget-wrap\">\n\t\t\t\t\t\t<div class=\"elementor-element elementor-element-c4d7605 elementor-widget elementor-widget-text-editor\" data-id=\"c4d7605\" data-element_type=\"widget\" data-widget_type=\"text-editor.default\">\n\t\t\t\t<div class=\"elementor-widget-container\">\n\t\t\t\t\t\t\t\t<div class=\"elementor-text-editor elementor-clearfix\">\n\t\t\t\t<div class=\"wpb_column vc_column_container vc_col-sm-6\"><div class=\"vc_column-inner vc_custom_1606402220617\"><div class=\"wpb_wrapper\"><div class=\"wpb_text_column wpb_content_element \"><div class=\"wpb_wrapper\"><div><h1><strong>Kalitsal Kanser<\/strong><\/h1><\/div><\/div><\/div><\/div><\/div><\/div>\t\t\t\t\t<\/div>\n\t\t\t\t\t\t<\/div>\n\t\t\t\t<\/div>\n\t\t\t\t\t\t<\/div>\n\t\t\t\t\t<\/div>\n\t\t<\/div>\n\t\t\t\t\t\t\t\t<\/div>\n\t\t\t\t\t<\/div>\n\t\t<\/section>\n\t\t\t\t<div class=\"elementor-element elementor-element-94869bc elementor-widget elementor-widget-image\" data-id=\"94869bc\" data-element_type=\"widget\" data-widget_type=\"image.default\">\n\t\t\t\t<div class=\"elementor-widget-container\">\n\t\t\t\t\t\t\t\t<div class=\"elementor-image\">\n\t\t\t\t\t\t\t\t\t\t\t\t<img decoding=\"async\" width=\"1920\" height=\"29\" src=\"https:\/\/heredigene.gr\/wp-content\/uploads\/2020\/09\/bottom-full-line.png\" class=\"attachment-full size-full wp-image-3184\" alt=\"brca gene mutation\" loading=\"lazy\" srcset=\"https:\/\/heredigene.gr\/wp-content\/uploads\/2020\/09\/bottom-full-line.png 1920w, https:\/\/heredigene.gr\/wp-content\/uploads\/2020\/09\/bottom-full-line-300x5.png 300w, https:\/\/heredigene.gr\/wp-content\/uploads\/2020\/09\/bottom-full-line-1024x15.png 1024w, https:\/\/heredigene.gr\/wp-content\/uploads\/2020\/09\/bottom-full-line-768x12.png 768w, https:\/\/heredigene.gr\/wp-content\/uploads\/2020\/09\/bottom-full-line-1536x23.png 1536w\" sizes=\"(max-width: 1920px) 100vw, 1920px\" \/>\t\t\t\t\t\t\t\t\t\t\t\t\t\t<\/div>\n\t\t\t\t\t\t<\/div>\n\t\t\t\t<\/div>\n\t\t\t\t<section class=\"elementor-section elementor-inner-section elementor-element elementor-element-c5d6865 elementor-section-boxed elementor-section-height-default elementor-section-height-default\" data-id=\"c5d6865\" data-element_type=\"section\" id=\"howitworks\">\n\t\t\t\t\t\t<div class=\"elementor-container elementor-column-gap-wide\">\n\t\t\t\t\t\t\t<div class=\"elementor-row\">\n\t\t\t\t\t<main class=\"elementor-column elementor-col-50 elementor-inner-column elementor-element elementor-element-5945b65\" data-id=\"5945b65\" data-element_type=\"column\">\n\t\t\t<div class=\"elementor-column-wrap elementor-element-populated\">\n\t\t\t\t\t\t\t<div class=\"elementor-widget-wrap\">\n\t\t\t\t\t\t<div class=\"elementor-element elementor-element-d998f8e elementor-widget elementor-widget-heading\" data-id=\"d998f8e\" data-element_type=\"widget\" data-widget_type=\"heading.default\">\n\t\t\t\t<div class=\"elementor-widget-container\">\n\t\t\t<h2 class=\"elementor-heading-title elementor-size-default\">Bu bir aile sorunu!<\/h2>\t\t<\/div>\n\t\t\t\t<\/div>\n\t\t\t\t<div class=\"elementor-element elementor-element-2f93e3b elementor-widget-divider--view-line elementor-widget elementor-widget-divider\" data-id=\"2f93e3b\" data-element_type=\"widget\" data-widget_type=\"divider.default\">\n\t\t\t\t<div class=\"elementor-widget-container\">\n\t\t\t\t\t<div class=\"elementor-divider\">\n\t\t\t<span class=\"elementor-divider-separator\">\n\t\t\t\t\t\t<\/span>\n\t\t<\/div>\n\t\t\t\t<\/div>\n\t\t\t\t<\/div>\n\t\t\t\t<div class=\"elementor-element elementor-element-b29f0a3 elementor-widget elementor-widget-text-editor\" data-id=\"b29f0a3\" data-element_type=\"widget\" data-widget_type=\"text-editor.default\">\n\t\t\t\t<div class=\"elementor-widget-container\">\n\t\t\t\t\t\t\t\t<div class=\"elementor-text-editor elementor-clearfix\">\n\t\t\t\t<div><div><p>Baz\u0131 kanser t\u00fcrleri, ailelerde g\u00f6r\u00fclen gen de\u011fi\u015fikliklerinden g\u00fc\u00e7l\u00fc bir \u015fekilde etkilenebilir ve belirli kanser t\u00fcrlerine sahip ki\u015filerin, kanserlerinin kal\u0131tsal bir mutasyondan kaynaklan\u0131p kaynaklanmad\u0131\u011f\u0131n\u0131 \u00f6\u011frenmeleri \u00f6nemlidir \u00e7\u00fcnk\u00fc genetik \u00f6yk\u00fcye ili\u015fkin bilgilerin, tedavi se\u00e7imleri \u00fczerinde \u00f6nemli bir etkisi olabilir.<br \/>Kanserlerin \u00e7o\u011fu sporadikken (yere veya zamana ba\u011fl\u0131 de\u011filken), baz\u0131 insanlar annelerinden veya babalar\u0131ndan ald\u0131klar\u0131 bir gen mutasyonu ile do\u011farlar. Bu de\u011fi\u015fikli\u011fe u\u011fram\u0131\u015f gen, onlar\u0131 di\u011fer insanlardan \u00e7ok daha y\u00fcksek bir kanser geli\u015ftirme riski alt\u0131na sokar. Kanser, kal\u0131tsal bir gen mutasyonu nedeniyle ortaya \u00e7\u0131kt\u0131\u011f\u0131nda, kal\u0131tsal kanser olarak adland\u0131r\u0131l\u0131r ve t\u00fcm kanserlerin ~%5-10&#8217;unu olu\u015fturur.<\/p><p>Kansere yatk\u0131nl\u0131k genleri erkekler ve kad\u0131nlar taraf\u0131ndan kal\u0131tsal olarak al\u0131nabilir ve aktar\u0131labilir. Ebeveynlerden biri b\u00f6yle bir geni ta\u015f\u0131yorsa her \u00e7ocu\u011fun onu kal\u0131t\u0131m yoluyla alma ve kansere kar\u015f\u0131 daha duyarl\u0131 olma ihtimali %50&#8217;dir.<\/p><p>Kal\u0131tsal kanserler genel olarak kal\u0131tsal olmayan kanserlerden anlaml\u0131 \u00f6l\u00e7\u00fcde farkl\u0131 de\u011fildir. Kanserin aile i\u00e7inde ortaya \u00e7\u0131kma \u015fekli, kal\u0131tsal olup olmad\u0131\u011f\u0131n\u0131 g\u00f6sterir.<\/p><p>Size kanser te\u015fhisi konduysa doktorunuza genetik dan\u0131\u015fmanl\u0131k ve HerediGENE Testi i\u00e7in k\u0131lavuzlara uygun olup olmad\u0131\u011f\u0131n\u0131z\u0131 sorun.<\/p><\/div><\/div><div><div><p>While most cancers are sporadic, some people are born with a gene mutation that they have inherited from their mother or father. This altered gene puts them at a much higher risk for cancer than other people. When cancer occurs because of (or due to ) an inherited gene mutation, it is referred to as hereditary cancer and it reflects the ~5-10% of all cancers.<\/p><\/div><\/div><div><div><p>Cancer predisposition genes may be inherited and passed on by men and women. If one parent carries such a gene, each offspring has a 50 percent chance of inheriting it and be more susceptible to cancer.<\/p><\/div><\/div><div><div><p>Hereditary cancers are not significantly different from non-hereditary cancers, in general. It is the way that the cancer occurs within the family that should indicate whether it\u2019s hereditary.<\/p><\/div><\/div><div><div><p>If you have been diagnosed with cancer, ask your physician if you meet the guidelines for genetic counseling and the HerediGENE Test.<\/p><\/div><\/div>\t\t\t\t\t<\/div>\n\t\t\t\t\t\t<\/div>\n\t\t\t\t<\/div>\n\t\t\t\t\t\t<\/div>\n\t\t\t\t\t<\/div>\n\t\t<\/main>\n\t\t\t\t<div class=\"elementor-column elementor-col-50 elementor-inner-column elementor-element elementor-element-63383d9\" data-id=\"63383d9\" data-element_type=\"column\">\n\t\t\t<div class=\"elementor-column-wrap elementor-element-populated\">\n\t\t\t\t\t\t\t<div class=\"elementor-widget-wrap\">\n\t\t\t\t\t\t<div class=\"elementor-element elementor-element-d9cbd92 elementor-widget elementor-widget-image\" data-id=\"d9cbd92\" data-element_type=\"widget\" data-widget_type=\"image.default\">\n\t\t\t\t<div class=\"elementor-widget-container\">\n\t\t\t\t\t\t\t\t<div class=\"elementor-image\">\n\t\t\t\t\t\t\t\t\t\t\t\t<img decoding=\"async\" width=\"327\" height=\"306\" src=\"https:\/\/heredigene.gr\/wp-content\/uploads\/2020\/12\/heredigene-icon-20.png\" class=\"attachment-large size-large wp-image-1441\" alt=\"\" loading=\"lazy\" srcset=\"https:\/\/heredigene.gr\/wp-content\/uploads\/2020\/12\/heredigene-icon-20.png 327w, https:\/\/heredigene.gr\/wp-content\/uploads\/2020\/12\/heredigene-icon-20-300x281.png 300w\" sizes=\"(max-width: 327px) 100vw, 327px\" \/>\t\t\t\t\t\t\t\t\t\t\t\t\t\t<\/div>\n\t\t\t\t\t\t<\/div>\n\t\t\t\t<\/div>\n\t\t\t\t\t\t<\/div>\n\t\t\t\t\t<\/div>\n\t\t<\/div>\n\t\t\t\t\t\t\t\t<\/div>\n\t\t\t\t\t<\/div>\n\t\t<\/section>\n\t\t\t\t\t\t<\/div>\n\t\t\t\t\t<\/div>\n\t\t<\/div>\n\t\t\t\t\t\t\t\t<\/div>\n\t\t\t\t\t<\/div>\n\t\t<\/section>\n\t\t\t\t<section class=\"elementor-section elementor-top-section elementor-element elementor-element-0c81275 elementor-section-boxed elementor-section-height-default elementor-section-height-default\" data-id=\"0c81275\" data-element_type=\"section\" data-settings=\"{&quot;background_background&quot;:&quot;classic&quot;}\">\n\t\t\t\t\t\t<div class=\"elementor-container elementor-column-gap-wider\">\n\t\t\t\t\t\t\t<div class=\"elementor-row\">\n\t\t\t\t\t<div class=\"elementor-column elementor-col-100 elementor-top-column elementor-element elementor-element-4127683\" data-id=\"4127683\" data-element_type=\"column\" data-settings=\"{&quot;background_background&quot;:&quot;classic&quot;}\">\n\t\t\t<div class=\"elementor-column-wrap elementor-element-populated\">\n\t\t\t\t\t<div class=\"elementor-background-overlay\"><\/div>\n\t\t\t\t\t\t\t<div class=\"elementor-widget-wrap\">\n\t\t\t\t\t\t<section class=\"elementor-section elementor-inner-section elementor-element elementor-element-04171b3 elementor-section-boxed elementor-section-height-default elementor-section-height-default\" data-id=\"04171b3\" data-element_type=\"section\" data-settings=\"{&quot;background_background&quot;:&quot;classic&quot;}\">\n\t\t\t\t\t\t\t<div class=\"elementor-background-overlay\"><\/div>\n\t\t\t\t\t\t\t<div class=\"elementor-container elementor-column-gap-wider\">\n\t\t\t\t\t\t\t<div class=\"elementor-row\">\n\t\t\t\t\t<div class=\"elementor-column elementor-col-100 elementor-inner-column elementor-element elementor-element-9e088f2\" data-id=\"9e088f2\" data-element_type=\"column\">\n\t\t\t<div class=\"elementor-column-wrap elementor-element-populated\">\n\t\t\t\t\t\t\t<div class=\"elementor-widget-wrap\">\n\t\t\t\t\t\t<div class=\"elementor-element elementor-element-40a33bb elementor-widget elementor-widget-text-editor\" data-id=\"40a33bb\" data-element_type=\"widget\" data-widget_type=\"text-editor.default\">\n\t\t\t\t<div class=\"elementor-widget-container\">\n\t\t\t\t\t\t\t\t<div class=\"elementor-text-editor elementor-clearfix\">\n\t\t\t\t<div><p>En g\u00fcncel uluslararas\u0131 k\u0131lavuzlar (ASCO, ESMO, NCCN ve Amerikan Meme Cerrahlar\u0131 Derne\u011fi), meme, prostat, kolon, pankreas, over kanseri vb. riskinin artmas\u0131yla ili\u015fkili gen varyantlar\u0131n\u0131n daha iyi kapsanmas\u0131 i\u00e7in yaln\u0131zca BRCA1\/2 yerine \u00e7oklu gen panellerinin kullan\u0131lmas\u0131n\u0131 \u015fiddetle tavsiye etmektedir.<\/p><\/div>\t\t\t\t\t<\/div>\n\t\t\t\t\t\t<\/div>\n\t\t\t\t<\/div>\n\t\t\t\t\t\t<\/div>\n\t\t\t\t\t<\/div>\n\t\t<\/div>\n\t\t\t\t\t\t\t\t<\/div>\n\t\t\t\t\t<\/div>\n\t\t<\/section>\n\t\t\t\t\t\t<\/div>\n\t\t\t\t\t<\/div>\n\t\t<\/div>\n\t\t\t\t\t\t\t\t<\/div>\n\t\t\t\t\t<\/div>\n\t\t<\/section>\n\t\t\t\t\t\t\t\t\t<\/div>\n\t\t\t<\/div>\n\t\t\t\t\t<\/div>\n\t\t","protected":false},"excerpt":{"rendered":"<p>Kalitsal Kanser Bu bir aile sorunu! Baz\u0131 kanser t\u00fcrleri, ailelerde g\u00f6r\u00fclen gen de\u011fi\u015fikliklerinden g\u00fc\u00e7l\u00fc bir \u015fekilde etkilenebilir ve belirli kanser t\u00fcrlerine sahip ki\u015filerin, kanserlerinin kal\u0131tsal bir mutasyondan kaynaklan\u0131p kaynaklanmad\u0131\u011f\u0131n\u0131 \u00f6\u011frenmeleri \u00f6nemlidir \u00e7\u00fcnk\u00fc genetik \u00f6yk\u00fcye ili\u015fkin bilgilerin, tedavi se\u00e7imleri \u00fczerinde \u00f6nemli bir etkisi olabilir. Kanserlerin \u00e7o\u011fu sporadikken (yere veya zamana ba\u011fl\u0131 de\u011filken), baz\u0131 insanlar annelerinden veya [&hellip;]<\/p>\n","protected":false},"author":1,"featured_media":0,"parent":0,"menu_order":0,"comment_status":"closed","ping_status":"closed","template":"elementor_header_footer","meta":[],"yoast_head":"<!-- This site is optimized with the Yoast SEO Premium plugin v20.1 (Yoast SEO v20.1) - https:\/\/yoast.com\/wordpress\/plugins\/seo\/ -->\n<title>HerediGENE \u2013 Kal\u0131t\u0131msal Kanser- T\u00fcm kanser hastalar\u0131n\u0131n %5-10\u2019u<\/title>\n<meta name=\"description\" content=\"Kal\u0131t\u0131msal Kanser, kal\u0131t\u0131msal bir gen mutasyonu nedeniyle bir kanserin ortaya \u00e7\u0131kmas\u0131d\u0131r. Bu kanser t\u00fcr\u00fc, t\u00fcm kanser hastalar\u0131n\u0131n% 5-10&#039;unu temsil eder.\" \/>\n<meta name=\"robots\" content=\"index, follow, max-snippet:-1, max-image-preview:large, max-video-preview:-1\" \/>\n<link rel=\"canonical\" href=\"https:\/\/heredigene.gr\/tr\/hereditary-cancer\/\" \/>\n<meta property=\"og:locale\" content=\"tr_TR\" \/>\n<meta property=\"og:type\" content=\"article\" \/>\n<meta property=\"og:title\" content=\"Kal\u0131tsal Kanser\" \/>\n<meta property=\"og:description\" content=\"Kal\u0131t\u0131msal Kanser, kal\u0131t\u0131msal bir gen mutasyonu nedeniyle bir kanserin ortaya \u00e7\u0131kmas\u0131d\u0131r. Bu kanser t\u00fcr\u00fc, t\u00fcm kanser hastalar\u0131n\u0131n% 5-10&#039;unu temsil eder.\" \/>\n<meta property=\"og:url\" content=\"https:\/\/heredigene.gr\/tr\/hereditary-cancer\/\" \/>\n<meta property=\"og:site_name\" content=\"Heredigene\" \/>\n<meta property=\"article:publisher\" content=\"https:\/\/www.facebook.com\/genekorbiotechnology\/\" \/>\n<meta property=\"article:modified_time\" content=\"2022-05-25T13:26:31+00:00\" \/>\n<meta property=\"og:image\" content=\"https:\/\/www.heredigene.gr\/wp-content\/uploads\/2020\/09\/bottom-full-line.png\" \/>\n<meta name=\"twitter:card\" content=\"summary_large_image\" \/>\n<meta name=\"twitter:label1\" content=\"Tahmini okuma s\u00fcresi\" \/>\n\t<meta name=\"twitter:data1\" content=\"2 dakika\" \/>\n<script type=\"application\/ld+json\" class=\"yoast-schema-graph\">{\"@context\":\"https:\/\/schema.org\",\"@graph\":[{\"@type\":\"WebPage\",\"@id\":\"https:\/\/heredigene.gr\/tr\/hereditary-cancer\/\",\"url\":\"https:\/\/heredigene.gr\/tr\/hereditary-cancer\/\",\"name\":\"HerediGENE \u2013 Kal\u0131t\u0131msal Kanser- T\u00fcm kanser hastalar\u0131n\u0131n %5-10\u2019u\",\"isPartOf\":{\"@id\":\"https:\/\/heredigene.gr\/tr\/#website\"},\"datePublished\":\"2021-01-21T08:11:45+00:00\",\"dateModified\":\"2022-05-25T13:26:31+00:00\",\"description\":\"Kal\u0131t\u0131msal Kanser, kal\u0131t\u0131msal bir gen mutasyonu nedeniyle bir kanserin ortaya \u00e7\u0131kmas\u0131d\u0131r. Bu kanser t\u00fcr\u00fc, t\u00fcm kanser hastalar\u0131n\u0131n% 5-10'unu temsil eder.\",\"breadcrumb\":{\"@id\":\"https:\/\/heredigene.gr\/tr\/hereditary-cancer\/#breadcrumb\"},\"inLanguage\":\"tr\",\"potentialAction\":[{\"@type\":\"ReadAction\",\"target\":[\"https:\/\/heredigene.gr\/tr\/hereditary-cancer\/\"]}]},{\"@type\":\"BreadcrumbList\",\"@id\":\"https:\/\/heredigene.gr\/tr\/hereditary-cancer\/#breadcrumb\",\"itemListElement\":[{\"@type\":\"ListItem\",\"position\":1,\"name\":\"Home\",\"item\":\"https:\/\/heredigene.gr\/tr\/\"},{\"@type\":\"ListItem\",\"position\":2,\"name\":\"Kal\u0131tsal Kanser\"}]},{\"@type\":\"WebSite\",\"@id\":\"https:\/\/heredigene.gr\/tr\/#website\",\"url\":\"https:\/\/heredigene.gr\/tr\/\",\"name\":\"Heredigene\",\"description\":\"Heredigene by GENEKOR\",\"publisher\":{\"@id\":\"https:\/\/heredigene.gr\/tr\/#organization\"},\"potentialAction\":[{\"@type\":\"SearchAction\",\"target\":{\"@type\":\"EntryPoint\",\"urlTemplate\":\"https:\/\/heredigene.gr\/tr\/?s={search_term_string}\"},\"query-input\":\"required name=search_term_string\"}],\"inLanguage\":\"tr\"},{\"@type\":\"Organization\",\"@id\":\"https:\/\/heredigene.gr\/tr\/#organization\",\"name\":\"GENEKOR MEDICAL SA\",\"url\":\"https:\/\/heredigene.gr\/tr\/\",\"logo\":{\"@type\":\"ImageObject\",\"inLanguage\":\"tr\",\"@id\":\"https:\/\/heredigene.gr\/tr\/#\/schema\/logo\/image\/\",\"url\":\"https:\/\/www.heredigene.gr\/wp-content\/uploads\/2020\/09\/logo-genekor.png\",\"contentUrl\":\"https:\/\/www.heredigene.gr\/wp-content\/uploads\/2020\/09\/logo-genekor.png\",\"width\":150,\"height\":150,\"caption\":\"GENEKOR MEDICAL SA\"},\"image\":{\"@id\":\"https:\/\/heredigene.gr\/tr\/#\/schema\/logo\/image\/\"},\"sameAs\":[\"https:\/\/www.facebook.com\/genekorbiotechnology\/\",\"https:\/\/www.instagram.com\/genekor_greece\/\",\"https:\/\/www.linkedin.com\/company\/genekor-sa\/posts\/?feedView=all\",\"https:\/\/www.youtube.com\/channel\/UCKC7sMFecVBY-OZAlRBHNzA\"]}]}<\/script>\n<!-- \/ Yoast SEO Premium plugin. -->","yoast_head_json":{"title":"HerediGENE \u2013 Kal\u0131t\u0131msal Kanser- T\u00fcm kanser hastalar\u0131n\u0131n %5-10\u2019u","description":"Kal\u0131t\u0131msal Kanser, kal\u0131t\u0131msal bir gen mutasyonu nedeniyle bir kanserin ortaya \u00e7\u0131kmas\u0131d\u0131r. Bu kanser t\u00fcr\u00fc, t\u00fcm kanser hastalar\u0131n\u0131n% 5-10'unu temsil eder.","robots":{"index":"index","follow":"follow","max-snippet":"max-snippet:-1","max-image-preview":"max-image-preview:large","max-video-preview":"max-video-preview:-1"},"canonical":"https:\/\/heredigene.gr\/tr\/hereditary-cancer\/","og_locale":"tr_TR","og_type":"article","og_title":"Kal\u0131tsal Kanser","og_description":"Kal\u0131t\u0131msal Kanser, kal\u0131t\u0131msal bir gen mutasyonu nedeniyle bir kanserin ortaya \u00e7\u0131kmas\u0131d\u0131r. Bu kanser t\u00fcr\u00fc, t\u00fcm kanser hastalar\u0131n\u0131n% 5-10'unu temsil eder.","og_url":"https:\/\/heredigene.gr\/tr\/hereditary-cancer\/","og_site_name":"Heredigene","article_publisher":"https:\/\/www.facebook.com\/genekorbiotechnology\/","article_modified_time":"2022-05-25T13:26:31+00:00","og_image":[{"url":"https:\/\/www.heredigene.gr\/wp-content\/uploads\/2020\/09\/bottom-full-line.png"}],"twitter_card":"summary_large_image","twitter_misc":{"Tahmini okuma s\u00fcresi":"2 dakika"},"schema":{"@context":"https:\/\/schema.org","@graph":[{"@type":"WebPage","@id":"https:\/\/heredigene.gr\/tr\/hereditary-cancer\/","url":"https:\/\/heredigene.gr\/tr\/hereditary-cancer\/","name":"HerediGENE \u2013 Kal\u0131t\u0131msal Kanser- T\u00fcm kanser hastalar\u0131n\u0131n %5-10\u2019u","isPartOf":{"@id":"https:\/\/heredigene.gr\/tr\/#website"},"datePublished":"2021-01-21T08:11:45+00:00","dateModified":"2022-05-25T13:26:31+00:00","description":"Kal\u0131t\u0131msal Kanser, kal\u0131t\u0131msal bir gen mutasyonu nedeniyle bir kanserin ortaya \u00e7\u0131kmas\u0131d\u0131r. Bu kanser t\u00fcr\u00fc, t\u00fcm kanser hastalar\u0131n\u0131n% 5-10'unu temsil eder.","breadcrumb":{"@id":"https:\/\/heredigene.gr\/tr\/hereditary-cancer\/#breadcrumb"},"inLanguage":"tr","potentialAction":[{"@type":"ReadAction","target":["https:\/\/heredigene.gr\/tr\/hereditary-cancer\/"]}]},{"@type":"BreadcrumbList","@id":"https:\/\/heredigene.gr\/tr\/hereditary-cancer\/#breadcrumb","itemListElement":[{"@type":"ListItem","position":1,"name":"Home","item":"https:\/\/heredigene.gr\/tr\/"},{"@type":"ListItem","position":2,"name":"Kal\u0131tsal Kanser"}]},{"@type":"WebSite","@id":"https:\/\/heredigene.gr\/tr\/#website","url":"https:\/\/heredigene.gr\/tr\/","name":"Heredigene","description":"Heredigene by GENEKOR","publisher":{"@id":"https:\/\/heredigene.gr\/tr\/#organization"},"potentialAction":[{"@type":"SearchAction","target":{"@type":"EntryPoint","urlTemplate":"https:\/\/heredigene.gr\/tr\/?s={search_term_string}"},"query-input":"required name=search_term_string"}],"inLanguage":"tr"},{"@type":"Organization","@id":"https:\/\/heredigene.gr\/tr\/#organization","name":"GENEKOR MEDICAL SA","url":"https:\/\/heredigene.gr\/tr\/","logo":{"@type":"ImageObject","inLanguage":"tr","@id":"https:\/\/heredigene.gr\/tr\/#\/schema\/logo\/image\/","url":"https:\/\/www.heredigene.gr\/wp-content\/uploads\/2020\/09\/logo-genekor.png","contentUrl":"https:\/\/www.heredigene.gr\/wp-content\/uploads\/2020\/09\/logo-genekor.png","width":150,"height":150,"caption":"GENEKOR MEDICAL SA"},"image":{"@id":"https:\/\/heredigene.gr\/tr\/#\/schema\/logo\/image\/"},"sameAs":["https:\/\/www.facebook.com\/genekorbiotechnology\/","https:\/\/www.instagram.com\/genekor_greece\/","https:\/\/www.linkedin.com\/company\/genekor-sa\/posts\/?feedView=all","https:\/\/www.youtube.com\/channel\/UCKC7sMFecVBY-OZAlRBHNzA"]}]}},"_links":{"self":[{"href":"https:\/\/heredigene.gr\/tr\/wp-json\/wp\/v2\/pages\/2598"}],"collection":[{"href":"https:\/\/heredigene.gr\/tr\/wp-json\/wp\/v2\/pages"}],"about":[{"href":"https:\/\/heredigene.gr\/tr\/wp-json\/wp\/v2\/types\/page"}],"author":[{"embeddable":true,"href":"https:\/\/heredigene.gr\/tr\/wp-json\/wp\/v2\/users\/1"}],"replies":[{"embeddable":true,"href":"https:\/\/heredigene.gr\/tr\/wp-json\/wp\/v2\/comments?post=2598"}],"version-history":[{"count":9,"href":"https:\/\/heredigene.gr\/tr\/wp-json\/wp\/v2\/pages\/2598\/revisions"}],"predecessor-version":[{"id":4110,"href":"https:\/\/heredigene.gr\/tr\/wp-json\/wp\/v2\/pages\/2598\/revisions\/4110"}],"wp:attachment":[{"href":"https:\/\/heredigene.gr\/tr\/wp-json\/wp\/v2\/media?parent=2598"}],"curies":[{"name":"wp","href":"https:\/\/api.w.org\/{rel}","templated":true}]}}