{"id":2483,"date":"2021-01-18T12:03:59","date_gmt":"2021-01-18T12:03:59","guid":{"rendered":"http:\/\/lefteris.aboutdev.gr\/heredigene\/?page_id=2483"},"modified":"2026-01-19T12:51:43","modified_gmt":"2026-01-19T12:51:43","slug":"heredigene-brca1-brca2-test","status":"publish","type":"page","link":"https:\/\/heredigene.gr\/tr\/","title":{"rendered":"ANA SAYFA"},"content":{"rendered":"\t\t<div data-elementor-type=\"wp-page\" data-elementor-id=\"2483\" class=\"elementor elementor-2483\">\n\t\t\t\t\t\t<div class=\"elementor-inner\">\n\t\t\t\t<div class=\"elementor-section-wrap\">\n\t\t\t\t\t\t\t\t\t<section class=\"elementor-section elementor-top-section elementor-element elementor-element-adb03ec elementor-section-full_width elementor-section-height-min-height elementor-section-items-top elementor-section-height-default\" data-id=\"adb03ec\" data-element_type=\"section\" data-settings=\"{&quot;background_background&quot;:&quot;classic&quot;}\">\n\t\t\t\t\t\t<div class=\"elementor-container elementor-column-gap-no\">\n\t\t\t\t\t\t\t<div class=\"elementor-row\">\n\t\t\t\t\t<div class=\"elementor-column elementor-col-100 elementor-top-column elementor-element elementor-element-bcd97d9\" data-id=\"bcd97d9\" data-element_type=\"column\">\n\t\t\t<div class=\"elementor-column-wrap elementor-element-populated\">\n\t\t\t\t\t\t\t<div class=\"elementor-widget-wrap\">\n\t\t\t\t\t\t<section class=\"elementor-section elementor-inner-section elementor-element elementor-element-6484c48 elementor-section-full_width elementor-section-height-min-height elementor-section-content-middle elementor-section-height-default\" data-id=\"6484c48\" data-element_type=\"section\" data-settings=\"{&quot;background_background&quot;:&quot;classic&quot;}\">\n\t\t\t\t\t\t<div class=\"elementor-container elementor-column-gap-default\">\n\t\t\t\t\t\t\t<div class=\"elementor-row\">\n\t\t\t\t\t<div class=\"elementor-column elementor-col-100 elementor-inner-column elementor-element elementor-element-db9f84a\" data-id=\"db9f84a\" data-element_type=\"column\">\n\t\t\t<div class=\"elementor-column-wrap elementor-element-populated\">\n\t\t\t\t\t\t\t<div class=\"elementor-widget-wrap\">\n\t\t\t\t\t\t<div class=\"elementor-element elementor-element-c4d7605 elementor-widget elementor-widget-text-editor\" data-id=\"c4d7605\" data-element_type=\"widget\" data-widget_type=\"text-editor.default\">\n\t\t\t\t<div class=\"elementor-widget-container\">\n\t\t\t\t\t\t\t\t<div class=\"elementor-text-editor elementor-clearfix\">\n\t\t\t\tHerediGENE<sup>\u00ae<\/sup>.\n<p style=\"font-size: 30px;\">Genleriniz Konu\u015fur,\nBiz Terc\u00fcme Ederiz.<\/p>\t\t\t\t\t<\/div>\n\t\t\t\t\t\t<\/div>\n\t\t\t\t<\/div>\n\t\t\t\t<div class=\"elementor-element elementor-element-747db14 elementor-widget elementor-widget-button\" data-id=\"747db14\" data-element_type=\"widget\" data-widget_type=\"button.default\">\n\t\t\t\t<div class=\"elementor-widget-container\">\n\t\t\t\t\t<div class=\"elementor-button-wrapper\">\n\t\t\t<a href=\"https:\/\/www.heredigene.gr\/tr\/hereditary-cancer-testing\/\" class=\"elementor-button-link elementor-button elementor-size-sm\" role=\"button\">\n\t\t\t\t\t\t<span class=\"elementor-button-content-wrapper\">\n\t\t\t\t\t\t<span class=\"elementor-button-text\"><span style=\"font-size: 21.3333px;\">Daha Fazlas\u0131n\u0131 \u00d6\u011frenin<\/span><\/span>\n\t\t<\/span>\n\t\t\t\t\t<\/a>\n\t\t<\/div>\n\t\t\t\t<\/div>\n\t\t\t\t<\/div>\n\t\t\t\t\t\t<\/div>\n\t\t\t\t\t<\/div>\n\t\t<\/div>\n\t\t\t\t\t\t\t\t<\/div>\n\t\t\t\t\t<\/div>\n\t\t<\/section>\n\t\t\t\t<div class=\"elementor-element elementor-element-94869bc elementor-widget elementor-widget-image\" data-id=\"94869bc\" data-element_type=\"widget\" data-widget_type=\"image.default\">\n\t\t\t\t<div class=\"elementor-widget-container\">\n\t\t\t\t\t\t\t\t<div class=\"elementor-image\">\n\t\t\t\t\t\t\t\t\t\t\t\t<img decoding=\"async\" width=\"1920\" height=\"29\" src=\"https:\/\/heredigene.gr\/wp-content\/uploads\/2020\/09\/bottom-full-line.png\" class=\"attachment-full size-full wp-image-3184\" alt=\"brca gene mutation\" loading=\"lazy\" srcset=\"https:\/\/heredigene.gr\/wp-content\/uploads\/2020\/09\/bottom-full-line.png 1920w, https:\/\/heredigene.gr\/wp-content\/uploads\/2020\/09\/bottom-full-line-300x5.png 300w, https:\/\/heredigene.gr\/wp-content\/uploads\/2020\/09\/bottom-full-line-1024x15.png 1024w, https:\/\/heredigene.gr\/wp-content\/uploads\/2020\/09\/bottom-full-line-768x12.png 768w, https:\/\/heredigene.gr\/wp-content\/uploads\/2020\/09\/bottom-full-line-1536x23.png 1536w\" sizes=\"(max-width: 1920px) 100vw, 1920px\" \/>\t\t\t\t\t\t\t\t\t\t\t\t\t\t<\/div>\n\t\t\t\t\t\t<\/div>\n\t\t\t\t<\/div>\n\t\t\t\t<section class=\"elementor-section elementor-inner-section elementor-element elementor-element-d8f361f elementor-section-full_width elementor-section-height-default elementor-section-height-default\" data-id=\"d8f361f\" data-element_type=\"section\">\n\t\t\t\t\t\t<div class=\"elementor-container elementor-column-gap-wide\">\n\t\t\t\t\t\t\t<div class=\"elementor-row\">\n\t\t\t\t\t<div class=\"elementor-column elementor-col-33 elementor-inner-column elementor-element elementor-element-0718e22\" data-id=\"0718e22\" data-element_type=\"column\">\n\t\t\t<div class=\"elementor-column-wrap elementor-element-populated\">\n\t\t\t\t\t\t\t<div class=\"elementor-widget-wrap\">\n\t\t\t\t\t\t<div class=\"elementor-element elementor-element-20f2567 elementor-widget elementor-widget-image\" data-id=\"20f2567\" data-element_type=\"widget\" data-widget_type=\"image.default\">\n\t\t\t\t<div class=\"elementor-widget-container\">\n\t\t\t\t\t\t\t\t<div class=\"elementor-image\">\n\t\t\t\t\t\t\t\t\t\t\t\t<img decoding=\"async\" width=\"596\" height=\"596\" src=\"https:\/\/heredigene.gr\/wp-content\/uploads\/2020\/09\/left-body.png\" class=\"attachment-large size-large wp-image-3651\" alt=\"brca gene mutations\" loading=\"lazy\" srcset=\"https:\/\/heredigene.gr\/wp-content\/uploads\/2020\/09\/left-body.png 596w, https:\/\/heredigene.gr\/wp-content\/uploads\/2020\/09\/left-body-300x300.png 300w, https:\/\/heredigene.gr\/wp-content\/uploads\/2020\/09\/left-body-150x150.png 150w\" sizes=\"(max-width: 596px) 100vw, 596px\" \/>\t\t\t\t\t\t\t\t\t\t\t\t\t\t<\/div>\n\t\t\t\t\t\t<\/div>\n\t\t\t\t<\/div>\n\t\t\t\t\t\t<\/div>\n\t\t\t\t\t<\/div>\n\t\t<\/div>\n\t\t\t\t<main class=\"elementor-column elementor-col-33 elementor-inner-column elementor-element elementor-element-36462d4\" data-id=\"36462d4\" data-element_type=\"column\">\n\t\t\t<div class=\"elementor-column-wrap elementor-element-populated\">\n\t\t\t\t\t\t\t<div class=\"elementor-widget-wrap\">\n\t\t\t\t\t\t<div class=\"elementor-element elementor-element-fb0bb2a elementor-widget elementor-widget-heading\" data-id=\"fb0bb2a\" data-element_type=\"widget\" data-widget_type=\"heading.default\">\n\t\t\t\t<div class=\"elementor-widget-container\">\n\t\t\t<h1 class=\"elementor-heading-title elementor-size-default\">Genleriniz Konu\u015fur,<br>\nBiz Terc\u00fcme Ederiz.\n<\/h1>\t\t<\/div>\n\t\t\t\t<\/div>\n\t\t\t\t<div class=\"elementor-element elementor-element-b9190cc elementor-widget-divider--view-line elementor-widget elementor-widget-divider\" data-id=\"b9190cc\" data-element_type=\"widget\" data-widget_type=\"divider.default\">\n\t\t\t\t<div class=\"elementor-widget-container\">\n\t\t\t\t\t<div class=\"elementor-divider\">\n\t\t\t<span class=\"elementor-divider-separator\">\n\t\t\t\t\t\t<\/span>\n\t\t<\/div>\n\t\t\t\t<\/div>\n\t\t\t\t<\/div>\n\t\t\t\t<div class=\"elementor-element elementor-element-5777700 elementor-widget elementor-widget-text-editor\" data-id=\"5777700\" data-element_type=\"widget\" data-widget_type=\"text-editor.default\">\n\t\t\t\t<div class=\"elementor-widget-container\">\n\t\t\t\t\t\t\t\t<div class=\"elementor-text-editor elementor-clearfix\">\n\t\t\t\t<div><p>HerediGENE<sup>\u00ae<\/sup> meme, over, kolon ve di\u011fer kal\u0131tsal kanser sendromlar\u0131 geli\u015ftirme riskinin artmas\u0131yla ili\u015fkili olan BRCA1 ve BRCA2 genleri de dahil olmak \u00fczere 52 gen panelinin analizinden olu\u015fan bir testtir.<\/p><\/div><p><img decoding=\"async\" loading=\"lazy\" class=\"alignnone size-full wp-image-1437\" src=\"https:\/\/www.heredigene.gr\/wp-content\/uploads\/2020\/12\/heredigene-icon.png\" alt=\"\" width=\"25\" height=\"25\" \/>Risk azaltma y\u00f6netiminden yararlanabilecek, kansere yakalanma riski ta\u015f\u0131yan aile \u00fcyelerini belirler.<\/p><p><img decoding=\"async\" loading=\"lazy\" class=\"alignnone size-full wp-image-1437\" src=\"https:\/\/www.heredigene.gr\/wp-content\/uploads\/2020\/12\/heredigene-icon.png\" alt=\"\" width=\"25\" height=\"25\" \/>\u00c7ocuklar\u0131n\u0131za ge\u00e7erek kanser riskini art\u0131rabilecek gen mutasyonlar\u0131n\u0131 tespit eder.<\/p><p><img decoding=\"async\" loading=\"lazy\" class=\"alignnone size-full wp-image-1437\" src=\"https:\/\/www.heredigene.gr\/wp-content\/uploads\/2020\/12\/heredigene-icon.png\" alt=\"\" width=\"25\" height=\"25\" \/>Ailede saptanan patojenik mutasyonu ta\u015f\u0131mayan aile bireylerini tespit ederek, onlar\u0131 kal\u0131tsal kanser geli\u015ftirme stresinden veya gereksiz giri\u015fim ihtiyac\u0131ndan kurtar\u0131r.<\/p>\t\t\t\t\t<\/div>\n\t\t\t\t\t\t<\/div>\n\t\t\t\t<\/div>\n\t\t\t\t<div class=\"elementor-element elementor-element-ed0a04c elementor-widget elementor-widget-button\" data-id=\"ed0a04c\" data-element_type=\"widget\" data-widget_type=\"button.default\">\n\t\t\t\t<div class=\"elementor-widget-container\">\n\t\t\t\t\t<div class=\"elementor-button-wrapper\">\n\t\t\t<a href=\"https:\/\/www.heredigene.gr\/tr\/the-heredigene-report\/\" class=\"elementor-button-link elementor-button elementor-size-sm\" role=\"button\">\n\t\t\t\t\t\t<span class=\"elementor-button-content-wrapper\">\n\t\t\t\t\t\t<span class=\"elementor-button-text\"><span style=\"font-size: 21.3333px;\">Daha Fazlas\u0131n\u0131 \u00d6\u011frenin<\/span><\/span>\n\t\t<\/span>\n\t\t\t\t\t<\/a>\n\t\t<\/div>\n\t\t\t\t<\/div>\n\t\t\t\t<\/div>\n\t\t\t\t\t\t<\/div>\n\t\t\t\t\t<\/div>\n\t\t<\/main>\n\t\t\t\t<div class=\"elementor-column elementor-col-33 elementor-inner-column elementor-element elementor-element-8d26583\" data-id=\"8d26583\" data-element_type=\"column\">\n\t\t\t<div class=\"elementor-column-wrap elementor-element-populated\">\n\t\t\t\t\t\t\t<div class=\"elementor-widget-wrap\">\n\t\t\t\t\t\t<div class=\"elementor-element elementor-element-02d930a elementor-widget elementor-widget-image\" data-id=\"02d930a\" data-element_type=\"widget\" data-widget_type=\"image.default\">\n\t\t\t\t<div class=\"elementor-widget-container\">\n\t\t\t\t\t\t\t\t<div class=\"elementor-image\">\n\t\t\t\t\t\t\t\t\t\t\t\t<img decoding=\"async\" width=\"314\" height=\"508\" src=\"https:\/\/heredigene.gr\/wp-content\/uploads\/2020\/11\/Vector.png\" class=\"attachment-large size-large wp-image-3657\" alt=\"brca gene mutation\" loading=\"lazy\" srcset=\"https:\/\/heredigene.gr\/wp-content\/uploads\/2020\/11\/Vector.png 314w, https:\/\/heredigene.gr\/wp-content\/uploads\/2020\/11\/Vector-185x300.png 185w\" sizes=\"(max-width: 314px) 100vw, 314px\" \/>\t\t\t\t\t\t\t\t\t\t\t\t\t\t<\/div>\n\t\t\t\t\t\t<\/div>\n\t\t\t\t<\/div>\n\t\t\t\t\t\t<\/div>\n\t\t\t\t\t<\/div>\n\t\t<\/div>\n\t\t\t\t\t\t\t\t<\/div>\n\t\t\t\t\t<\/div>\n\t\t<\/section>\n\t\t\t\t\t\t<\/div>\n\t\t\t\t\t<\/div>\n\t\t<\/div>\n\t\t\t\t\t\t\t\t<\/div>\n\t\t\t\t\t<\/div>\n\t\t<\/section>\n\t\t\t\t<section class=\"elementor-section elementor-top-section elementor-element elementor-element-e3f2d29 elementor-section-boxed elementor-section-height-default elementor-section-height-default\" data-id=\"e3f2d29\" data-element_type=\"section\" data-settings=\"{&quot;background_background&quot;:&quot;classic&quot;}\">\n\t\t\t\t\t\t<div class=\"elementor-container elementor-column-gap-default\">\n\t\t\t\t\t\t\t<div class=\"elementor-row\">\n\t\t\t\t\t<div class=\"elementor-column elementor-col-100 elementor-top-column elementor-element elementor-element-5d5a74c\" data-id=\"5d5a74c\" data-element_type=\"column\">\n\t\t\t<div class=\"elementor-column-wrap elementor-element-populated\">\n\t\t\t\t\t\t\t<div class=\"elementor-widget-wrap\">\n\t\t\t\t\t\t<main class=\"elementor-section elementor-inner-section elementor-element elementor-element-4a51f13 elementor-section-boxed elementor-section-height-default elementor-section-height-default\" data-id=\"4a51f13\" data-element_type=\"section\" data-settings=\"{&quot;background_background&quot;:&quot;classic&quot;}\">\n\t\t\t\t\t\t<div class=\"elementor-container elementor-column-gap-default\">\n\t\t\t\t\t\t\t<div class=\"elementor-row\">\n\t\t\t\t\t<main class=\"elementor-column elementor-col-50 elementor-inner-column elementor-element elementor-element-2e984e2\" data-id=\"2e984e2\" data-element_type=\"column\">\n\t\t\t<div class=\"elementor-column-wrap elementor-element-populated\">\n\t\t\t\t\t\t\t<div class=\"elementor-widget-wrap\">\n\t\t\t\t\t\t<div class=\"elementor-element elementor-element-42fd955 elementor-widget elementor-widget-text-editor\" data-id=\"42fd955\" data-element_type=\"widget\" data-widget_type=\"text-editor.default\">\n\t\t\t\t<div class=\"elementor-widget-container\">\n\t\t\t\t\t\t\t\t<div class=\"elementor-text-editor elementor-clearfix\">\n\t\t\t\t<div><p>\u00c7oklu Gen Testi \u0130\u00e7in Uluslararas\u0131 K\u0131lavuzlar<\/p><\/div>\t\t\t\t\t<\/div>\n\t\t\t\t\t\t<\/div>\n\t\t\t\t<\/div>\n\t\t\t\t\t\t<\/div>\n\t\t\t\t\t<\/div>\n\t\t<\/main>\n\t\t\t\t<div class=\"elementor-column elementor-col-50 elementor-inner-column elementor-element elementor-element-188ed66\" data-id=\"188ed66\" data-element_type=\"column\">\n\t\t\t<div class=\"elementor-column-wrap elementor-element-populated\">\n\t\t\t\t\t\t\t<div class=\"elementor-widget-wrap\">\n\t\t\t\t\t\t<div class=\"elementor-element elementor-element-265b233 elementor-widget elementor-widget-image\" data-id=\"265b233\" data-element_type=\"widget\" data-widget_type=\"image.default\">\n\t\t\t\t<div class=\"elementor-widget-container\">\n\t\t\t\t\t\t\t\t<div class=\"elementor-image\">\n\t\t\t\t\t\t\t\t\t\t\t\t<img decoding=\"async\" width=\"450\" height=\"346\" src=\"https:\/\/heredigene.gr\/wp-content\/uploads\/2022\/10\/guidelines-gr-copy.jpg\" class=\"attachment-large size-large wp-image-4835\" alt=\"\" loading=\"lazy\" srcset=\"https:\/\/heredigene.gr\/wp-content\/uploads\/2022\/10\/guidelines-gr-copy.jpg 450w, https:\/\/heredigene.gr\/wp-content\/uploads\/2022\/10\/guidelines-gr-copy-300x231.jpg 300w\" sizes=\"(max-width: 450px) 100vw, 450px\" \/>\t\t\t\t\t\t\t\t\t\t\t\t\t\t<\/div>\n\t\t\t\t\t\t<\/div>\n\t\t\t\t<\/div>\n\t\t\t\t\t\t<\/div>\n\t\t\t\t\t<\/div>\n\t\t<\/div>\n\t\t\t\t\t\t\t\t<\/div>\n\t\t\t\t\t<\/div>\n\t\t<\/main>\n\t\t\t\t\t\t<\/div>\n\t\t\t\t\t<\/div>\n\t\t<\/div>\n\t\t\t\t\t\t\t\t<\/div>\n\t\t\t\t\t<\/div>\n\t\t<\/section>\n\t\t\t\t<section class=\"elementor-section elementor-top-section elementor-element elementor-element-7cd774c elementor-section-boxed elementor-section-height-default elementor-section-height-default\" data-id=\"7cd774c\" data-element_type=\"section\" data-settings=\"{&quot;background_background&quot;:&quot;classic&quot;}\">\n\t\t\t\t\t\t<div class=\"elementor-container elementor-column-gap-wider\">\n\t\t\t\t\t\t\t<div class=\"elementor-row\">\n\t\t\t\t\t<div class=\"elementor-column elementor-col-100 elementor-top-column elementor-element elementor-element-a1532c9\" data-id=\"a1532c9\" data-element_type=\"column\" data-settings=\"{&quot;background_background&quot;:&quot;classic&quot;}\">\n\t\t\t<div class=\"elementor-column-wrap elementor-element-populated\">\n\t\t\t\t\t<div class=\"elementor-background-overlay\"><\/div>\n\t\t\t\t\t\t\t<div class=\"elementor-widget-wrap\">\n\t\t\t\t\t\t<section class=\"elementor-section elementor-inner-section elementor-element elementor-element-941db0d elementor-section-boxed elementor-section-height-default elementor-section-height-default\" data-id=\"941db0d\" data-element_type=\"section\" data-settings=\"{&quot;background_background&quot;:&quot;classic&quot;}\">\n\t\t\t\t\t\t\t<div class=\"elementor-background-overlay\"><\/div>\n\t\t\t\t\t\t\t<div class=\"elementor-container elementor-column-gap-wider\">\n\t\t\t\t\t\t\t<div class=\"elementor-row\">\n\t\t\t\t\t<div class=\"elementor-column elementor-col-100 elementor-inner-column elementor-element elementor-element-e2fbbbd\" data-id=\"e2fbbbd\" data-element_type=\"column\">\n\t\t\t<div class=\"elementor-column-wrap elementor-element-populated\">\n\t\t\t\t\t\t\t<div class=\"elementor-widget-wrap\">\n\t\t\t\t\t\t<div class=\"elementor-element elementor-element-c3d26b2 elementor-widget elementor-widget-text-editor\" data-id=\"c3d26b2\" data-element_type=\"widget\" data-widget_type=\"text-editor.default\">\n\t\t\t\t<div class=\"elementor-widget-container\">\n\t\t\t\t\t\t\t\t<div class=\"elementor-text-editor elementor-clearfix\">\n\t\t\t\t<div><p>En g\u00fcncel uluslararas\u0131 k\u0131lavuzlar (ASCO, ESMO, NCCN ve Amerikan Meme Cerrahlar\u0131 Derne\u011fi), meme, prostat, kolon, pankreas, over kanseri vb. riskinin artmas\u0131yla ili\u015fkili gen varyantlar\u0131n\u0131n daha iyi kapsanmas\u0131 i\u00e7in yaln\u0131zca BRCA1\/2 yerine \u00e7oklu gen panellerinin kullan\u0131lmas\u0131n\u0131 \u015fiddetle tavsiye etmektedir.<\/p><\/div>\t\t\t\t\t<\/div>\n\t\t\t\t\t\t<\/div>\n\t\t\t\t<\/div>\n\t\t\t\t\t\t<\/div>\n\t\t\t\t\t<\/div>\n\t\t<\/div>\n\t\t\t\t\t\t\t\t<\/div>\n\t\t\t\t\t<\/div>\n\t\t<\/section>\n\t\t\t\t\t\t<\/div>\n\t\t\t\t\t<\/div>\n\t\t<\/div>\n\t\t\t\t\t\t\t\t<\/div>\n\t\t\t\t\t<\/div>\n\t\t<\/section>\n\t\t\t\t\t\t\t\t\t<\/div>\n\t\t\t<\/div>\n\t\t\t\t\t<\/div>\n\t\t","protected":false},"excerpt":{"rendered":"<p>HerediGENE\u00ae. Genleriniz Konu\u015fur, Biz Terc\u00fcme Ederiz. Daha Fazlas\u0131n\u0131 \u00d6\u011frenin Genleriniz Konu\u015fur, Biz Terc\u00fcme Ederiz. HerediGENE\u00ae meme, over, kolon ve di\u011fer kal\u0131tsal kanser sendromlar\u0131 geli\u015ftirme riskinin artmas\u0131yla ili\u015fkili olan BRCA1 ve BRCA2 genleri de dahil olmak \u00fczere 52 gen panelinin analizinden olu\u015fan bir testtir. Risk azaltma y\u00f6netiminden yararlanabilecek, kansere yakalanma riski ta\u015f\u0131yan aile \u00fcyelerini belirler. \u00c7ocuklar\u0131n\u0131za [&hellip;]<\/p>\n","protected":false},"author":1,"featured_media":0,"parent":0,"menu_order":0,"comment_status":"closed","ping_status":"closed","template":"elementor_header_footer","meta":[],"yoast_head":"<!-- This site is optimized with the Yoast SEO Premium plugin v20.1 (Yoast SEO v20.1) - https:\/\/yoast.com\/wordpress\/plugins\/seo\/ -->\n<title>HerediGENE \u2013 83 GEN analiz eder- BRCA1 BRCA2 Genleri<\/title>\n<meta name=\"description\" content=\"HerediGENE test analizi BRCA1, BRCA2 genleri dahil 52 gen testi, bu genler y\u00fcksek kanser riski ile ili\u015fkilidir.\" \/>\n<meta name=\"robots\" content=\"index, follow, max-snippet:-1, max-image-preview:large, max-video-preview:-1\" \/>\n<link rel=\"canonical\" href=\"https:\/\/heredigene.gr\/tr\/\" \/>\n<meta property=\"og:locale\" content=\"tr_TR\" \/>\n<meta property=\"og:type\" content=\"article\" \/>\n<meta property=\"og:title\" content=\"ANA SAYFA\" \/>\n<meta property=\"og:description\" content=\"HerediGENE test analizi BRCA1, BRCA2 genleri dahil 52 gen testi, bu genler y\u00fcksek kanser riski ile ili\u015fkilidir.\" \/>\n<meta property=\"og:url\" content=\"https:\/\/heredigene.gr\/tr\/\" \/>\n<meta property=\"og:site_name\" content=\"Heredigene\" \/>\n<meta property=\"article:publisher\" content=\"https:\/\/www.facebook.com\/genekorbiotechnology\/\" \/>\n<meta property=\"article:modified_time\" content=\"2026-01-19T12:51:43+00:00\" \/>\n<meta property=\"og:image\" content=\"https:\/\/www.heredigene.gr\/wp-content\/uploads\/2020\/09\/bottom-full-line.png\" \/>\n<meta name=\"twitter:card\" content=\"summary_large_image\" \/>\n<meta name=\"twitter:label1\" content=\"Tahmini okuma s\u00fcresi\" \/>\n\t<meta name=\"twitter:data1\" content=\"2 dakika\" \/>\n<script type=\"application\/ld+json\" class=\"yoast-schema-graph\">{\"@context\":\"https:\/\/schema.org\",\"@graph\":[{\"@type\":\"WebPage\",\"@id\":\"https:\/\/heredigene.gr\/tr\/\",\"url\":\"https:\/\/heredigene.gr\/tr\/\",\"name\":\"HerediGENE \u2013 83 GEN analiz eder- BRCA1 BRCA2 Genleri\",\"isPartOf\":{\"@id\":\"https:\/\/heredigene.gr\/tr\/#website\"},\"datePublished\":\"2021-01-18T12:03:59+00:00\",\"dateModified\":\"2026-01-19T12:51:43+00:00\",\"description\":\"HerediGENE test analizi BRCA1, BRCA2 genleri dahil 52 gen testi, bu genler y\u00fcksek kanser riski ile ili\u015fkilidir.\",\"breadcrumb\":{\"@id\":\"https:\/\/heredigene.gr\/tr\/#breadcrumb\"},\"inLanguage\":\"tr\",\"potentialAction\":[{\"@type\":\"ReadAction\",\"target\":[\"https:\/\/heredigene.gr\/tr\/\"]}]},{\"@type\":\"BreadcrumbList\",\"@id\":\"https:\/\/heredigene.gr\/tr\/#breadcrumb\",\"itemListElement\":[{\"@type\":\"ListItem\",\"position\":1,\"name\":\"Home\",\"item\":\"https:\/\/heredigene.gr\/tr\/\"},{\"@type\":\"ListItem\",\"position\":2,\"name\":\"ANA SAYFA\"}]},{\"@type\":\"WebSite\",\"@id\":\"https:\/\/heredigene.gr\/tr\/#website\",\"url\":\"https:\/\/heredigene.gr\/tr\/\",\"name\":\"Heredigene\",\"description\":\"Heredigene by GENEKOR\",\"publisher\":{\"@id\":\"https:\/\/heredigene.gr\/tr\/#organization\"},\"potentialAction\":[{\"@type\":\"SearchAction\",\"target\":{\"@type\":\"EntryPoint\",\"urlTemplate\":\"https:\/\/heredigene.gr\/tr\/?s={search_term_string}\"},\"query-input\":\"required name=search_term_string\"}],\"inLanguage\":\"tr\"},{\"@type\":\"Organization\",\"@id\":\"https:\/\/heredigene.gr\/tr\/#organization\",\"name\":\"GENEKOR MEDICAL SA\",\"url\":\"https:\/\/heredigene.gr\/tr\/\",\"logo\":{\"@type\":\"ImageObject\",\"inLanguage\":\"tr\",\"@id\":\"https:\/\/heredigene.gr\/tr\/#\/schema\/logo\/image\/\",\"url\":\"https:\/\/www.heredigene.gr\/wp-content\/uploads\/2020\/09\/logo-genekor.png\",\"contentUrl\":\"https:\/\/www.heredigene.gr\/wp-content\/uploads\/2020\/09\/logo-genekor.png\",\"width\":150,\"height\":150,\"caption\":\"GENEKOR MEDICAL SA\"},\"image\":{\"@id\":\"https:\/\/heredigene.gr\/tr\/#\/schema\/logo\/image\/\"},\"sameAs\":[\"https:\/\/www.facebook.com\/genekorbiotechnology\/\",\"https:\/\/www.instagram.com\/genekor_greece\/\",\"https:\/\/www.linkedin.com\/company\/genekor-sa\/posts\/?feedView=all\",\"https:\/\/www.youtube.com\/channel\/UCKC7sMFecVBY-OZAlRBHNzA\"]}]}<\/script>\n<!-- \/ Yoast SEO Premium plugin. -->","yoast_head_json":{"title":"HerediGENE \u2013 83 GEN analiz eder- BRCA1 BRCA2 Genleri","description":"HerediGENE test analizi BRCA1, BRCA2 genleri dahil 52 gen testi, bu genler y\u00fcksek kanser riski ile ili\u015fkilidir.","robots":{"index":"index","follow":"follow","max-snippet":"max-snippet:-1","max-image-preview":"max-image-preview:large","max-video-preview":"max-video-preview:-1"},"canonical":"https:\/\/heredigene.gr\/tr\/","og_locale":"tr_TR","og_type":"article","og_title":"ANA SAYFA","og_description":"HerediGENE test analizi BRCA1, BRCA2 genleri dahil 52 gen testi, bu genler y\u00fcksek kanser riski ile ili\u015fkilidir.","og_url":"https:\/\/heredigene.gr\/tr\/","og_site_name":"Heredigene","article_publisher":"https:\/\/www.facebook.com\/genekorbiotechnology\/","article_modified_time":"2026-01-19T12:51:43+00:00","og_image":[{"url":"https:\/\/www.heredigene.gr\/wp-content\/uploads\/2020\/09\/bottom-full-line.png"}],"twitter_card":"summary_large_image","twitter_misc":{"Tahmini okuma s\u00fcresi":"2 dakika"},"schema":{"@context":"https:\/\/schema.org","@graph":[{"@type":"WebPage","@id":"https:\/\/heredigene.gr\/tr\/","url":"https:\/\/heredigene.gr\/tr\/","name":"HerediGENE \u2013 83 GEN analiz eder- BRCA1 BRCA2 Genleri","isPartOf":{"@id":"https:\/\/heredigene.gr\/tr\/#website"},"datePublished":"2021-01-18T12:03:59+00:00","dateModified":"2026-01-19T12:51:43+00:00","description":"HerediGENE test analizi BRCA1, BRCA2 genleri dahil 52 gen testi, bu genler y\u00fcksek kanser riski ile ili\u015fkilidir.","breadcrumb":{"@id":"https:\/\/heredigene.gr\/tr\/#breadcrumb"},"inLanguage":"tr","potentialAction":[{"@type":"ReadAction","target":["https:\/\/heredigene.gr\/tr\/"]}]},{"@type":"BreadcrumbList","@id":"https:\/\/heredigene.gr\/tr\/#breadcrumb","itemListElement":[{"@type":"ListItem","position":1,"name":"Home","item":"https:\/\/heredigene.gr\/tr\/"},{"@type":"ListItem","position":2,"name":"ANA SAYFA"}]},{"@type":"WebSite","@id":"https:\/\/heredigene.gr\/tr\/#website","url":"https:\/\/heredigene.gr\/tr\/","name":"Heredigene","description":"Heredigene by GENEKOR","publisher":{"@id":"https:\/\/heredigene.gr\/tr\/#organization"},"potentialAction":[{"@type":"SearchAction","target":{"@type":"EntryPoint","urlTemplate":"https:\/\/heredigene.gr\/tr\/?s={search_term_string}"},"query-input":"required name=search_term_string"}],"inLanguage":"tr"},{"@type":"Organization","@id":"https:\/\/heredigene.gr\/tr\/#organization","name":"GENEKOR MEDICAL SA","url":"https:\/\/heredigene.gr\/tr\/","logo":{"@type":"ImageObject","inLanguage":"tr","@id":"https:\/\/heredigene.gr\/tr\/#\/schema\/logo\/image\/","url":"https:\/\/www.heredigene.gr\/wp-content\/uploads\/2020\/09\/logo-genekor.png","contentUrl":"https:\/\/www.heredigene.gr\/wp-content\/uploads\/2020\/09\/logo-genekor.png","width":150,"height":150,"caption":"GENEKOR MEDICAL SA"},"image":{"@id":"https:\/\/heredigene.gr\/tr\/#\/schema\/logo\/image\/"},"sameAs":["https:\/\/www.facebook.com\/genekorbiotechnology\/","https:\/\/www.instagram.com\/genekor_greece\/","https:\/\/www.linkedin.com\/company\/genekor-sa\/posts\/?feedView=all","https:\/\/www.youtube.com\/channel\/UCKC7sMFecVBY-OZAlRBHNzA"]}]}},"_links":{"self":[{"href":"https:\/\/heredigene.gr\/tr\/wp-json\/wp\/v2\/pages\/2483"}],"collection":[{"href":"https:\/\/heredigene.gr\/tr\/wp-json\/wp\/v2\/pages"}],"about":[{"href":"https:\/\/heredigene.gr\/tr\/wp-json\/wp\/v2\/types\/page"}],"author":[{"embeddable":true,"href":"https:\/\/heredigene.gr\/tr\/wp-json\/wp\/v2\/users\/1"}],"replies":[{"embeddable":true,"href":"https:\/\/heredigene.gr\/tr\/wp-json\/wp\/v2\/comments?post=2483"}],"version-history":[{"count":34,"href":"https:\/\/heredigene.gr\/tr\/wp-json\/wp\/v2\/pages\/2483\/revisions"}],"predecessor-version":[{"id":5071,"href":"https:\/\/heredigene.gr\/tr\/wp-json\/wp\/v2\/pages\/2483\/revisions\/5071"}],"wp:attachment":[{"href":"https:\/\/heredigene.gr\/tr\/wp-json\/wp\/v2\/media?parent=2483"}],"curies":[{"name":"wp","href":"https:\/\/api.w.org\/{rel}","templated":true}]}}