{"id":2219,"date":"2021-01-11T12:53:49","date_gmt":"2021-01-11T12:53:49","guid":{"rendered":"http:\/\/lefteris.aboutdev.gr\/heredigene\/?page_id=2219"},"modified":"2022-05-25T13:59:14","modified_gmt":"2022-05-25T13:59:14","slug":"proccess-of-hereditary-cancer-test","status":"publish","type":"page","link":"https:\/\/heredigene.gr\/tr\/proccess-of-hereditary-cancer-test\/","title":{"rendered":"S\u00fcre\u00e7"},"content":{"rendered":"\t\t<div data-elementor-type=\"wp-page\" data-elementor-id=\"2219\" class=\"elementor elementor-2219 elementor-1759\">\n\t\t\t\t\t\t<div class=\"elementor-inner\">\n\t\t\t\t<div class=\"elementor-section-wrap\">\n\t\t\t\t\t\t\t\t\t<section class=\"elementor-section elementor-top-section elementor-element elementor-element-adb03ec elementor-section-full_width elementor-section-height-min-height elementor-section-items-top elementor-section-height-default\" data-id=\"adb03ec\" data-element_type=\"section\" data-settings=\"{&quot;background_background&quot;:&quot;classic&quot;}\">\n\t\t\t\t\t\t<div class=\"elementor-container elementor-column-gap-no\">\n\t\t\t\t\t\t\t<div class=\"elementor-row\">\n\t\t\t\t\t<div class=\"elementor-column elementor-col-100 elementor-top-column elementor-element elementor-element-bcd97d9\" data-id=\"bcd97d9\" data-element_type=\"column\">\n\t\t\t<div class=\"elementor-column-wrap elementor-element-populated\">\n\t\t\t\t\t\t\t<div class=\"elementor-widget-wrap\">\n\t\t\t\t\t\t<section class=\"elementor-section elementor-inner-section elementor-element elementor-element-6484c48 elementor-section-full_width elementor-section-height-min-height elementor-section-content-middle elementor-section-height-default\" data-id=\"6484c48\" data-element_type=\"section\" data-settings=\"{&quot;background_background&quot;:&quot;classic&quot;}\">\n\t\t\t\t\t\t<div class=\"elementor-container elementor-column-gap-default\">\n\t\t\t\t\t\t\t<div class=\"elementor-row\">\n\t\t\t\t\t<div class=\"elementor-column elementor-col-100 elementor-inner-column elementor-element elementor-element-db9f84a\" data-id=\"db9f84a\" data-element_type=\"column\">\n\t\t\t<div class=\"elementor-column-wrap elementor-element-populated\">\n\t\t\t\t\t\t\t<div class=\"elementor-widget-wrap\">\n\t\t\t\t\t\t<div class=\"elementor-element elementor-element-c4d7605 elementor-widget elementor-widget-text-editor\" data-id=\"c4d7605\" data-element_type=\"widget\" data-widget_type=\"text-editor.default\">\n\t\t\t\t<div class=\"elementor-widget-container\">\n\t\t\t\t\t\t\t\t<div class=\"elementor-text-editor elementor-clearfix\">\n\t\t\t\t<h1 class=\"wpb_wrapper\"><strong>S\u00fcre\u00e7<\/strong><\/h1>\t\t\t\t\t<\/div>\n\t\t\t\t\t\t<\/div>\n\t\t\t\t<\/div>\n\t\t\t\t\t\t<\/div>\n\t\t\t\t\t<\/div>\n\t\t<\/div>\n\t\t\t\t\t\t\t\t<\/div>\n\t\t\t\t\t<\/div>\n\t\t<\/section>\n\t\t\t\t<div class=\"elementor-element elementor-element-94869bc elementor-widget elementor-widget-image\" data-id=\"94869bc\" data-element_type=\"widget\" data-widget_type=\"image.default\">\n\t\t\t\t<div class=\"elementor-widget-container\">\n\t\t\t\t\t\t\t\t<div class=\"elementor-image\">\n\t\t\t\t\t\t\t\t\t\t\t\t<img decoding=\"async\" width=\"1920\" height=\"29\" src=\"https:\/\/heredigene.gr\/wp-content\/uploads\/2020\/09\/bottom-full-line.png\" class=\"attachment-full size-full wp-image-3184\" alt=\"brca gene mutation\" loading=\"lazy\" srcset=\"https:\/\/heredigene.gr\/wp-content\/uploads\/2020\/09\/bottom-full-line.png 1920w, https:\/\/heredigene.gr\/wp-content\/uploads\/2020\/09\/bottom-full-line-300x5.png 300w, https:\/\/heredigene.gr\/wp-content\/uploads\/2020\/09\/bottom-full-line-1024x15.png 1024w, https:\/\/heredigene.gr\/wp-content\/uploads\/2020\/09\/bottom-full-line-768x12.png 768w, https:\/\/heredigene.gr\/wp-content\/uploads\/2020\/09\/bottom-full-line-1536x23.png 1536w\" sizes=\"(max-width: 1920px) 100vw, 1920px\" \/>\t\t\t\t\t\t\t\t\t\t\t\t\t\t<\/div>\n\t\t\t\t\t\t<\/div>\n\t\t\t\t<\/div>\n\t\t\t\t<section class=\"elementor-section elementor-inner-section elementor-element elementor-element-c5d6865 elementor-section-content-top elementor-section-boxed elementor-section-height-default elementor-section-height-default\" data-id=\"c5d6865\" data-element_type=\"section\" id=\"howitworks\">\n\t\t\t\t\t\t<div class=\"elementor-container elementor-column-gap-default\">\n\t\t\t\t\t\t\t<div class=\"elementor-row\">\n\t\t\t\t\t<main class=\"elementor-column elementor-col-33 elementor-inner-column elementor-element elementor-element-5945b65\" data-id=\"5945b65\" data-element_type=\"column\">\n\t\t\t<div class=\"elementor-column-wrap elementor-element-populated\">\n\t\t\t\t\t\t\t<div class=\"elementor-widget-wrap\">\n\t\t\t\t\t\t<div class=\"elementor-element elementor-element-2f48ad4 elementor-widget elementor-widget-image\" data-id=\"2f48ad4\" data-element_type=\"widget\" data-widget_type=\"image.default\">\n\t\t\t\t<div class=\"elementor-widget-container\">\n\t\t\t\t\t\t\t\t<div class=\"elementor-image\">\n\t\t\t\t\t\t\t\t\t\t\t\t<img decoding=\"async\" width=\"72\" height=\"68\" src=\"https:\/\/heredigene.gr\/wp-content\/uploads\/2020\/11\/order.png\" class=\"attachment-full size-full wp-image-1356\" alt=\"\" loading=\"lazy\" \/>\t\t\t\t\t\t\t\t\t\t\t\t\t\t<\/div>\n\t\t\t\t\t\t<\/div>\n\t\t\t\t<\/div>\n\t\t\t\t<div class=\"elementor-element elementor-element-a6fb031 elementor-widget elementor-widget-text-editor\" data-id=\"a6fb031\" data-element_type=\"widget\" data-widget_type=\"text-editor.default\">\n\t\t\t\t<div class=\"elementor-widget-container\">\n\t\t\t\t\t\t\t\t<div class=\"elementor-text-editor elementor-clearfix\">\n\t\t\t\t<div class=\"wpb_text_column wpb_content_element \"><div class=\"wpb_wrapper\"><div><p><strong>Testi Sipari\u015f Edin<\/strong><\/p><\/div><div><p>Doktorunuza <strong>HerediGENE\u00ae<\/strong> testi i\u00e7in uygun olup olmad\u0131\u011f\u0131n\u0131z\u0131 sorun.<\/p><\/div><\/div><\/div>\t\t\t\t\t<\/div>\n\t\t\t\t\t\t<\/div>\n\t\t\t\t<\/div>\n\t\t\t\t\t\t<\/div>\n\t\t\t\t\t<\/div>\n\t\t<\/main>\n\t\t\t\t<div class=\"elementor-column elementor-col-33 elementor-inner-column elementor-element elementor-element-63383d9\" data-id=\"63383d9\" data-element_type=\"column\">\n\t\t\t<div class=\"elementor-column-wrap elementor-element-populated\">\n\t\t\t\t\t\t\t<div class=\"elementor-widget-wrap\">\n\t\t\t\t\t\t<div class=\"elementor-element elementor-element-5124023 elementor-widget elementor-widget-image\" data-id=\"5124023\" data-element_type=\"widget\" data-widget_type=\"image.default\">\n\t\t\t\t<div class=\"elementor-widget-container\">\n\t\t\t\t\t\t\t\t<div class=\"elementor-image\">\n\t\t\t\t\t\t\t\t\t\t\t\t<img decoding=\"async\" width=\"72\" height=\"72\" src=\"https:\/\/heredigene.gr\/wp-content\/uploads\/2020\/11\/sample.png\" class=\"attachment-large size-large wp-image-1363\" alt=\"\" loading=\"lazy\" \/>\t\t\t\t\t\t\t\t\t\t\t\t\t\t<\/div>\n\t\t\t\t\t\t<\/div>\n\t\t\t\t<\/div>\n\t\t\t\t<div class=\"elementor-element elementor-element-a723b22 elementor-widget elementor-widget-text-editor\" data-id=\"a723b22\" data-element_type=\"widget\" data-widget_type=\"text-editor.default\">\n\t\t\t\t<div class=\"elementor-widget-container\">\n\t\t\t\t\t\t\t\t<div class=\"elementor-text-editor elementor-clearfix\">\n\t\t\t\t<div class=\"wpb_text_column wpb_content_element \"><div class=\"wpb_wrapper\"><div><p><strong>Onam formunu imzalay\u0131n.<\/strong><\/p><\/div><div><p>Onam formunu indirmek i\u00e7in <strong><a href=\"https:\/\/www.heredigene.gr\/wp-content\/uploads\/2020\/12\/Genekor.ICF_V.5.2020_ENG.pdf\">t\u0131klay\u0131n<\/a><\/strong>.<\/p><\/div><\/div><\/div>\t\t\t\t\t<\/div>\n\t\t\t\t\t\t<\/div>\n\t\t\t\t<\/div>\n\t\t\t\t\t\t<\/div>\n\t\t\t\t\t<\/div>\n\t\t<\/div>\n\t\t\t\t<div class=\"elementor-column elementor-col-33 elementor-inner-column elementor-element elementor-element-c7b6597\" data-id=\"c7b6597\" data-element_type=\"column\">\n\t\t\t<div class=\"elementor-column-wrap elementor-element-populated\">\n\t\t\t\t\t\t\t<div class=\"elementor-widget-wrap\">\n\t\t\t\t\t\t<div class=\"elementor-element elementor-element-d2026bc elementor-widget elementor-widget-image\" data-id=\"d2026bc\" data-element_type=\"widget\" data-widget_type=\"image.default\">\n\t\t\t\t<div class=\"elementor-widget-container\">\n\t\t\t\t\t\t\t\t<div class=\"elementor-image\">\n\t\t\t\t\t\t\t\t\t\t\t\t<img decoding=\"async\" width=\"72\" height=\"67\" src=\"https:\/\/heredigene.gr\/wp-content\/uploads\/2020\/11\/clipboard.png\" class=\"attachment-full size-full wp-image-1361\" alt=\"\" loading=\"lazy\" \/>\t\t\t\t\t\t\t\t\t\t\t\t\t\t<\/div>\n\t\t\t\t\t\t<\/div>\n\t\t\t\t<\/div>\n\t\t\t\t<div class=\"elementor-element elementor-element-25e7905 elementor-widget elementor-widget-text-editor\" data-id=\"25e7905\" data-element_type=\"widget\" data-widget_type=\"text-editor.default\">\n\t\t\t\t<div class=\"elementor-widget-container\">\n\t\t\t\t\t\t\t\t<div class=\"elementor-text-editor elementor-clearfix\">\n\t\t\t\t<div class=\"wpb_text_column wpb_content_element \">\n<div class=\"wpb_wrapper\">\n<div class=\"wpb_text_column wpb_content_element vc_custom_1606213969478\">\n<div class=\"wpb_wrapper\">\n<div>\n<p><strong>Numune gereklilikleri<\/strong><\/p>\n<\/div>\n<div>\n<p>Bu test i\u00e7in kan numunesi gerekmektedir (2 EDTA flakonu).Numuneniz, doktorunuzun talimatlar\u0131 do\u011frultusunda toplanacakt\u0131r.<\/p>\n<div>\n<p>Talimat k\u0131lavuzunda belirtildi\u011fi \u015fekilde toplad\u0131\u011f\u0131n\u0131z t\u00fck\u00fcr\u00fck numunesi. Kullan\u0131m k\u0131lavuzunu indirmek i\u00e7in <strong><a href=\"https:\/\/www.heredigene.gr\/wp-content\/uploads\/2020\/12\/specimen-preparation-instructions_blood_en.pdf\">t\u0131klay\u0131n<\/a><\/strong> veya videoyu <a href=\"https:\/\/www.youtube.com\/watch?v=WxS8OHRN8Ao\"><b>buradan<\/b><\/a> izleyin.<\/p>\n<\/div>\n<\/div>\n<\/div>\n<\/div>\n<\/div>\n<\/div>\t\t\t\t\t<\/div>\n\t\t\t\t\t\t<\/div>\n\t\t\t\t<\/div>\n\t\t\t\t\t\t<\/div>\n\t\t\t\t\t<\/div>\n\t\t<\/div>\n\t\t\t\t\t\t\t\t<\/div>\n\t\t\t\t\t<\/div>\n\t\t<\/section>\n\t\t\t\t<section class=\"elementor-section elementor-inner-section elementor-element elementor-element-3cce607 elementor-section-content-top elementor-section-boxed elementor-section-height-default elementor-section-height-default\" data-id=\"3cce607\" data-element_type=\"section\">\n\t\t\t\t\t\t<div class=\"elementor-container elementor-column-gap-default\">\n\t\t\t\t\t\t\t<div class=\"elementor-row\">\n\t\t\t\t\t<main class=\"elementor-column elementor-col-50 elementor-inner-column elementor-element elementor-element-40c39ee\" data-id=\"40c39ee\" data-element_type=\"column\">\n\t\t\t<div class=\"elementor-column-wrap elementor-element-populated\">\n\t\t\t\t\t\t\t<div class=\"elementor-widget-wrap\">\n\t\t\t\t\t\t<div class=\"elementor-element elementor-element-cac0722 elementor-widget elementor-widget-image\" data-id=\"cac0722\" data-element_type=\"widget\" data-widget_type=\"image.default\">\n\t\t\t\t<div class=\"elementor-widget-container\">\n\t\t\t\t\t\t\t\t<div class=\"elementor-image\">\n\t\t\t\t\t\t\t\t\t\t\t\t<img decoding=\"async\" width=\"72\" height=\"72\" src=\"https:\/\/heredigene.gr\/wp-content\/uploads\/2020\/11\/analusys.png\" class=\"attachment-full size-full wp-image-1360\" alt=\"\" loading=\"lazy\" \/>\t\t\t\t\t\t\t\t\t\t\t\t\t\t<\/div>\n\t\t\t\t\t\t<\/div>\n\t\t\t\t<\/div>\n\t\t\t\t<div class=\"elementor-element elementor-element-7547485 elementor-widget elementor-widget-text-editor\" data-id=\"7547485\" data-element_type=\"widget\" data-widget_type=\"text-editor.default\">\n\t\t\t\t<div class=\"elementor-widget-container\">\n\t\t\t\t\t\t\t\t<div class=\"elementor-text-editor elementor-clearfix\">\n\t\t\t\t<div class=\"wpb_text_column wpb_content_element \"><div class=\"wpb_wrapper\"><div class=\"wpb_text_column wpb_content_element \"><div class=\"wpb_wrapper\"><div><p><strong>Analiz S\u00fcreci<\/strong><\/p><\/div><div><p>Numuneniz, akredite edilmi\u015f laboratuvar\u0131m\u0131za ula\u015facak ve raporunuz 25 i\u015f g\u00fcn\u00fc i\u00e7inde size ve doktorunuza g\u00f6nderilecektir.<\/p><\/div><\/div><\/div><\/div><\/div>\t\t\t\t\t<\/div>\n\t\t\t\t\t\t<\/div>\n\t\t\t\t<\/div>\n\t\t\t\t\t\t<\/div>\n\t\t\t\t\t<\/div>\n\t\t<\/main>\n\t\t\t\t<div class=\"elementor-column elementor-col-50 elementor-inner-column elementor-element elementor-element-9d54ae0\" data-id=\"9d54ae0\" data-element_type=\"column\">\n\t\t\t<div class=\"elementor-column-wrap elementor-element-populated\">\n\t\t\t\t\t\t\t<div class=\"elementor-widget-wrap\">\n\t\t\t\t\t\t<div class=\"elementor-element elementor-element-b438a44 elementor-widget elementor-widget-image\" data-id=\"b438a44\" data-element_type=\"widget\" data-widget_type=\"image.default\">\n\t\t\t\t<div class=\"elementor-widget-container\">\n\t\t\t\t\t\t\t\t<div class=\"elementor-image\">\n\t\t\t\t\t\t\t\t\t\t\t\t<img decoding=\"async\" width=\"72\" height=\"72\" src=\"https:\/\/heredigene.gr\/wp-content\/uploads\/2020\/11\/reporting.png\" class=\"attachment-large size-large wp-image-1362\" alt=\"\" loading=\"lazy\" \/>\t\t\t\t\t\t\t\t\t\t\t\t\t\t<\/div>\n\t\t\t\t\t\t<\/div>\n\t\t\t\t<\/div>\n\t\t\t\t<div class=\"elementor-element elementor-element-1f6cd22 elementor-widget elementor-widget-text-editor\" data-id=\"1f6cd22\" data-element_type=\"widget\" data-widget_type=\"text-editor.default\">\n\t\t\t\t<div class=\"elementor-widget-container\">\n\t\t\t\t\t\t\t\t<div class=\"elementor-text-editor elementor-clearfix\">\n\t\t\t\t<div class=\"wpb_text_column wpb_content_element \"><div class=\"wpb_wrapper\"><div><p><strong>Raporlama<\/strong><\/p><\/div><div><p>Raporunuz doktorunuza elektronik yolla e-posta ile ve\/veya bizim g\u00fcvenli portal\u0131m\u0131za y\u00fcklenerek, size ise e-posta veya posta ile ula\u015ft\u0131r\u0131lacakt\u0131r.<\/p><\/div><\/div><\/div>\t\t\t\t\t<\/div>\n\t\t\t\t\t\t<\/div>\n\t\t\t\t<\/div>\n\t\t\t\t\t\t<\/div>\n\t\t\t\t\t<\/div>\n\t\t<\/div>\n\t\t\t\t\t\t\t\t<\/div>\n\t\t\t\t\t<\/div>\n\t\t<\/section>\n\t\t\t\t\t\t<\/div>\n\t\t\t\t\t<\/div>\n\t\t<\/div>\n\t\t\t\t\t\t\t\t<\/div>\n\t\t\t\t\t<\/div>\n\t\t<\/section>\n\t\t\t\t<section class=\"elementor-section elementor-top-section elementor-element elementor-element-3e21844 elementor-section-boxed elementor-section-height-default elementor-section-height-default\" data-id=\"3e21844\" data-element_type=\"section\" data-settings=\"{&quot;background_background&quot;:&quot;classic&quot;}\">\n\t\t\t\t\t\t<div class=\"elementor-container elementor-column-gap-wider\">\n\t\t\t\t\t\t\t<div class=\"elementor-row\">\n\t\t\t\t\t<div class=\"elementor-column elementor-col-100 elementor-top-column elementor-element elementor-element-77206bc\" data-id=\"77206bc\" data-element_type=\"column\" data-settings=\"{&quot;background_background&quot;:&quot;classic&quot;}\">\n\t\t\t<div class=\"elementor-column-wrap elementor-element-populated\">\n\t\t\t\t\t<div class=\"elementor-background-overlay\"><\/div>\n\t\t\t\t\t\t\t<div class=\"elementor-widget-wrap\">\n\t\t\t\t\t\t<section class=\"elementor-section elementor-inner-section elementor-element elementor-element-de0f9c7 elementor-section-boxed elementor-section-height-default elementor-section-height-default\" data-id=\"de0f9c7\" data-element_type=\"section\" data-settings=\"{&quot;background_background&quot;:&quot;classic&quot;}\">\n\t\t\t\t\t\t\t<div class=\"elementor-background-overlay\"><\/div>\n\t\t\t\t\t\t\t<div class=\"elementor-container elementor-column-gap-wider\">\n\t\t\t\t\t\t\t<div class=\"elementor-row\">\n\t\t\t\t\t<div class=\"elementor-column elementor-col-100 elementor-inner-column elementor-element elementor-element-4621af2\" data-id=\"4621af2\" data-element_type=\"column\">\n\t\t\t<div class=\"elementor-column-wrap elementor-element-populated\">\n\t\t\t\t\t\t\t<div class=\"elementor-widget-wrap\">\n\t\t\t\t\t\t<div class=\"elementor-element elementor-element-1cfaacd elementor-widget elementor-widget-text-editor\" data-id=\"1cfaacd\" data-element_type=\"widget\" data-widget_type=\"text-editor.default\">\n\t\t\t\t<div class=\"elementor-widget-container\">\n\t\t\t\t\t\t\t\t<div class=\"elementor-text-editor elementor-clearfix\">\n\t\t\t\t<div><p>En g\u00fcncel uluslararas\u0131 k\u0131lavuzlar (ASCO, ESMO, NCCN ve Amerikan Meme Cerrahlar\u0131 Derne\u011fi), meme, prostat, kolon, pankreas, over kanseri vb. riskinin artmas\u0131yla ili\u015fkili gen varyantlar\u0131n\u0131n daha iyi kapsanmas\u0131 i\u00e7in yaln\u0131zca BRCA1\/2 yerine \u00e7oklu gen panellerinin kullan\u0131lmas\u0131n\u0131 \u015fiddetle tavsiye etmektedir.<\/p><\/div>\t\t\t\t\t<\/div>\n\t\t\t\t\t\t<\/div>\n\t\t\t\t<\/div>\n\t\t\t\t\t\t<\/div>\n\t\t\t\t\t<\/div>\n\t\t<\/div>\n\t\t\t\t\t\t\t\t<\/div>\n\t\t\t\t\t<\/div>\n\t\t<\/section>\n\t\t\t\t\t\t<\/div>\n\t\t\t\t\t<\/div>\n\t\t<\/div>\n\t\t\t\t\t\t\t\t<\/div>\n\t\t\t\t\t<\/div>\n\t\t<\/section>\n\t\t\t\t\t\t\t\t\t<\/div>\n\t\t\t<\/div>\n\t\t\t\t\t<\/div>\n\t\t","protected":false},"excerpt":{"rendered":"<p>S\u00fcre\u00e7 Testi Sipari\u015f Edin Doktorunuza HerediGENE\u00ae testi i\u00e7in uygun olup olmad\u0131\u011f\u0131n\u0131z\u0131 sorun. Onam formunu imzalay\u0131n. Onam formunu indirmek i\u00e7in t\u0131klay\u0131n. Numune gereklilikleri Bu test i\u00e7in kan numunesi gerekmektedir (2 EDTA flakonu).Numuneniz, doktorunuzun talimatlar\u0131 do\u011frultusunda toplanacakt\u0131r. Talimat k\u0131lavuzunda belirtildi\u011fi \u015fekilde toplad\u0131\u011f\u0131n\u0131z t\u00fck\u00fcr\u00fck numunesi. Kullan\u0131m k\u0131lavuzunu indirmek i\u00e7in t\u0131klay\u0131n veya videoyu buradan izleyin. Analiz S\u00fcreci Numuneniz, akredite [&hellip;]<\/p>\n","protected":false},"author":1,"featured_media":0,"parent":0,"menu_order":0,"comment_status":"closed","ping_status":"closed","template":"elementor_header_footer","meta":[],"yoast_head":"<!-- This site is optimized with the Yoast SEO Premium plugin v20.1 (Yoast SEO v20.1) - https:\/\/yoast.com\/wordpress\/plugins\/seo\/ -->\n<title>S\u00fcre\u00e7 - Heredigene<\/title>\n<meta name=\"robots\" content=\"index, follow, max-snippet:-1, max-image-preview:large, max-video-preview:-1\" \/>\n<link rel=\"canonical\" href=\"https:\/\/heredigene.gr\/tr\/proccess-of-hereditary-cancer-test\/\" \/>\n<meta property=\"og:locale\" content=\"tr_TR\" \/>\n<meta property=\"og:type\" content=\"article\" \/>\n<meta property=\"og:title\" content=\"S\u00fcre\u00e7\" \/>\n<meta property=\"og:description\" content=\"S\u00fcre\u00e7 Testi Sipari\u015f Edin Doktorunuza HerediGENE\u00ae testi i\u00e7in uygun olup olmad\u0131\u011f\u0131n\u0131z\u0131 sorun. Onam formunu imzalay\u0131n. Onam formunu indirmek i\u00e7in t\u0131klay\u0131n. Numune gereklilikleri Bu test i\u00e7in kan numunesi gerekmektedir (2 EDTA flakonu).Numuneniz, doktorunuzun talimatlar\u0131 do\u011frultusunda toplanacakt\u0131r. Talimat k\u0131lavuzunda belirtildi\u011fi \u015fekilde toplad\u0131\u011f\u0131n\u0131z t\u00fck\u00fcr\u00fck numunesi. Kullan\u0131m k\u0131lavuzunu indirmek i\u00e7in t\u0131klay\u0131n veya videoyu buradan izleyin. Analiz S\u00fcreci Numuneniz, akredite [&hellip;]\" \/>\n<meta property=\"og:url\" content=\"https:\/\/heredigene.gr\/tr\/proccess-of-hereditary-cancer-test\/\" \/>\n<meta property=\"og:site_name\" content=\"Heredigene\" \/>\n<meta property=\"article:publisher\" content=\"https:\/\/www.facebook.com\/genekorbiotechnology\/\" \/>\n<meta property=\"article:modified_time\" content=\"2022-05-25T13:59:14+00:00\" \/>\n<meta property=\"og:image\" content=\"https:\/\/www.heredigene.gr\/wp-content\/uploads\/2020\/09\/bottom-full-line.png\" \/>\n<meta name=\"twitter:card\" content=\"summary_large_image\" \/>\n<meta name=\"twitter:label1\" content=\"Tahmini okuma s\u00fcresi\" \/>\n\t<meta name=\"twitter:data1\" content=\"1 dakika\" \/>\n<script type=\"application\/ld+json\" class=\"yoast-schema-graph\">{\"@context\":\"https:\/\/schema.org\",\"@graph\":[{\"@type\":\"WebPage\",\"@id\":\"https:\/\/heredigene.gr\/tr\/proccess-of-hereditary-cancer-test\/\",\"url\":\"https:\/\/heredigene.gr\/tr\/proccess-of-hereditary-cancer-test\/\",\"name\":\"S\u00fcre\u00e7 - Heredigene\",\"isPartOf\":{\"@id\":\"https:\/\/heredigene.gr\/tr\/#website\"},\"datePublished\":\"2021-01-11T12:53:49+00:00\",\"dateModified\":\"2022-05-25T13:59:14+00:00\",\"breadcrumb\":{\"@id\":\"https:\/\/heredigene.gr\/tr\/proccess-of-hereditary-cancer-test\/#breadcrumb\"},\"inLanguage\":\"tr\",\"potentialAction\":[{\"@type\":\"ReadAction\",\"target\":[\"https:\/\/heredigene.gr\/tr\/proccess-of-hereditary-cancer-test\/\"]}]},{\"@type\":\"BreadcrumbList\",\"@id\":\"https:\/\/heredigene.gr\/tr\/proccess-of-hereditary-cancer-test\/#breadcrumb\",\"itemListElement\":[{\"@type\":\"ListItem\",\"position\":1,\"name\":\"Home\",\"item\":\"https:\/\/heredigene.gr\/tr\/\"},{\"@type\":\"ListItem\",\"position\":2,\"name\":\"S\u00fcre\u00e7\"}]},{\"@type\":\"WebSite\",\"@id\":\"https:\/\/heredigene.gr\/tr\/#website\",\"url\":\"https:\/\/heredigene.gr\/tr\/\",\"name\":\"Heredigene\",\"description\":\"Heredigene by GENEKOR\",\"publisher\":{\"@id\":\"https:\/\/heredigene.gr\/tr\/#organization\"},\"potentialAction\":[{\"@type\":\"SearchAction\",\"target\":{\"@type\":\"EntryPoint\",\"urlTemplate\":\"https:\/\/heredigene.gr\/tr\/?s={search_term_string}\"},\"query-input\":\"required name=search_term_string\"}],\"inLanguage\":\"tr\"},{\"@type\":\"Organization\",\"@id\":\"https:\/\/heredigene.gr\/tr\/#organization\",\"name\":\"GENEKOR MEDICAL SA\",\"url\":\"https:\/\/heredigene.gr\/tr\/\",\"logo\":{\"@type\":\"ImageObject\",\"inLanguage\":\"tr\",\"@id\":\"https:\/\/heredigene.gr\/tr\/#\/schema\/logo\/image\/\",\"url\":\"https:\/\/www.heredigene.gr\/wp-content\/uploads\/2020\/09\/logo-genekor.png\",\"contentUrl\":\"https:\/\/www.heredigene.gr\/wp-content\/uploads\/2020\/09\/logo-genekor.png\",\"width\":150,\"height\":150,\"caption\":\"GENEKOR MEDICAL SA\"},\"image\":{\"@id\":\"https:\/\/heredigene.gr\/tr\/#\/schema\/logo\/image\/\"},\"sameAs\":[\"https:\/\/www.facebook.com\/genekorbiotechnology\/\",\"https:\/\/www.instagram.com\/genekor_greece\/\",\"https:\/\/www.linkedin.com\/company\/genekor-sa\/posts\/?feedView=all\",\"https:\/\/www.youtube.com\/channel\/UCKC7sMFecVBY-OZAlRBHNzA\"]}]}<\/script>\n<!-- \/ Yoast SEO Premium plugin. -->","yoast_head_json":{"title":"S\u00fcre\u00e7 - Heredigene","robots":{"index":"index","follow":"follow","max-snippet":"max-snippet:-1","max-image-preview":"max-image-preview:large","max-video-preview":"max-video-preview:-1"},"canonical":"https:\/\/heredigene.gr\/tr\/proccess-of-hereditary-cancer-test\/","og_locale":"tr_TR","og_type":"article","og_title":"S\u00fcre\u00e7","og_description":"S\u00fcre\u00e7 Testi Sipari\u015f Edin Doktorunuza HerediGENE\u00ae testi i\u00e7in uygun olup olmad\u0131\u011f\u0131n\u0131z\u0131 sorun. Onam formunu imzalay\u0131n. Onam formunu indirmek i\u00e7in t\u0131klay\u0131n. Numune gereklilikleri Bu test i\u00e7in kan numunesi gerekmektedir (2 EDTA flakonu).Numuneniz, doktorunuzun talimatlar\u0131 do\u011frultusunda toplanacakt\u0131r. Talimat k\u0131lavuzunda belirtildi\u011fi \u015fekilde toplad\u0131\u011f\u0131n\u0131z t\u00fck\u00fcr\u00fck numunesi. Kullan\u0131m k\u0131lavuzunu indirmek i\u00e7in t\u0131klay\u0131n veya videoyu buradan izleyin. Analiz S\u00fcreci Numuneniz, akredite [&hellip;]","og_url":"https:\/\/heredigene.gr\/tr\/proccess-of-hereditary-cancer-test\/","og_site_name":"Heredigene","article_publisher":"https:\/\/www.facebook.com\/genekorbiotechnology\/","article_modified_time":"2022-05-25T13:59:14+00:00","og_image":[{"url":"https:\/\/www.heredigene.gr\/wp-content\/uploads\/2020\/09\/bottom-full-line.png"}],"twitter_card":"summary_large_image","twitter_misc":{"Tahmini okuma s\u00fcresi":"1 dakika"},"schema":{"@context":"https:\/\/schema.org","@graph":[{"@type":"WebPage","@id":"https:\/\/heredigene.gr\/tr\/proccess-of-hereditary-cancer-test\/","url":"https:\/\/heredigene.gr\/tr\/proccess-of-hereditary-cancer-test\/","name":"S\u00fcre\u00e7 - Heredigene","isPartOf":{"@id":"https:\/\/heredigene.gr\/tr\/#website"},"datePublished":"2021-01-11T12:53:49+00:00","dateModified":"2022-05-25T13:59:14+00:00","breadcrumb":{"@id":"https:\/\/heredigene.gr\/tr\/proccess-of-hereditary-cancer-test\/#breadcrumb"},"inLanguage":"tr","potentialAction":[{"@type":"ReadAction","target":["https:\/\/heredigene.gr\/tr\/proccess-of-hereditary-cancer-test\/"]}]},{"@type":"BreadcrumbList","@id":"https:\/\/heredigene.gr\/tr\/proccess-of-hereditary-cancer-test\/#breadcrumb","itemListElement":[{"@type":"ListItem","position":1,"name":"Home","item":"https:\/\/heredigene.gr\/tr\/"},{"@type":"ListItem","position":2,"name":"S\u00fcre\u00e7"}]},{"@type":"WebSite","@id":"https:\/\/heredigene.gr\/tr\/#website","url":"https:\/\/heredigene.gr\/tr\/","name":"Heredigene","description":"Heredigene by GENEKOR","publisher":{"@id":"https:\/\/heredigene.gr\/tr\/#organization"},"potentialAction":[{"@type":"SearchAction","target":{"@type":"EntryPoint","urlTemplate":"https:\/\/heredigene.gr\/tr\/?s={search_term_string}"},"query-input":"required name=search_term_string"}],"inLanguage":"tr"},{"@type":"Organization","@id":"https:\/\/heredigene.gr\/tr\/#organization","name":"GENEKOR MEDICAL SA","url":"https:\/\/heredigene.gr\/tr\/","logo":{"@type":"ImageObject","inLanguage":"tr","@id":"https:\/\/heredigene.gr\/tr\/#\/schema\/logo\/image\/","url":"https:\/\/www.heredigene.gr\/wp-content\/uploads\/2020\/09\/logo-genekor.png","contentUrl":"https:\/\/www.heredigene.gr\/wp-content\/uploads\/2020\/09\/logo-genekor.png","width":150,"height":150,"caption":"GENEKOR MEDICAL SA"},"image":{"@id":"https:\/\/heredigene.gr\/tr\/#\/schema\/logo\/image\/"},"sameAs":["https:\/\/www.facebook.com\/genekorbiotechnology\/","https:\/\/www.instagram.com\/genekor_greece\/","https:\/\/www.linkedin.com\/company\/genekor-sa\/posts\/?feedView=all","https:\/\/www.youtube.com\/channel\/UCKC7sMFecVBY-OZAlRBHNzA"]}]}},"_links":{"self":[{"href":"https:\/\/heredigene.gr\/tr\/wp-json\/wp\/v2\/pages\/2219"}],"collection":[{"href":"https:\/\/heredigene.gr\/tr\/wp-json\/wp\/v2\/pages"}],"about":[{"href":"https:\/\/heredigene.gr\/tr\/wp-json\/wp\/v2\/types\/page"}],"author":[{"embeddable":true,"href":"https:\/\/heredigene.gr\/tr\/wp-json\/wp\/v2\/users\/1"}],"replies":[{"embeddable":true,"href":"https:\/\/heredigene.gr\/tr\/wp-json\/wp\/v2\/comments?post=2219"}],"version-history":[{"count":13,"href":"https:\/\/heredigene.gr\/tr\/wp-json\/wp\/v2\/pages\/2219\/revisions"}],"predecessor-version":[{"id":4117,"href":"https:\/\/heredigene.gr\/tr\/wp-json\/wp\/v2\/pages\/2219\/revisions\/4117"}],"wp:attachment":[{"href":"https:\/\/heredigene.gr\/tr\/wp-json\/wp\/v2\/media?parent=2219"}],"curies":[{"name":"wp","href":"https:\/\/api.w.org\/{rel}","templated":true}]}}