{"id":2164,"date":"2021-01-11T11:58:40","date_gmt":"2021-01-11T11:58:40","guid":{"rendered":"http:\/\/lefteris.aboutdev.gr\/heredigene\/?page_id=2164"},"modified":"2022-10-18T12:01:04","modified_gmt":"2022-10-18T12:01:04","slug":"heredigene-gene-panel","status":"publish","type":"page","link":"https:\/\/heredigene.gr\/tr\/heredigene-gene-panel\/","title":{"rendered":"HerediGENE\u00ae Gen Paneli"},"content":{"rendered":"\t\t<div data-elementor-type=\"wp-page\" data-elementor-id=\"2164\" class=\"elementor elementor-2164 elementor-1753\">\n\t\t\t\t\t\t<div class=\"elementor-inner\">\n\t\t\t\t<div class=\"elementor-section-wrap\">\n\t\t\t\t\t\t\t\t\t<section class=\"elementor-section elementor-top-section elementor-element elementor-element-adb03ec elementor-section-full_width elementor-section-height-min-height elementor-section-items-top elementor-section-height-default\" data-id=\"adb03ec\" data-element_type=\"section\" data-settings=\"{&quot;background_background&quot;:&quot;classic&quot;}\">\n\t\t\t\t\t\t<div class=\"elementor-container elementor-column-gap-no\">\n\t\t\t\t\t\t\t<div class=\"elementor-row\">\n\t\t\t\t\t<div class=\"elementor-column elementor-col-100 elementor-top-column elementor-element elementor-element-bcd97d9\" data-id=\"bcd97d9\" data-element_type=\"column\">\n\t\t\t<div class=\"elementor-column-wrap elementor-element-populated\">\n\t\t\t\t\t\t\t<div class=\"elementor-widget-wrap\">\n\t\t\t\t\t\t<section class=\"elementor-section elementor-inner-section elementor-element elementor-element-6484c48 elementor-section-full_width elementor-section-height-min-height elementor-section-content-middle elementor-section-height-default\" data-id=\"6484c48\" data-element_type=\"section\" data-settings=\"{&quot;background_background&quot;:&quot;classic&quot;}\">\n\t\t\t\t\t\t<div class=\"elementor-container elementor-column-gap-default\">\n\t\t\t\t\t\t\t<div class=\"elementor-row\">\n\t\t\t\t\t<div class=\"elementor-column elementor-col-100 elementor-inner-column elementor-element elementor-element-db9f84a\" data-id=\"db9f84a\" data-element_type=\"column\">\n\t\t\t<div class=\"elementor-column-wrap elementor-element-populated\">\n\t\t\t\t\t\t\t<div class=\"elementor-widget-wrap\">\n\t\t\t\t\t\t<div class=\"elementor-element elementor-element-c4d7605 elementor-widget elementor-widget-text-editor\" data-id=\"c4d7605\" data-element_type=\"widget\" data-widget_type=\"text-editor.default\">\n\t\t\t\t<div class=\"elementor-widget-container\">\n\t\t\t\t\t\t\t\t<div class=\"elementor-text-editor elementor-clearfix\">\n\t\t\t\t<h1 class=\"wpb_wrapper\"><strong>HerediGENE\u00ae Gen Paneli<\/strong><\/h1>\t\t\t\t\t<\/div>\n\t\t\t\t\t\t<\/div>\n\t\t\t\t<\/div>\n\t\t\t\t\t\t<\/div>\n\t\t\t\t\t<\/div>\n\t\t<\/div>\n\t\t\t\t\t\t\t\t<\/div>\n\t\t\t\t\t<\/div>\n\t\t<\/section>\n\t\t\t\t<div class=\"elementor-element elementor-element-94869bc elementor-widget elementor-widget-image\" data-id=\"94869bc\" data-element_type=\"widget\" data-widget_type=\"image.default\">\n\t\t\t\t<div class=\"elementor-widget-container\">\n\t\t\t\t\t\t\t\t<div class=\"elementor-image\">\n\t\t\t\t\t\t\t\t\t\t\t\t<img decoding=\"async\" width=\"1920\" height=\"29\" src=\"https:\/\/heredigene.gr\/wp-content\/uploads\/2020\/09\/bottom-full-line.png\" class=\"attachment-full size-full wp-image-3184\" alt=\"brca gene mutation\" loading=\"lazy\" srcset=\"https:\/\/heredigene.gr\/wp-content\/uploads\/2020\/09\/bottom-full-line.png 1920w, https:\/\/heredigene.gr\/wp-content\/uploads\/2020\/09\/bottom-full-line-300x5.png 300w, https:\/\/heredigene.gr\/wp-content\/uploads\/2020\/09\/bottom-full-line-1024x15.png 1024w, https:\/\/heredigene.gr\/wp-content\/uploads\/2020\/09\/bottom-full-line-768x12.png 768w, https:\/\/heredigene.gr\/wp-content\/uploads\/2020\/09\/bottom-full-line-1536x23.png 1536w\" sizes=\"(max-width: 1920px) 100vw, 1920px\" \/>\t\t\t\t\t\t\t\t\t\t\t\t\t\t<\/div>\n\t\t\t\t\t\t<\/div>\n\t\t\t\t<\/div>\n\t\t\t\t<section class=\"elementor-section elementor-inner-section elementor-element elementor-element-c5d6865 elementor-section-full_width elementor-section-height-default elementor-section-height-default\" data-id=\"c5d6865\" data-element_type=\"section\" id=\"howitworks\">\n\t\t\t\t\t\t<div class=\"elementor-container elementor-column-gap-default\">\n\t\t\t\t\t\t\t<div class=\"elementor-row\">\n\t\t\t\t\t<main class=\"elementor-column elementor-col-100 elementor-inner-column elementor-element elementor-element-5945b65\" data-id=\"5945b65\" data-element_type=\"column\">\n\t\t\t<div class=\"elementor-column-wrap elementor-element-populated\">\n\t\t\t\t\t\t\t<div class=\"elementor-widget-wrap\">\n\t\t\t\t\t\t<div class=\"elementor-element elementor-element-e71f16e elementor-widget elementor-widget-heading\" data-id=\"e71f16e\" data-element_type=\"widget\" data-widget_type=\"heading.default\">\n\t\t\t\t<div class=\"elementor-widget-container\">\n\t\t\t<h2 class=\"elementor-heading-title elementor-size-default\">Analiz Edilen Gen Tablosu\n\n\n<\/h2>\t\t<\/div>\n\t\t\t\t<\/div>\n\t\t\t\t<div class=\"elementor-element elementor-element-2f93e3b elementor-widget-divider--view-line elementor-widget elementor-widget-divider\" data-id=\"2f93e3b\" data-element_type=\"widget\" data-widget_type=\"divider.default\">\n\t\t\t\t<div class=\"elementor-widget-container\">\n\t\t\t\t\t<div class=\"elementor-divider\">\n\t\t\t<span class=\"elementor-divider-separator\">\n\t\t\t\t\t\t<\/span>\n\t\t<\/div>\n\t\t\t\t<\/div>\n\t\t\t\t<\/div>\n\t\t\t\t<div class=\"elementor-element elementor-element-195f407 elementor-widget elementor-widget-image\" data-id=\"195f407\" data-element_type=\"widget\" data-widget_type=\"image.default\">\n\t\t\t\t<div class=\"elementor-widget-container\">\n\t\t\t\t\t\t\t\t<div class=\"elementor-image\">\n\t\t\t\t\t\t\t\t\t\t\t\t<img decoding=\"async\" width=\"1890\" height=\"1359\" src=\"https:\/\/heredigene.gr\/wp-content\/uploads\/2022\/10\/Heredigene_52genepanel_page-0001-1.jpg\" class=\"attachment-full size-full wp-image-4764\" alt=\"gene panel\" loading=\"lazy\" srcset=\"https:\/\/heredigene.gr\/wp-content\/uploads\/2022\/10\/Heredigene_52genepanel_page-0001-1.jpg 1890w, https:\/\/heredigene.gr\/wp-content\/uploads\/2022\/10\/Heredigene_52genepanel_page-0001-1-300x216.jpg 300w, https:\/\/heredigene.gr\/wp-content\/uploads\/2022\/10\/Heredigene_52genepanel_page-0001-1-1024x736.jpg 1024w, https:\/\/heredigene.gr\/wp-content\/uploads\/2022\/10\/Heredigene_52genepanel_page-0001-1-768x552.jpg 768w, https:\/\/heredigene.gr\/wp-content\/uploads\/2022\/10\/Heredigene_52genepanel_page-0001-1-1536x1104.jpg 1536w\" sizes=\"(max-width: 1890px) 100vw, 1890px\" \/>\t\t\t\t\t\t\t\t\t\t\t\t\t\t<\/div>\n\t\t\t\t\t\t<\/div>\n\t\t\t\t<\/div>\n\t\t\t\t\t\t<\/div>\n\t\t\t\t\t<\/div>\n\t\t<\/main>\n\t\t\t\t\t\t\t\t<\/div>\n\t\t\t\t\t<\/div>\n\t\t<\/section>\n\t\t\t\t\t\t<\/div>\n\t\t\t\t\t<\/div>\n\t\t<\/div>\n\t\t\t\t\t\t\t\t<\/div>\n\t\t\t\t\t<\/div>\n\t\t<\/section>\n\t\t\t\t<section class=\"elementor-section elementor-top-section elementor-element elementor-element-49aff7b elementor-section-boxed elementor-section-height-default elementor-section-height-default\" data-id=\"49aff7b\" data-element_type=\"section\" data-settings=\"{&quot;background_background&quot;:&quot;classic&quot;}\">\n\t\t\t\t\t\t<div class=\"elementor-container elementor-column-gap-wider\">\n\t\t\t\t\t\t\t<div class=\"elementor-row\">\n\t\t\t\t\t<div class=\"elementor-column elementor-col-100 elementor-top-column elementor-element elementor-element-060659f\" data-id=\"060659f\" data-element_type=\"column\" data-settings=\"{&quot;background_background&quot;:&quot;classic&quot;}\">\n\t\t\t<div class=\"elementor-column-wrap elementor-element-populated\">\n\t\t\t\t\t<div class=\"elementor-background-overlay\"><\/div>\n\t\t\t\t\t\t\t<div class=\"elementor-widget-wrap\">\n\t\t\t\t\t\t<section class=\"elementor-section elementor-inner-section elementor-element elementor-element-132399a elementor-section-boxed elementor-section-height-default elementor-section-height-default\" data-id=\"132399a\" data-element_type=\"section\" data-settings=\"{&quot;background_background&quot;:&quot;classic&quot;}\">\n\t\t\t\t\t\t\t<div class=\"elementor-background-overlay\"><\/div>\n\t\t\t\t\t\t\t<div class=\"elementor-container elementor-column-gap-wider\">\n\t\t\t\t\t\t\t<div class=\"elementor-row\">\n\t\t\t\t\t<div class=\"elementor-column elementor-col-100 elementor-inner-column elementor-element elementor-element-056caaa\" data-id=\"056caaa\" data-element_type=\"column\">\n\t\t\t<div class=\"elementor-column-wrap elementor-element-populated\">\n\t\t\t\t\t\t\t<div class=\"elementor-widget-wrap\">\n\t\t\t\t\t\t<div class=\"elementor-element elementor-element-041de32 elementor-widget elementor-widget-text-editor\" data-id=\"041de32\" data-element_type=\"widget\" data-widget_type=\"text-editor.default\">\n\t\t\t\t<div class=\"elementor-widget-container\">\n\t\t\t\t\t\t\t\t<div class=\"elementor-text-editor elementor-clearfix\">\n\t\t\t\t<div style=\"font-family: 'Segoe UI'; font-style: normal;\"><p><span style=\"font-family: Calibri;\">En g\u00fcncel uluslararas\u0131 k\u0131lavuzlar (ASCO, ESMO, NCCN ve Amerikan Meme Cerrahlar\u0131 Derne\u011fi), meme, prostat, kolon, pankreas, over kanseri vb. riskinin artmas\u0131yla ili\u015fkili gen varyantlar\u0131n\u0131n daha iyi kapsanmas\u0131 i\u00e7in yaln\u0131zca <\/span><span style=\"font-family: Calibri; font-style: italic;\">BRCA1\/2<\/span><span style=\"font-family: Calibri;\"> yerine \u00e7oklu gen panellerinin kullan\u0131lmas\u0131n\u0131 \u015fiddetle tavsiye etmektedir.<\/span><\/p><\/div>\t\t\t\t\t<\/div>\n\t\t\t\t\t\t<\/div>\n\t\t\t\t<\/div>\n\t\t\t\t\t\t<\/div>\n\t\t\t\t\t<\/div>\n\t\t<\/div>\n\t\t\t\t\t\t\t\t<\/div>\n\t\t\t\t\t<\/div>\n\t\t<\/section>\n\t\t\t\t\t\t<\/div>\n\t\t\t\t\t<\/div>\n\t\t<\/div>\n\t\t\t\t\t\t\t\t<\/div>\n\t\t\t\t\t<\/div>\n\t\t<\/section>\n\t\t\t\t\t\t\t\t\t<\/div>\n\t\t\t<\/div>\n\t\t\t\t\t<\/div>\n\t\t","protected":false},"excerpt":{"rendered":"<p>HerediGENE\u00ae Gen Paneli Analiz Edilen Gen Tablosu En g\u00fcncel uluslararas\u0131 k\u0131lavuzlar (ASCO, ESMO, NCCN ve Amerikan Meme Cerrahlar\u0131 Derne\u011fi), meme, prostat, kolon, pankreas, over kanseri vb. riskinin artmas\u0131yla ili\u015fkili gen varyantlar\u0131n\u0131n daha iyi kapsanmas\u0131 i\u00e7in yaln\u0131zca BRCA1\/2 yerine \u00e7oklu gen panellerinin kullan\u0131lmas\u0131n\u0131 \u015fiddetle tavsiye etmektedir.<\/p>\n","protected":false},"author":1,"featured_media":0,"parent":0,"menu_order":0,"comment_status":"closed","ping_status":"closed","template":"elementor_header_footer","meta":[],"yoast_head":"<!-- This site is optimized with the Yoast SEO Premium plugin v20.1 (Yoast SEO v20.1) - https:\/\/yoast.com\/wordpress\/plugins\/seo\/ -->\n<title>HerediGENE\u00ae Gen Paneli - Heredigene<\/title>\n<meta name=\"robots\" content=\"index, follow, max-snippet:-1, max-image-preview:large, max-video-preview:-1\" \/>\n<link rel=\"canonical\" href=\"https:\/\/heredigene.gr\/tr\/heredigene-gene-panel\/\" \/>\n<meta property=\"og:locale\" content=\"tr_TR\" \/>\n<meta property=\"og:type\" content=\"article\" \/>\n<meta property=\"og:title\" content=\"HerediGENE\u00ae Gen Paneli\" \/>\n<meta property=\"og:description\" content=\"HerediGENE\u00ae Gen Paneli Analiz Edilen Gen Tablosu En g\u00fcncel uluslararas\u0131 k\u0131lavuzlar (ASCO, ESMO, NCCN ve Amerikan Meme Cerrahlar\u0131 Derne\u011fi), meme, prostat, kolon, pankreas, over kanseri vb. riskinin artmas\u0131yla ili\u015fkili gen varyantlar\u0131n\u0131n daha iyi kapsanmas\u0131 i\u00e7in yaln\u0131zca BRCA1\/2 yerine \u00e7oklu gen panellerinin kullan\u0131lmas\u0131n\u0131 \u015fiddetle tavsiye etmektedir.\" \/>\n<meta property=\"og:url\" content=\"https:\/\/heredigene.gr\/tr\/heredigene-gene-panel\/\" \/>\n<meta property=\"og:site_name\" content=\"Heredigene\" \/>\n<meta property=\"article:publisher\" content=\"https:\/\/www.facebook.com\/genekorbiotechnology\/\" \/>\n<meta property=\"article:modified_time\" content=\"2022-10-18T12:01:04+00:00\" \/>\n<meta property=\"og:image\" content=\"https:\/\/www.heredigene.gr\/wp-content\/uploads\/2020\/09\/bottom-full-line.png\" \/>\n<meta name=\"twitter:card\" content=\"summary_large_image\" \/>\n<meta name=\"twitter:label1\" content=\"Tahmini okuma s\u00fcresi\" \/>\n\t<meta name=\"twitter:data1\" content=\"1 dakika\" \/>\n<script type=\"application\/ld+json\" class=\"yoast-schema-graph\">{\"@context\":\"https:\/\/schema.org\",\"@graph\":[{\"@type\":\"WebPage\",\"@id\":\"https:\/\/heredigene.gr\/tr\/heredigene-gene-panel\/\",\"url\":\"https:\/\/heredigene.gr\/tr\/heredigene-gene-panel\/\",\"name\":\"HerediGENE\u00ae Gen Paneli - Heredigene\",\"isPartOf\":{\"@id\":\"https:\/\/heredigene.gr\/tr\/#website\"},\"datePublished\":\"2021-01-11T11:58:40+00:00\",\"dateModified\":\"2022-10-18T12:01:04+00:00\",\"breadcrumb\":{\"@id\":\"https:\/\/heredigene.gr\/tr\/heredigene-gene-panel\/#breadcrumb\"},\"inLanguage\":\"tr\",\"potentialAction\":[{\"@type\":\"ReadAction\",\"target\":[\"https:\/\/heredigene.gr\/tr\/heredigene-gene-panel\/\"]}]},{\"@type\":\"BreadcrumbList\",\"@id\":\"https:\/\/heredigene.gr\/tr\/heredigene-gene-panel\/#breadcrumb\",\"itemListElement\":[{\"@type\":\"ListItem\",\"position\":1,\"name\":\"Home\",\"item\":\"https:\/\/heredigene.gr\/tr\/\"},{\"@type\":\"ListItem\",\"position\":2,\"name\":\"HerediGENE\u00ae Gen Paneli\"}]},{\"@type\":\"WebSite\",\"@id\":\"https:\/\/heredigene.gr\/tr\/#website\",\"url\":\"https:\/\/heredigene.gr\/tr\/\",\"name\":\"Heredigene\",\"description\":\"Heredigene by GENEKOR\",\"publisher\":{\"@id\":\"https:\/\/heredigene.gr\/tr\/#organization\"},\"potentialAction\":[{\"@type\":\"SearchAction\",\"target\":{\"@type\":\"EntryPoint\",\"urlTemplate\":\"https:\/\/heredigene.gr\/tr\/?s={search_term_string}\"},\"query-input\":\"required name=search_term_string\"}],\"inLanguage\":\"tr\"},{\"@type\":\"Organization\",\"@id\":\"https:\/\/heredigene.gr\/tr\/#organization\",\"name\":\"GENEKOR MEDICAL SA\",\"url\":\"https:\/\/heredigene.gr\/tr\/\",\"logo\":{\"@type\":\"ImageObject\",\"inLanguage\":\"tr\",\"@id\":\"https:\/\/heredigene.gr\/tr\/#\/schema\/logo\/image\/\",\"url\":\"https:\/\/www.heredigene.gr\/wp-content\/uploads\/2020\/09\/logo-genekor.png\",\"contentUrl\":\"https:\/\/www.heredigene.gr\/wp-content\/uploads\/2020\/09\/logo-genekor.png\",\"width\":150,\"height\":150,\"caption\":\"GENEKOR MEDICAL SA\"},\"image\":{\"@id\":\"https:\/\/heredigene.gr\/tr\/#\/schema\/logo\/image\/\"},\"sameAs\":[\"https:\/\/www.facebook.com\/genekorbiotechnology\/\",\"https:\/\/www.instagram.com\/genekor_greece\/\",\"https:\/\/www.linkedin.com\/company\/genekor-sa\/posts\/?feedView=all\",\"https:\/\/www.youtube.com\/channel\/UCKC7sMFecVBY-OZAlRBHNzA\"]}]}<\/script>\n<!-- \/ Yoast SEO Premium plugin. -->","yoast_head_json":{"title":"HerediGENE\u00ae Gen Paneli - Heredigene","robots":{"index":"index","follow":"follow","max-snippet":"max-snippet:-1","max-image-preview":"max-image-preview:large","max-video-preview":"max-video-preview:-1"},"canonical":"https:\/\/heredigene.gr\/tr\/heredigene-gene-panel\/","og_locale":"tr_TR","og_type":"article","og_title":"HerediGENE\u00ae Gen Paneli","og_description":"HerediGENE\u00ae Gen Paneli Analiz Edilen Gen Tablosu En g\u00fcncel uluslararas\u0131 k\u0131lavuzlar (ASCO, ESMO, NCCN ve Amerikan Meme Cerrahlar\u0131 Derne\u011fi), meme, prostat, kolon, pankreas, over kanseri vb. riskinin artmas\u0131yla ili\u015fkili gen varyantlar\u0131n\u0131n daha iyi kapsanmas\u0131 i\u00e7in yaln\u0131zca BRCA1\/2 yerine \u00e7oklu gen panellerinin kullan\u0131lmas\u0131n\u0131 \u015fiddetle tavsiye etmektedir.","og_url":"https:\/\/heredigene.gr\/tr\/heredigene-gene-panel\/","og_site_name":"Heredigene","article_publisher":"https:\/\/www.facebook.com\/genekorbiotechnology\/","article_modified_time":"2022-10-18T12:01:04+00:00","og_image":[{"url":"https:\/\/www.heredigene.gr\/wp-content\/uploads\/2020\/09\/bottom-full-line.png"}],"twitter_card":"summary_large_image","twitter_misc":{"Tahmini okuma s\u00fcresi":"1 dakika"},"schema":{"@context":"https:\/\/schema.org","@graph":[{"@type":"WebPage","@id":"https:\/\/heredigene.gr\/tr\/heredigene-gene-panel\/","url":"https:\/\/heredigene.gr\/tr\/heredigene-gene-panel\/","name":"HerediGENE\u00ae Gen Paneli - Heredigene","isPartOf":{"@id":"https:\/\/heredigene.gr\/tr\/#website"},"datePublished":"2021-01-11T11:58:40+00:00","dateModified":"2022-10-18T12:01:04+00:00","breadcrumb":{"@id":"https:\/\/heredigene.gr\/tr\/heredigene-gene-panel\/#breadcrumb"},"inLanguage":"tr","potentialAction":[{"@type":"ReadAction","target":["https:\/\/heredigene.gr\/tr\/heredigene-gene-panel\/"]}]},{"@type":"BreadcrumbList","@id":"https:\/\/heredigene.gr\/tr\/heredigene-gene-panel\/#breadcrumb","itemListElement":[{"@type":"ListItem","position":1,"name":"Home","item":"https:\/\/heredigene.gr\/tr\/"},{"@type":"ListItem","position":2,"name":"HerediGENE\u00ae Gen Paneli"}]},{"@type":"WebSite","@id":"https:\/\/heredigene.gr\/tr\/#website","url":"https:\/\/heredigene.gr\/tr\/","name":"Heredigene","description":"Heredigene by GENEKOR","publisher":{"@id":"https:\/\/heredigene.gr\/tr\/#organization"},"potentialAction":[{"@type":"SearchAction","target":{"@type":"EntryPoint","urlTemplate":"https:\/\/heredigene.gr\/tr\/?s={search_term_string}"},"query-input":"required name=search_term_string"}],"inLanguage":"tr"},{"@type":"Organization","@id":"https:\/\/heredigene.gr\/tr\/#organization","name":"GENEKOR MEDICAL SA","url":"https:\/\/heredigene.gr\/tr\/","logo":{"@type":"ImageObject","inLanguage":"tr","@id":"https:\/\/heredigene.gr\/tr\/#\/schema\/logo\/image\/","url":"https:\/\/www.heredigene.gr\/wp-content\/uploads\/2020\/09\/logo-genekor.png","contentUrl":"https:\/\/www.heredigene.gr\/wp-content\/uploads\/2020\/09\/logo-genekor.png","width":150,"height":150,"caption":"GENEKOR MEDICAL SA"},"image":{"@id":"https:\/\/heredigene.gr\/tr\/#\/schema\/logo\/image\/"},"sameAs":["https:\/\/www.facebook.com\/genekorbiotechnology\/","https:\/\/www.instagram.com\/genekor_greece\/","https:\/\/www.linkedin.com\/company\/genekor-sa\/posts\/?feedView=all","https:\/\/www.youtube.com\/channel\/UCKC7sMFecVBY-OZAlRBHNzA"]}]}},"_links":{"self":[{"href":"https:\/\/heredigene.gr\/tr\/wp-json\/wp\/v2\/pages\/2164"}],"collection":[{"href":"https:\/\/heredigene.gr\/tr\/wp-json\/wp\/v2\/pages"}],"about":[{"href":"https:\/\/heredigene.gr\/tr\/wp-json\/wp\/v2\/types\/page"}],"author":[{"embeddable":true,"href":"https:\/\/heredigene.gr\/tr\/wp-json\/wp\/v2\/users\/1"}],"replies":[{"embeddable":true,"href":"https:\/\/heredigene.gr\/tr\/wp-json\/wp\/v2\/comments?post=2164"}],"version-history":[{"count":14,"href":"https:\/\/heredigene.gr\/tr\/wp-json\/wp\/v2\/pages\/2164\/revisions"}],"predecessor-version":[{"id":4806,"href":"https:\/\/heredigene.gr\/tr\/wp-json\/wp\/v2\/pages\/2164\/revisions\/4806"}],"wp:attachment":[{"href":"https:\/\/heredigene.gr\/tr\/wp-json\/wp\/v2\/media?parent=2164"}],"curies":[{"name":"wp","href":"https:\/\/api.w.org\/{rel}","templated":true}]}}