{"id":2126,"date":"2021-01-11T10:52:16","date_gmt":"2021-01-11T10:52:16","guid":{"rendered":"http:\/\/lefteris.aboutdev.gr\/heredigene\/?page_id=2126"},"modified":"2024-07-26T10:50:31","modified_gmt":"2024-07-26T10:50:31","slug":"contact-us","status":"publish","type":"page","link":"https:\/\/heredigene.gr\/tr\/contact-us\/","title":{"rendered":"Bize Ula\u015f\u0131n"},"content":{"rendered":"\t\t<div data-elementor-type=\"wp-page\" data-elementor-id=\"2126\" class=\"elementor elementor-2126 elementor-1811\">\n\t\t\t\t\t\t<div class=\"elementor-inner\">\n\t\t\t\t<div class=\"elementor-section-wrap\">\n\t\t\t\t\t\t\t\t\t<section class=\"elementor-section elementor-top-section elementor-element elementor-element-adb03ec elementor-section-full_width elementor-section-height-min-height elementor-section-items-top elementor-section-height-default\" data-id=\"adb03ec\" data-element_type=\"section\" data-settings=\"{&quot;background_background&quot;:&quot;classic&quot;}\">\n\t\t\t\t\t\t<div class=\"elementor-container elementor-column-gap-no\">\n\t\t\t\t\t\t\t<div class=\"elementor-row\">\n\t\t\t\t\t<div class=\"elementor-column elementor-col-100 elementor-top-column elementor-element elementor-element-bcd97d9\" data-id=\"bcd97d9\" data-element_type=\"column\">\n\t\t\t<div class=\"elementor-column-wrap elementor-element-populated\">\n\t\t\t\t\t\t\t<div class=\"elementor-widget-wrap\">\n\t\t\t\t\t\t<section class=\"elementor-section elementor-inner-section elementor-element elementor-element-6484c48 elementor-section-full_width elementor-section-height-min-height elementor-section-content-middle elementor-section-height-default\" data-id=\"6484c48\" data-element_type=\"section\" data-settings=\"{&quot;background_background&quot;:&quot;classic&quot;}\">\n\t\t\t\t\t\t<div class=\"elementor-container elementor-column-gap-default\">\n\t\t\t\t\t\t\t<div class=\"elementor-row\">\n\t\t\t\t\t<div class=\"elementor-column elementor-col-100 elementor-inner-column elementor-element elementor-element-db9f84a\" data-id=\"db9f84a\" data-element_type=\"column\">\n\t\t\t<div class=\"elementor-column-wrap elementor-element-populated\">\n\t\t\t\t\t\t\t<div class=\"elementor-widget-wrap\">\n\t\t\t\t\t\t<div class=\"elementor-element elementor-element-c4d7605 elementor-widget elementor-widget-text-editor\" data-id=\"c4d7605\" data-element_type=\"widget\" data-widget_type=\"text-editor.default\">\n\t\t\t\t<div class=\"elementor-widget-container\">\n\t\t\t\t\t\t\t\t<div class=\"elementor-text-editor elementor-clearfix\">\n\t\t\t\t<h2 class=\"wpb_wrapper\"><strong>Ula\u015f\u0131n\n<\/strong><\/h2>\t\t\t\t\t<\/div>\n\t\t\t\t\t\t<\/div>\n\t\t\t\t<\/div>\n\t\t\t\t\t\t<\/div>\n\t\t\t\t\t<\/div>\n\t\t<\/div>\n\t\t\t\t\t\t\t\t<\/div>\n\t\t\t\t\t<\/div>\n\t\t<\/section>\n\t\t\t\t<div class=\"elementor-element elementor-element-94869bc elementor-widget elementor-widget-image\" data-id=\"94869bc\" data-element_type=\"widget\" data-widget_type=\"image.default\">\n\t\t\t\t<div class=\"elementor-widget-container\">\n\t\t\t\t\t\t\t\t<div class=\"elementor-image\">\n\t\t\t\t\t\t\t\t\t\t\t\t<img decoding=\"async\" width=\"1920\" height=\"29\" src=\"https:\/\/heredigene.gr\/wp-content\/uploads\/2020\/09\/bottom-full-line.png\" class=\"attachment-full size-full wp-image-3184\" alt=\"brca gene mutation\" loading=\"lazy\" srcset=\"https:\/\/heredigene.gr\/wp-content\/uploads\/2020\/09\/bottom-full-line.png 1920w, https:\/\/heredigene.gr\/wp-content\/uploads\/2020\/09\/bottom-full-line-300x5.png 300w, https:\/\/heredigene.gr\/wp-content\/uploads\/2020\/09\/bottom-full-line-1024x15.png 1024w, https:\/\/heredigene.gr\/wp-content\/uploads\/2020\/09\/bottom-full-line-768x12.png 768w, https:\/\/heredigene.gr\/wp-content\/uploads\/2020\/09\/bottom-full-line-1536x23.png 1536w\" sizes=\"(max-width: 1920px) 100vw, 1920px\" \/>\t\t\t\t\t\t\t\t\t\t\t\t\t\t<\/div>\n\t\t\t\t\t\t<\/div>\n\t\t\t\t<\/div>\n\t\t\t\t<section class=\"elementor-section elementor-inner-section elementor-element elementor-element-90c7a68 elementor-section-boxed elementor-section-height-default elementor-section-height-default\" data-id=\"90c7a68\" data-element_type=\"section\">\n\t\t\t\t\t\t<div class=\"elementor-container elementor-column-gap-default\">\n\t\t\t\t\t\t\t<div class=\"elementor-row\">\n\t\t\t\t\t<div class=\"elementor-column elementor-col-33 elementor-inner-column elementor-element elementor-element-ae8f004\" data-id=\"ae8f004\" data-element_type=\"column\">\n\t\t\t<div class=\"elementor-column-wrap elementor-element-populated\">\n\t\t\t\t\t\t\t<div class=\"elementor-widget-wrap\">\n\t\t\t\t\t\t<div class=\"elementor-element elementor-element-8b0f0cc elementor-view-default elementor-mobile-position-top elementor-vertical-align-top elementor-widget elementor-widget-icon-box\" data-id=\"8b0f0cc\" data-element_type=\"widget\" data-widget_type=\"icon-box.default\">\n\t\t\t\t<div class=\"elementor-widget-container\">\n\t\t\t\t\t<div class=\"elementor-icon-box-wrapper\">\n\t\t\t\t\t\t<div class=\"elementor-icon-box-icon\">\n\t\t\t\t<span class=\"elementor-icon elementor-animation-\" >\n\t\t\t\t<i aria-hidden=\"true\" class=\"fas fa-map-marker-alt\"><\/i>\t\t\t\t<\/span>\n\t\t\t<\/div>\n\t\t\t\t\t\t<div class=\"elementor-icon-box-content\">\n\t\t\t\t<h4 class=\"elementor-icon-box-title\">\n\t\t\t\t\t<span  >\n\t\t\t\t\t\t Ave. 15344, Gerakas, Greece,\t\t\t\t\t<\/span>\n\t\t\t\t<\/h4>\n\t\t\t\t\t\t\t<\/div>\n\t\t<\/div>\n\t\t\t\t<\/div>\n\t\t\t\t<\/div>\n\t\t\t\t\t\t<\/div>\n\t\t\t\t\t<\/div>\n\t\t<\/div>\n\t\t\t\t<div class=\"elementor-column elementor-col-33 elementor-inner-column elementor-element elementor-element-e7bb929\" data-id=\"e7bb929\" data-element_type=\"column\">\n\t\t\t<div class=\"elementor-column-wrap elementor-element-populated\">\n\t\t\t\t\t\t\t<div class=\"elementor-widget-wrap\">\n\t\t\t\t\t\t<div class=\"elementor-element elementor-element-995c287 elementor-view-default elementor-mobile-position-top elementor-vertical-align-top elementor-widget elementor-widget-icon-box\" data-id=\"995c287\" data-element_type=\"widget\" data-widget_type=\"icon-box.default\">\n\t\t\t\t<div class=\"elementor-widget-container\">\n\t\t\t\t\t<div class=\"elementor-icon-box-wrapper\">\n\t\t\t\t\t\t<div class=\"elementor-icon-box-icon\">\n\t\t\t\t<span class=\"elementor-icon elementor-animation-\" >\n\t\t\t\t<i aria-hidden=\"true\" class=\"fas fa-phone-alt\"><\/i>\t\t\t\t<\/span>\n\t\t\t<\/div>\n\t\t\t\t\t\t<div class=\"elementor-icon-box-content\">\n\t\t\t\t<h4 class=\"elementor-icon-box-title\">\n\t\t\t\t\t<span  >\n\t\t\t\t\t\t210 6032138\t\t\t\t\t<\/span>\n\t\t\t\t<\/h4>\n\t\t\t\t\t\t\t<\/div>\n\t\t<\/div>\n\t\t\t\t<\/div>\n\t\t\t\t<\/div>\n\t\t\t\t\t\t<\/div>\n\t\t\t\t\t<\/div>\n\t\t<\/div>\n\t\t\t\t<div class=\"elementor-column elementor-col-33 elementor-inner-column elementor-element elementor-element-6186ea1\" data-id=\"6186ea1\" data-element_type=\"column\">\n\t\t\t<div class=\"elementor-column-wrap elementor-element-populated\">\n\t\t\t\t\t\t\t<div class=\"elementor-widget-wrap\">\n\t\t\t\t\t\t<div class=\"elementor-element elementor-element-b794603 elementor-view-default elementor-mobile-position-top elementor-vertical-align-top elementor-widget elementor-widget-icon-box\" data-id=\"b794603\" data-element_type=\"widget\" data-widget_type=\"icon-box.default\">\n\t\t\t\t<div class=\"elementor-widget-container\">\n\t\t\t\t\t<div class=\"elementor-icon-box-wrapper\">\n\t\t\t\t\t\t<div class=\"elementor-icon-box-icon\">\n\t\t\t\t<span class=\"elementor-icon elementor-animation-\" >\n\t\t\t\t<i aria-hidden=\"true\" class=\"fas fa-mail-bulk\"><\/i>\t\t\t\t<\/span>\n\t\t\t<\/div>\n\t\t\t\t\t\t<div class=\"elementor-icon-box-content\">\n\t\t\t\t<h4 class=\"elementor-icon-box-title\">\n\t\t\t\t\t<span  >\n\t\t\t\t\t\tinfo@genekor.com\t\t\t\t\t<\/span>\n\t\t\t\t<\/h4>\n\t\t\t\t\t\t\t<\/div>\n\t\t<\/div>\n\t\t\t\t<\/div>\n\t\t\t\t<\/div>\n\t\t\t\t\t\t<\/div>\n\t\t\t\t\t<\/div>\n\t\t<\/div>\n\t\t\t\t\t\t\t\t<\/div>\n\t\t\t\t\t<\/div>\n\t\t<\/section>\n\t\t\t\t<section class=\"elementor-section elementor-inner-section elementor-element elementor-element-5b9973b elementor-section-boxed elementor-section-height-default elementor-section-height-default\" data-id=\"5b9973b\" data-element_type=\"section\">\n\t\t\t\t\t\t<div class=\"elementor-container elementor-column-gap-default\">\n\t\t\t\t\t\t\t<div class=\"elementor-row\">\n\t\t\t\t\t<div class=\"elementor-column elementor-col-50 elementor-inner-column elementor-element elementor-element-63383d9\" data-id=\"63383d9\" data-element_type=\"column\">\n\t\t\t<div class=\"elementor-column-wrap elementor-element-populated\">\n\t\t\t\t\t\t\t<div class=\"elementor-widget-wrap\">\n\t\t\t\t\t\t<div class=\"elementor-element elementor-element-143eeda elementor-button-align-stretch elementor-widget elementor-widget-form\" data-id=\"143eeda\" data-element_type=\"widget\" data-settings=\"{&quot;button_width&quot;:&quot;50&quot;,&quot;step_next_label&quot;:&quot;Next&quot;,&quot;step_previous_label&quot;:&quot;Previous&quot;,&quot;step_type&quot;:&quot;number_text&quot;,&quot;step_icon_shape&quot;:&quot;circle&quot;}\" data-widget_type=\"form.default\">\n\t\t\t\t<div class=\"elementor-widget-container\">\n\t\t\t\t\t<form class=\"elementor-form\" method=\"post\" name=\"New Form\">\n\t\t\t<input type=\"hidden\" name=\"post_id\" value=\"2126\"\/>\n\t\t\t<input type=\"hidden\" name=\"form_id\" value=\"143eeda\"\/>\n\t\t\t<input type=\"hidden\" name=\"referer_title\" value=\"Heredigene\" \/>\n\n\t\t\t\n\t\t\t<div class=\"elementor-form-fields-wrapper elementor-labels-above\">\n\t\t\t\t\t\t\t\t<div class=\"elementor-field-type-text elementor-field-group elementor-column elementor-field-group-name elementor-col-100\">\n\t\t\t\t\t\t\t\t\t\t\t\t<label for=\"form-field-name\" class=\"elementor-field-label\">\n\t\t\t\t\t\t\t\tName\t\t\t\t\t\t\t<\/label>\n\t\t\t\t\t\t\t\t\t\t\t\t\t\t<input size=\"1\" type=\"text\" name=\"form_fields[name]\" id=\"form-field-name\" class=\"elementor-field elementor-size-md  elementor-field-textual\" placeholder=\"Name\">\n\t\t\t\t\t\t\t\t\t\t\t<\/div>\n\t\t\t\t\t\t\t\t<div class=\"elementor-field-type-email elementor-field-group elementor-column elementor-field-group-email elementor-col-100 elementor-field-required\">\n\t\t\t\t\t\t\t\t\t\t\t\t<label for=\"form-field-email\" class=\"elementor-field-label\">\n\t\t\t\t\t\t\t\tEmail\t\t\t\t\t\t\t<\/label>\n\t\t\t\t\t\t\t\t\t\t\t\t\t\t<input size=\"1\" type=\"email\" name=\"form_fields[email]\" id=\"form-field-email\" class=\"elementor-field elementor-size-md  elementor-field-textual\" placeholder=\"Email\" required=\"required\" aria-required=\"true\">\n\t\t\t\t\t\t\t\t\t\t\t<\/div>\n\t\t\t\t\t\t\t\t<div class=\"elementor-field-type-textarea elementor-field-group elementor-column elementor-field-group-message elementor-col-100\">\n\t\t\t\t\t\t\t\t\t\t\t\t<label for=\"form-field-message\" class=\"elementor-field-label\">\n\t\t\t\t\t\t\t\tMessage\t\t\t\t\t\t\t<\/label>\n\t\t\t\t\t\t<textarea class=\"elementor-field-textual elementor-field  elementor-size-md\" name=\"form_fields[message]\" id=\"form-field-message\" rows=\"4\" placeholder=\"Message\"><\/textarea>\t\t\t\t<\/div>\n\t\t\t\t\t\t\t\t<div class=\"elementor-field-group elementor-column elementor-field-type-submit elementor-col-50 e-form__buttons\">\n\t\t\t\t\t<button type=\"submit\" class=\"elementor-button elementor-size-sm\">\n\t\t\t\t\t\t<span >\n\t\t\t\t\t\t\t\t\t\t\t\t\t\t\t<span class=\" elementor-button-icon\">\n\t\t\t\t\t\t\t\t\t\t\t\t\t\t\t\t\t\t\t\t\t\t\t\t\t\t<\/span>\n\t\t\t\t\t\t\t\t\t\t\t\t\t\t\t\t\t\t\t\t\t\t<span class=\"elementor-button-text\">Send<\/span>\n\t\t\t\t\t\t\t\t\t\t\t\t\t<\/span>\n\t\t\t\t\t<\/button>\n\t\t\t\t<\/div>\n\t\t\t<\/div>\n\t\t<\/form>\n\t\t\t\t<\/div>\n\t\t\t\t<\/div>\n\t\t\t\t\t\t<\/div>\n\t\t\t\t\t<\/div>\n\t\t<\/div>\n\t\t\t\t<div class=\"elementor-column elementor-col-50 elementor-inner-column elementor-element elementor-element-d598eb5\" data-id=\"d598eb5\" data-element_type=\"column\">\n\t\t\t<div class=\"elementor-column-wrap elementor-element-populated\">\n\t\t\t\t\t\t\t<div class=\"elementor-widget-wrap\">\n\t\t\t\t\t\t\t\t<\/div>\n\t\t\t\t\t<\/div>\n\t\t<\/div>\n\t\t\t\t\t\t\t\t<\/div>\n\t\t\t\t\t<\/div>\n\t\t<\/section>\n\t\t\t\t\t\t<\/div>\n\t\t\t\t\t<\/div>\n\t\t<\/div>\n\t\t\t\t\t\t\t\t<\/div>\n\t\t\t\t\t<\/div>\n\t\t<\/section>\n\t\t\t\t\t\t\t\t\t<\/div>\n\t\t\t<\/div>\n\t\t\t\t\t<\/div>\n\t\t","protected":false},"excerpt":{"rendered":"<p>Ula\u015f\u0131n Ave. 15344, Gerakas, Greece, 210 6032138 info@genekor.com<\/p>\n","protected":false},"author":1,"featured_media":0,"parent":0,"menu_order":0,"comment_status":"closed","ping_status":"closed","template":"elementor_header_footer","meta":[],"yoast_head":"<!-- This site is optimized with the Yoast SEO Premium plugin v20.1 (Yoast SEO v20.1) - https:\/\/yoast.com\/wordpress\/plugins\/seo\/ -->\n<title>Bize Ula\u015f\u0131n - Heredigene<\/title>\n<meta name=\"robots\" content=\"index, follow, max-snippet:-1, max-image-preview:large, max-video-preview:-1\" \/>\n<link rel=\"canonical\" href=\"https:\/\/heredigene.gr\/tr\/contact-us\/\" \/>\n<meta property=\"og:locale\" content=\"tr_TR\" \/>\n<meta property=\"og:type\" content=\"article\" \/>\n<meta property=\"og:title\" content=\"Bize Ula\u015f\u0131n\" \/>\n<meta property=\"og:description\" content=\"Ula\u015f\u0131n Ave. 15344, Gerakas, Greece, 210 6032138 info@genekor.com\" \/>\n<meta property=\"og:url\" content=\"https:\/\/heredigene.gr\/tr\/contact-us\/\" \/>\n<meta property=\"og:site_name\" content=\"Heredigene\" \/>\n<meta property=\"article:publisher\" content=\"https:\/\/www.facebook.com\/genekorbiotechnology\/\" \/>\n<meta property=\"article:modified_time\" content=\"2024-07-26T10:50:31+00:00\" \/>\n<meta property=\"og:image\" content=\"https:\/\/www.heredigene.gr\/wp-content\/uploads\/2020\/09\/bottom-full-line.png\" \/>\n<meta name=\"twitter:card\" content=\"summary_large_image\" \/>\n<meta name=\"twitter:label1\" content=\"Tahmini okuma s\u00fcresi\" \/>\n\t<meta name=\"twitter:data1\" content=\"1 dakika\" \/>\n<script type=\"application\/ld+json\" class=\"yoast-schema-graph\">{\"@context\":\"https:\/\/schema.org\",\"@graph\":[{\"@type\":\"WebPage\",\"@id\":\"https:\/\/heredigene.gr\/tr\/contact-us\/\",\"url\":\"https:\/\/heredigene.gr\/tr\/contact-us\/\",\"name\":\"Bize Ula\u015f\u0131n - Heredigene\",\"isPartOf\":{\"@id\":\"https:\/\/heredigene.gr\/tr\/#website\"},\"datePublished\":\"2021-01-11T10:52:16+00:00\",\"dateModified\":\"2024-07-26T10:50:31+00:00\",\"breadcrumb\":{\"@id\":\"https:\/\/heredigene.gr\/tr\/contact-us\/#breadcrumb\"},\"inLanguage\":\"tr\",\"potentialAction\":[{\"@type\":\"ReadAction\",\"target\":[\"https:\/\/heredigene.gr\/tr\/contact-us\/\"]}]},{\"@type\":\"BreadcrumbList\",\"@id\":\"https:\/\/heredigene.gr\/tr\/contact-us\/#breadcrumb\",\"itemListElement\":[{\"@type\":\"ListItem\",\"position\":1,\"name\":\"Home\",\"item\":\"https:\/\/heredigene.gr\/tr\/\"},{\"@type\":\"ListItem\",\"position\":2,\"name\":\"Bize Ula\u015f\u0131n\"}]},{\"@type\":\"WebSite\",\"@id\":\"https:\/\/heredigene.gr\/tr\/#website\",\"url\":\"https:\/\/heredigene.gr\/tr\/\",\"name\":\"Heredigene\",\"description\":\"Heredigene by GENEKOR\",\"publisher\":{\"@id\":\"https:\/\/heredigene.gr\/tr\/#organization\"},\"potentialAction\":[{\"@type\":\"SearchAction\",\"target\":{\"@type\":\"EntryPoint\",\"urlTemplate\":\"https:\/\/heredigene.gr\/tr\/?s={search_term_string}\"},\"query-input\":\"required name=search_term_string\"}],\"inLanguage\":\"tr\"},{\"@type\":\"Organization\",\"@id\":\"https:\/\/heredigene.gr\/tr\/#organization\",\"name\":\"GENEKOR MEDICAL SA\",\"url\":\"https:\/\/heredigene.gr\/tr\/\",\"logo\":{\"@type\":\"ImageObject\",\"inLanguage\":\"tr\",\"@id\":\"https:\/\/heredigene.gr\/tr\/#\/schema\/logo\/image\/\",\"url\":\"https:\/\/www.heredigene.gr\/wp-content\/uploads\/2020\/09\/logo-genekor.png\",\"contentUrl\":\"https:\/\/www.heredigene.gr\/wp-content\/uploads\/2020\/09\/logo-genekor.png\",\"width\":150,\"height\":150,\"caption\":\"GENEKOR MEDICAL SA\"},\"image\":{\"@id\":\"https:\/\/heredigene.gr\/tr\/#\/schema\/logo\/image\/\"},\"sameAs\":[\"https:\/\/www.facebook.com\/genekorbiotechnology\/\",\"https:\/\/www.instagram.com\/genekor_greece\/\",\"https:\/\/www.linkedin.com\/company\/genekor-sa\/posts\/?feedView=all\",\"https:\/\/www.youtube.com\/channel\/UCKC7sMFecVBY-OZAlRBHNzA\"]}]}<\/script>\n<!-- \/ Yoast SEO Premium plugin. -->","yoast_head_json":{"title":"Bize Ula\u015f\u0131n - Heredigene","robots":{"index":"index","follow":"follow","max-snippet":"max-snippet:-1","max-image-preview":"max-image-preview:large","max-video-preview":"max-video-preview:-1"},"canonical":"https:\/\/heredigene.gr\/tr\/contact-us\/","og_locale":"tr_TR","og_type":"article","og_title":"Bize Ula\u015f\u0131n","og_description":"Ula\u015f\u0131n Ave. 15344, Gerakas, Greece, 210 6032138 info@genekor.com","og_url":"https:\/\/heredigene.gr\/tr\/contact-us\/","og_site_name":"Heredigene","article_publisher":"https:\/\/www.facebook.com\/genekorbiotechnology\/","article_modified_time":"2024-07-26T10:50:31+00:00","og_image":[{"url":"https:\/\/www.heredigene.gr\/wp-content\/uploads\/2020\/09\/bottom-full-line.png"}],"twitter_card":"summary_large_image","twitter_misc":{"Tahmini okuma s\u00fcresi":"1 dakika"},"schema":{"@context":"https:\/\/schema.org","@graph":[{"@type":"WebPage","@id":"https:\/\/heredigene.gr\/tr\/contact-us\/","url":"https:\/\/heredigene.gr\/tr\/contact-us\/","name":"Bize Ula\u015f\u0131n - Heredigene","isPartOf":{"@id":"https:\/\/heredigene.gr\/tr\/#website"},"datePublished":"2021-01-11T10:52:16+00:00","dateModified":"2024-07-26T10:50:31+00:00","breadcrumb":{"@id":"https:\/\/heredigene.gr\/tr\/contact-us\/#breadcrumb"},"inLanguage":"tr","potentialAction":[{"@type":"ReadAction","target":["https:\/\/heredigene.gr\/tr\/contact-us\/"]}]},{"@type":"BreadcrumbList","@id":"https:\/\/heredigene.gr\/tr\/contact-us\/#breadcrumb","itemListElement":[{"@type":"ListItem","position":1,"name":"Home","item":"https:\/\/heredigene.gr\/tr\/"},{"@type":"ListItem","position":2,"name":"Bize Ula\u015f\u0131n"}]},{"@type":"WebSite","@id":"https:\/\/heredigene.gr\/tr\/#website","url":"https:\/\/heredigene.gr\/tr\/","name":"Heredigene","description":"Heredigene by GENEKOR","publisher":{"@id":"https:\/\/heredigene.gr\/tr\/#organization"},"potentialAction":[{"@type":"SearchAction","target":{"@type":"EntryPoint","urlTemplate":"https:\/\/heredigene.gr\/tr\/?s={search_term_string}"},"query-input":"required name=search_term_string"}],"inLanguage":"tr"},{"@type":"Organization","@id":"https:\/\/heredigene.gr\/tr\/#organization","name":"GENEKOR MEDICAL SA","url":"https:\/\/heredigene.gr\/tr\/","logo":{"@type":"ImageObject","inLanguage":"tr","@id":"https:\/\/heredigene.gr\/tr\/#\/schema\/logo\/image\/","url":"https:\/\/www.heredigene.gr\/wp-content\/uploads\/2020\/09\/logo-genekor.png","contentUrl":"https:\/\/www.heredigene.gr\/wp-content\/uploads\/2020\/09\/logo-genekor.png","width":150,"height":150,"caption":"GENEKOR MEDICAL SA"},"image":{"@id":"https:\/\/heredigene.gr\/tr\/#\/schema\/logo\/image\/"},"sameAs":["https:\/\/www.facebook.com\/genekorbiotechnology\/","https:\/\/www.instagram.com\/genekor_greece\/","https:\/\/www.linkedin.com\/company\/genekor-sa\/posts\/?feedView=all","https:\/\/www.youtube.com\/channel\/UCKC7sMFecVBY-OZAlRBHNzA"]}]}},"_links":{"self":[{"href":"https:\/\/heredigene.gr\/tr\/wp-json\/wp\/v2\/pages\/2126"}],"collection":[{"href":"https:\/\/heredigene.gr\/tr\/wp-json\/wp\/v2\/pages"}],"about":[{"href":"https:\/\/heredigene.gr\/tr\/wp-json\/wp\/v2\/types\/page"}],"author":[{"embeddable":true,"href":"https:\/\/heredigene.gr\/tr\/wp-json\/wp\/v2\/users\/1"}],"replies":[{"embeddable":true,"href":"https:\/\/heredigene.gr\/tr\/wp-json\/wp\/v2\/comments?post=2126"}],"version-history":[{"count":19,"href":"https:\/\/heredigene.gr\/tr\/wp-json\/wp\/v2\/pages\/2126\/revisions"}],"predecessor-version":[{"id":5017,"href":"https:\/\/heredigene.gr\/tr\/wp-json\/wp\/v2\/pages\/2126\/revisions\/5017"}],"wp:attachment":[{"href":"https:\/\/heredigene.gr\/tr\/wp-json\/wp\/v2\/media?parent=2126"}],"curies":[{"name":"wp","href":"https:\/\/api.w.org\/{rel}","templated":true}]}}