{"id":2550,"date":"2021-01-19T12:09:06","date_gmt":"2021-01-19T12:09:06","guid":{"rendered":"http:\/\/lefteris.aboutdev.gr\/heredigene\/?page_id=2550"},"modified":"2022-05-25T13:26:15","modified_gmt":"2022-05-25T13:26:15","slug":"hereditary-cancer","status":"publish","type":"page","link":"https:\/\/heredigene.gr\/ro\/hereditary-cancer\/","title":{"rendered":"Cancerul Ereditar"},"content":{"rendered":"\t\t<div data-elementor-type=\"wp-page\" data-elementor-id=\"2550\" class=\"elementor elementor-2550 elementor-2598\">\n\t\t\t\t\t\t<div class=\"elementor-inner\">\n\t\t\t\t<div class=\"elementor-section-wrap\">\n\t\t\t\t\t\t\t\t\t<section class=\"elementor-section elementor-top-section elementor-element elementor-element-adb03ec elementor-section-full_width elementor-section-height-min-height elementor-section-items-top elementor-section-height-default\" data-id=\"adb03ec\" data-element_type=\"section\" data-settings=\"{&quot;background_background&quot;:&quot;classic&quot;}\">\n\t\t\t\t\t\t<div class=\"elementor-container elementor-column-gap-no\">\n\t\t\t\t\t\t\t<div class=\"elementor-row\">\n\t\t\t\t\t<div class=\"elementor-column elementor-col-100 elementor-top-column elementor-element elementor-element-bcd97d9\" data-id=\"bcd97d9\" data-element_type=\"column\">\n\t\t\t<div class=\"elementor-column-wrap elementor-element-populated\">\n\t\t\t\t\t\t\t<div class=\"elementor-widget-wrap\">\n\t\t\t\t\t\t<section class=\"elementor-section elementor-inner-section elementor-element elementor-element-6484c48 elementor-section-full_width elementor-section-height-min-height elementor-section-content-middle elementor-section-height-default\" data-id=\"6484c48\" data-element_type=\"section\" data-settings=\"{&quot;background_background&quot;:&quot;classic&quot;}\">\n\t\t\t\t\t\t<div class=\"elementor-container elementor-column-gap-default\">\n\t\t\t\t\t\t\t<div class=\"elementor-row\">\n\t\t\t\t\t<div class=\"elementor-column elementor-col-100 elementor-inner-column elementor-element elementor-element-db9f84a\" data-id=\"db9f84a\" data-element_type=\"column\">\n\t\t\t<div class=\"elementor-column-wrap elementor-element-populated\">\n\t\t\t\t\t\t\t<div class=\"elementor-widget-wrap\">\n\t\t\t\t\t\t<div class=\"elementor-element elementor-element-c4d7605 elementor-widget elementor-widget-text-editor\" data-id=\"c4d7605\" data-element_type=\"widget\" data-widget_type=\"text-editor.default\">\n\t\t\t\t<div class=\"elementor-widget-container\">\n\t\t\t\t\t\t\t\t<div class=\"elementor-text-editor elementor-clearfix\">\n\t\t\t\t<h1><b>Cancerul Ereditar<\/b><\/h1>\t\t\t\t\t<\/div>\n\t\t\t\t\t\t<\/div>\n\t\t\t\t<\/div>\n\t\t\t\t\t\t<\/div>\n\t\t\t\t\t<\/div>\n\t\t<\/div>\n\t\t\t\t\t\t\t\t<\/div>\n\t\t\t\t\t<\/div>\n\t\t<\/section>\n\t\t\t\t<div class=\"elementor-element elementor-element-94869bc elementor-widget elementor-widget-image\" data-id=\"94869bc\" data-element_type=\"widget\" data-widget_type=\"image.default\">\n\t\t\t\t<div class=\"elementor-widget-container\">\n\t\t\t\t\t\t\t\t<div class=\"elementor-image\">\n\t\t\t\t\t\t\t\t\t\t\t\t<img decoding=\"async\" width=\"1920\" height=\"29\" src=\"https:\/\/heredigene.gr\/wp-content\/uploads\/2020\/09\/bottom-full-line.png\" class=\"attachment-full size-full wp-image-3106\" alt=\"brca gene mutation\" loading=\"lazy\" srcset=\"https:\/\/heredigene.gr\/wp-content\/uploads\/2020\/09\/bottom-full-line.png 1920w, https:\/\/heredigene.gr\/wp-content\/uploads\/2020\/09\/bottom-full-line-300x5.png 300w, https:\/\/heredigene.gr\/wp-content\/uploads\/2020\/09\/bottom-full-line-1024x15.png 1024w, https:\/\/heredigene.gr\/wp-content\/uploads\/2020\/09\/bottom-full-line-768x12.png 768w, https:\/\/heredigene.gr\/wp-content\/uploads\/2020\/09\/bottom-full-line-1536x23.png 1536w\" sizes=\"(max-width: 1920px) 100vw, 1920px\" \/>\t\t\t\t\t\t\t\t\t\t\t\t\t\t<\/div>\n\t\t\t\t\t\t<\/div>\n\t\t\t\t<\/div>\n\t\t\t\t<section class=\"elementor-section elementor-inner-section elementor-element elementor-element-c5d6865 elementor-section-boxed elementor-section-height-default elementor-section-height-default\" data-id=\"c5d6865\" data-element_type=\"section\" id=\"howitworks\">\n\t\t\t\t\t\t<div class=\"elementor-container elementor-column-gap-wide\">\n\t\t\t\t\t\t\t<div class=\"elementor-row\">\n\t\t\t\t\t<main class=\"elementor-column elementor-col-50 elementor-inner-column elementor-element elementor-element-5945b65\" data-id=\"5945b65\" data-element_type=\"column\">\n\t\t\t<div class=\"elementor-column-wrap elementor-element-populated\">\n\t\t\t\t\t\t\t<div class=\"elementor-widget-wrap\">\n\t\t\t\t\t\t<div class=\"elementor-element elementor-element-d998f8e elementor-widget elementor-widget-heading\" data-id=\"d998f8e\" data-element_type=\"widget\" data-widget_type=\"heading.default\">\n\t\t\t\t<div class=\"elementor-widget-container\">\n\t\t\t<h2 class=\"elementor-heading-title elementor-size-default\">Este o problema de familie!\n\n<\/h2>\t\t<\/div>\n\t\t\t\t<\/div>\n\t\t\t\t<div class=\"elementor-element elementor-element-2f93e3b elementor-widget-divider--view-line elementor-widget elementor-widget-divider\" data-id=\"2f93e3b\" data-element_type=\"widget\" data-widget_type=\"divider.default\">\n\t\t\t\t<div class=\"elementor-widget-container\">\n\t\t\t\t\t<div class=\"elementor-divider\">\n\t\t\t<span class=\"elementor-divider-separator\">\n\t\t\t\t\t\t<\/span>\n\t\t<\/div>\n\t\t\t\t<\/div>\n\t\t\t\t<\/div>\n\t\t\t\t<div class=\"elementor-element elementor-element-b29f0a3 elementor-widget elementor-widget-text-editor\" data-id=\"b29f0a3\" data-element_type=\"widget\" data-widget_type=\"text-editor.default\">\n\t\t\t\t<div class=\"elementor-widget-container\">\n\t\t\t\t\t\t\t\t<div class=\"elementor-text-editor elementor-clearfix\">\n\t\t\t\t<div><p>Unele tipuri de cancer pot fi puternic influen\u021bate de modific\u0103rile genetice care apar \u00een unele familii \u0219i este important ca persoanele cu un anumit tip de cancer s\u0103 \u0219tie dac\u0103 acel tip de cancer a fost cauzat de o muta\u021bie ereditar\u0103, deoarece informa\u021bia cu privire la istoricul genetic familiar poate avea un impact major \u00een ceea ce prive\u0219te alegerea schemei de tratament.\u00cen timp ce majoritatea cancerelor sunt sporadice, unele persoane se nasc cu o muta\u021bie genetic\u0103 pe care au mo\u0219tenit-o fie de la mam\u0103, fie de la tat\u0103.<\/p><\/div><div><p>Aceasta muta\u021bie genetic\u0103 prezint\u0103 un risc crescut de a dezvolta un anumit tip de cancer fa\u021b\u0103 de alte persoane. Atunci c\u00e2nd cancerul apare din cauza unei muta\u021bii genetice mo\u0219tenite, acesta este denumit cancer ereditar \u0219i reflecta aproximativ 5-10% dintre toate tipurile de cancer.<\/p><\/div><div><p>Genele cu predispozi\u021bie pentru apari\u021bia cancerului pot fi transmise at\u00e2t de b\u0103rba\u021bi, c\u00e2t \u0219i de femei. Dac\u0103 un pacient poart\u0103 o astfel de gen\u0103, fiecare descendent al s\u0103u are 50% \u0219anse s\u0103 o mo\u0219teneasc\u0103 \u0219i s\u0103 fie mai susceptibil la apari\u021bia cancerului.<\/p><\/div><div><p>Cancerele ereditare nu sunt foarte diferite de cancerele non-ereditare. Modul \u00een care apare boala \u00een cadrul familiei ar trebui s\u0103 indice daca este ereditar sau nu.<\/p><\/div><div><p>Daca a\u021bi fost diagnosticat cu cancer, \u00eentreba\u021bi-v\u0103 medicul oncolog daca pute\u021bi avea parte de consiliere genetic\u0103 \u0219i de testul HerediGENE.<\/p><\/div>\t\t\t\t\t<\/div>\n\t\t\t\t\t\t<\/div>\n\t\t\t\t<\/div>\n\t\t\t\t\t\t<\/div>\n\t\t\t\t\t<\/div>\n\t\t<\/main>\n\t\t\t\t<div class=\"elementor-column elementor-col-50 elementor-inner-column elementor-element elementor-element-63383d9\" data-id=\"63383d9\" data-element_type=\"column\">\n\t\t\t<div class=\"elementor-column-wrap elementor-element-populated\">\n\t\t\t\t\t\t\t<div class=\"elementor-widget-wrap\">\n\t\t\t\t\t\t<div class=\"elementor-element elementor-element-d9cbd92 elementor-widget elementor-widget-image\" data-id=\"d9cbd92\" data-element_type=\"widget\" data-widget_type=\"image.default\">\n\t\t\t\t<div class=\"elementor-widget-container\">\n\t\t\t\t\t\t\t\t<div class=\"elementor-image\">\n\t\t\t\t\t\t\t\t\t\t\t\t<img decoding=\"async\" width=\"327\" height=\"306\" src=\"https:\/\/heredigene.gr\/wp-content\/uploads\/2020\/12\/heredigene-icon-20.png\" class=\"attachment-large size-large wp-image-1441\" alt=\"\" loading=\"lazy\" srcset=\"https:\/\/heredigene.gr\/wp-content\/uploads\/2020\/12\/heredigene-icon-20.png 327w, https:\/\/heredigene.gr\/wp-content\/uploads\/2020\/12\/heredigene-icon-20-300x281.png 300w\" sizes=\"(max-width: 327px) 100vw, 327px\" \/>\t\t\t\t\t\t\t\t\t\t\t\t\t\t<\/div>\n\t\t\t\t\t\t<\/div>\n\t\t\t\t<\/div>\n\t\t\t\t\t\t<\/div>\n\t\t\t\t\t<\/div>\n\t\t<\/div>\n\t\t\t\t\t\t\t\t<\/div>\n\t\t\t\t\t<\/div>\n\t\t<\/section>\n\t\t\t\t\t\t<\/div>\n\t\t\t\t\t<\/div>\n\t\t<\/div>\n\t\t\t\t\t\t\t\t<\/div>\n\t\t\t\t\t<\/div>\n\t\t<\/section>\n\t\t\t\t<section class=\"elementor-section elementor-top-section elementor-element elementor-element-0c81275 elementor-section-boxed elementor-section-height-default elementor-section-height-default\" data-id=\"0c81275\" data-element_type=\"section\" data-settings=\"{&quot;background_background&quot;:&quot;classic&quot;}\">\n\t\t\t\t\t\t<div class=\"elementor-container elementor-column-gap-wider\">\n\t\t\t\t\t\t\t<div class=\"elementor-row\">\n\t\t\t\t\t<div class=\"elementor-column elementor-col-100 elementor-top-column elementor-element elementor-element-4127683\" data-id=\"4127683\" data-element_type=\"column\" data-settings=\"{&quot;background_background&quot;:&quot;classic&quot;}\">\n\t\t\t<div class=\"elementor-column-wrap elementor-element-populated\">\n\t\t\t\t\t<div class=\"elementor-background-overlay\"><\/div>\n\t\t\t\t\t\t\t<div class=\"elementor-widget-wrap\">\n\t\t\t\t\t\t<section class=\"elementor-section elementor-inner-section elementor-element elementor-element-04171b3 elementor-section-boxed elementor-section-height-default elementor-section-height-default\" data-id=\"04171b3\" data-element_type=\"section\" data-settings=\"{&quot;background_background&quot;:&quot;classic&quot;}\">\n\t\t\t\t\t\t\t<div class=\"elementor-background-overlay\"><\/div>\n\t\t\t\t\t\t\t<div class=\"elementor-container elementor-column-gap-wider\">\n\t\t\t\t\t\t\t<div class=\"elementor-row\">\n\t\t\t\t\t<div class=\"elementor-column elementor-col-100 elementor-inner-column elementor-element elementor-element-9e088f2\" data-id=\"9e088f2\" data-element_type=\"column\">\n\t\t\t<div class=\"elementor-column-wrap elementor-element-populated\">\n\t\t\t\t\t\t\t<div class=\"elementor-widget-wrap\">\n\t\t\t\t\t\t<div class=\"elementor-element elementor-element-40a33bb elementor-widget elementor-widget-text-editor\" data-id=\"40a33bb\" data-element_type=\"widget\" data-widget_type=\"text-editor.default\">\n\t\t\t\t<div class=\"elementor-widget-container\">\n\t\t\t\t\t\t\t\t<div class=\"elementor-text-editor elementor-clearfix\">\n\t\t\t\t<div>\n<p>Cele mai recente ghiduri interna\u021bionale(ASCO, ESMO, NCCN \u0219i Societatea American\u0103 a Chirurgilor de S\u00e2n) recomand\u0103 cu t\u0103rie utilizarea panelurilor multi-genice \u00een locul test\u0103rii doar a genelor BRCA1\/2 pentru a acoperi toate variantele genetice asociate cu un risc crescut de a dezvolta cancer de s\u00e2n, de prostat\u0103, colon, pancreas, ovar etc.<\/p><p><br><\/p>\n<\/div>\t\t\t\t\t<\/div>\n\t\t\t\t\t\t<\/div>\n\t\t\t\t<\/div>\n\t\t\t\t\t\t<\/div>\n\t\t\t\t\t<\/div>\n\t\t<\/div>\n\t\t\t\t\t\t\t\t<\/div>\n\t\t\t\t\t<\/div>\n\t\t<\/section>\n\t\t\t\t\t\t<\/div>\n\t\t\t\t\t<\/div>\n\t\t<\/div>\n\t\t\t\t\t\t\t\t<\/div>\n\t\t\t\t\t<\/div>\n\t\t<\/section>\n\t\t\t\t\t\t\t\t\t<\/div>\n\t\t\t<\/div>\n\t\t\t\t\t<\/div>\n\t\t","protected":false},"excerpt":{"rendered":"<p>Cancerul Ereditar Este o problema de familie! Unele tipuri de cancer pot fi puternic influen\u021bate de modific\u0103rile genetice care apar \u00een unele familii \u0219i este important ca persoanele cu un anumit tip de cancer s\u0103 \u0219tie dac\u0103 acel tip de cancer a fost cauzat de o muta\u021bie ereditar\u0103, deoarece informa\u021bia cu privire la istoricul genetic [&hellip;]<\/p>\n","protected":false},"author":1,"featured_media":0,"parent":0,"menu_order":0,"comment_status":"closed","ping_status":"closed","template":"elementor_header_footer","meta":[],"yoast_head":"<!-- This site is optimized with the Yoast SEO Premium plugin v20.1 (Yoast SEO v20.1) - https:\/\/yoast.com\/wordpress\/plugins\/seo\/ -->\n<title>HerediGENE\u00ae| Cancer ereditar| 5-10% din toate tipurile de cancer<\/title>\n<meta name=\"description\" content=\"Cancerul ereditar este acel tip de cancer care apare datorit\u0103 unei muta\u021bii de gene mo\u0219tenit\u0103. Acest tip de cancer reprezint\u0103 aproximativ 5-10% din toate tipurile de cancer\" \/>\n<meta name=\"robots\" content=\"index, follow, max-snippet:-1, max-image-preview:large, max-video-preview:-1\" \/>\n<link rel=\"canonical\" href=\"https:\/\/heredigene.gr\/ro\/hereditary-cancer\/\" \/>\n<meta property=\"og:locale\" content=\"ro_RO\" \/>\n<meta property=\"og:type\" content=\"article\" \/>\n<meta property=\"og:title\" content=\"Cancerul Ereditar\" \/>\n<meta property=\"og:description\" content=\"Cancerul ereditar este acel tip de cancer care apare datorit\u0103 unei muta\u021bii de gene mo\u0219tenit\u0103. Acest tip de cancer reprezint\u0103 aproximativ 5-10% din toate tipurile de cancer\" \/>\n<meta property=\"og:url\" content=\"https:\/\/heredigene.gr\/ro\/hereditary-cancer\/\" \/>\n<meta property=\"og:site_name\" content=\"Heredigene\" \/>\n<meta property=\"article:publisher\" content=\"https:\/\/www.facebook.com\/genekorbiotechnology\/\" \/>\n<meta property=\"article:modified_time\" content=\"2022-05-25T13:26:15+00:00\" \/>\n<meta property=\"og:image\" content=\"https:\/\/www.heredigene.gr\/wp-content\/uploads\/2020\/09\/bottom-full-line.png\" \/>\n<meta name=\"twitter:card\" content=\"summary_large_image\" \/>\n<meta name=\"twitter:label1\" content=\"Timp estimat pentru citire\" \/>\n\t<meta name=\"twitter:data1\" content=\"2 minute\" \/>\n<script type=\"application\/ld+json\" class=\"yoast-schema-graph\">{\"@context\":\"https:\/\/schema.org\",\"@graph\":[{\"@type\":\"WebPage\",\"@id\":\"https:\/\/heredigene.gr\/ro\/hereditary-cancer\/\",\"url\":\"https:\/\/heredigene.gr\/ro\/hereditary-cancer\/\",\"name\":\"HerediGENE\u00ae| Cancer ereditar| 5-10% din toate tipurile de cancer\",\"isPartOf\":{\"@id\":\"https:\/\/heredigene.gr\/ro\/#website\"},\"datePublished\":\"2021-01-19T12:09:06+00:00\",\"dateModified\":\"2022-05-25T13:26:15+00:00\",\"description\":\"Cancerul ereditar este acel tip de cancer care apare datorit\u0103 unei muta\u021bii de gene mo\u0219tenit\u0103. Acest tip de cancer reprezint\u0103 aproximativ 5-10% din toate tipurile de cancer\",\"breadcrumb\":{\"@id\":\"https:\/\/heredigene.gr\/ro\/hereditary-cancer\/#breadcrumb\"},\"inLanguage\":\"ro-RO\",\"potentialAction\":[{\"@type\":\"ReadAction\",\"target\":[\"https:\/\/heredigene.gr\/ro\/hereditary-cancer\/\"]}]},{\"@type\":\"BreadcrumbList\",\"@id\":\"https:\/\/heredigene.gr\/ro\/hereditary-cancer\/#breadcrumb\",\"itemListElement\":[{\"@type\":\"ListItem\",\"position\":1,\"name\":\"Home\",\"item\":\"https:\/\/heredigene.gr\/ro\/\"},{\"@type\":\"ListItem\",\"position\":2,\"name\":\"Cancerul Ereditar\"}]},{\"@type\":\"WebSite\",\"@id\":\"https:\/\/heredigene.gr\/ro\/#website\",\"url\":\"https:\/\/heredigene.gr\/ro\/\",\"name\":\"Heredigene\",\"description\":\"Heredigene by GENEKOR\",\"publisher\":{\"@id\":\"https:\/\/heredigene.gr\/ro\/#organization\"},\"potentialAction\":[{\"@type\":\"SearchAction\",\"target\":{\"@type\":\"EntryPoint\",\"urlTemplate\":\"https:\/\/heredigene.gr\/ro\/?s={search_term_string}\"},\"query-input\":\"required name=search_term_string\"}],\"inLanguage\":\"ro-RO\"},{\"@type\":\"Organization\",\"@id\":\"https:\/\/heredigene.gr\/ro\/#organization\",\"name\":\"GENEKOR MEDICAL SA\",\"url\":\"https:\/\/heredigene.gr\/ro\/\",\"logo\":{\"@type\":\"ImageObject\",\"inLanguage\":\"ro-RO\",\"@id\":\"https:\/\/heredigene.gr\/ro\/#\/schema\/logo\/image\/\",\"url\":\"https:\/\/www.heredigene.gr\/wp-content\/uploads\/2020\/09\/logo-genekor.png\",\"contentUrl\":\"https:\/\/www.heredigene.gr\/wp-content\/uploads\/2020\/09\/logo-genekor.png\",\"width\":150,\"height\":150,\"caption\":\"GENEKOR MEDICAL SA\"},\"image\":{\"@id\":\"https:\/\/heredigene.gr\/ro\/#\/schema\/logo\/image\/\"},\"sameAs\":[\"https:\/\/www.facebook.com\/genekorbiotechnology\/\",\"https:\/\/www.instagram.com\/genekor_greece\/\",\"https:\/\/www.linkedin.com\/company\/genekor-sa\/posts\/?feedView=all\",\"https:\/\/www.youtube.com\/channel\/UCKC7sMFecVBY-OZAlRBHNzA\"]}]}<\/script>\n<!-- \/ Yoast SEO Premium plugin. -->","yoast_head_json":{"title":"HerediGENE\u00ae| Cancer ereditar| 5-10% din toate tipurile de cancer","description":"Cancerul ereditar este acel tip de cancer care apare datorit\u0103 unei muta\u021bii de gene mo\u0219tenit\u0103. Acest tip de cancer reprezint\u0103 aproximativ 5-10% din toate tipurile de cancer","robots":{"index":"index","follow":"follow","max-snippet":"max-snippet:-1","max-image-preview":"max-image-preview:large","max-video-preview":"max-video-preview:-1"},"canonical":"https:\/\/heredigene.gr\/ro\/hereditary-cancer\/","og_locale":"ro_RO","og_type":"article","og_title":"Cancerul Ereditar","og_description":"Cancerul ereditar este acel tip de cancer care apare datorit\u0103 unei muta\u021bii de gene mo\u0219tenit\u0103. Acest tip de cancer reprezint\u0103 aproximativ 5-10% din toate tipurile de cancer","og_url":"https:\/\/heredigene.gr\/ro\/hereditary-cancer\/","og_site_name":"Heredigene","article_publisher":"https:\/\/www.facebook.com\/genekorbiotechnology\/","article_modified_time":"2022-05-25T13:26:15+00:00","og_image":[{"url":"https:\/\/www.heredigene.gr\/wp-content\/uploads\/2020\/09\/bottom-full-line.png"}],"twitter_card":"summary_large_image","twitter_misc":{"Timp estimat pentru citire":"2 minute"},"schema":{"@context":"https:\/\/schema.org","@graph":[{"@type":"WebPage","@id":"https:\/\/heredigene.gr\/ro\/hereditary-cancer\/","url":"https:\/\/heredigene.gr\/ro\/hereditary-cancer\/","name":"HerediGENE\u00ae| Cancer ereditar| 5-10% din toate tipurile de cancer","isPartOf":{"@id":"https:\/\/heredigene.gr\/ro\/#website"},"datePublished":"2021-01-19T12:09:06+00:00","dateModified":"2022-05-25T13:26:15+00:00","description":"Cancerul ereditar este acel tip de cancer care apare datorit\u0103 unei muta\u021bii de gene mo\u0219tenit\u0103. Acest tip de cancer reprezint\u0103 aproximativ 5-10% din toate tipurile de cancer","breadcrumb":{"@id":"https:\/\/heredigene.gr\/ro\/hereditary-cancer\/#breadcrumb"},"inLanguage":"ro-RO","potentialAction":[{"@type":"ReadAction","target":["https:\/\/heredigene.gr\/ro\/hereditary-cancer\/"]}]},{"@type":"BreadcrumbList","@id":"https:\/\/heredigene.gr\/ro\/hereditary-cancer\/#breadcrumb","itemListElement":[{"@type":"ListItem","position":1,"name":"Home","item":"https:\/\/heredigene.gr\/ro\/"},{"@type":"ListItem","position":2,"name":"Cancerul Ereditar"}]},{"@type":"WebSite","@id":"https:\/\/heredigene.gr\/ro\/#website","url":"https:\/\/heredigene.gr\/ro\/","name":"Heredigene","description":"Heredigene by GENEKOR","publisher":{"@id":"https:\/\/heredigene.gr\/ro\/#organization"},"potentialAction":[{"@type":"SearchAction","target":{"@type":"EntryPoint","urlTemplate":"https:\/\/heredigene.gr\/ro\/?s={search_term_string}"},"query-input":"required name=search_term_string"}],"inLanguage":"ro-RO"},{"@type":"Organization","@id":"https:\/\/heredigene.gr\/ro\/#organization","name":"GENEKOR MEDICAL SA","url":"https:\/\/heredigene.gr\/ro\/","logo":{"@type":"ImageObject","inLanguage":"ro-RO","@id":"https:\/\/heredigene.gr\/ro\/#\/schema\/logo\/image\/","url":"https:\/\/www.heredigene.gr\/wp-content\/uploads\/2020\/09\/logo-genekor.png","contentUrl":"https:\/\/www.heredigene.gr\/wp-content\/uploads\/2020\/09\/logo-genekor.png","width":150,"height":150,"caption":"GENEKOR MEDICAL SA"},"image":{"@id":"https:\/\/heredigene.gr\/ro\/#\/schema\/logo\/image\/"},"sameAs":["https:\/\/www.facebook.com\/genekorbiotechnology\/","https:\/\/www.instagram.com\/genekor_greece\/","https:\/\/www.linkedin.com\/company\/genekor-sa\/posts\/?feedView=all","https:\/\/www.youtube.com\/channel\/UCKC7sMFecVBY-OZAlRBHNzA"]}]}},"_links":{"self":[{"href":"https:\/\/heredigene.gr\/ro\/wp-json\/wp\/v2\/pages\/2550"}],"collection":[{"href":"https:\/\/heredigene.gr\/ro\/wp-json\/wp\/v2\/pages"}],"about":[{"href":"https:\/\/heredigene.gr\/ro\/wp-json\/wp\/v2\/types\/page"}],"author":[{"embeddable":true,"href":"https:\/\/heredigene.gr\/ro\/wp-json\/wp\/v2\/users\/1"}],"replies":[{"embeddable":true,"href":"https:\/\/heredigene.gr\/ro\/wp-json\/wp\/v2\/comments?post=2550"}],"version-history":[{"count":10,"href":"https:\/\/heredigene.gr\/ro\/wp-json\/wp\/v2\/pages\/2550\/revisions"}],"predecessor-version":[{"id":4109,"href":"https:\/\/heredigene.gr\/ro\/wp-json\/wp\/v2\/pages\/2550\/revisions\/4109"}],"wp:attachment":[{"href":"https:\/\/heredigene.gr\/ro\/wp-json\/wp\/v2\/media?parent=2550"}],"curies":[{"name":"wp","href":"https:\/\/api.w.org\/{rel}","templated":true}]}}