{"id":2113,"date":"2021-01-11T09:29:10","date_gmt":"2021-01-11T09:29:10","guid":{"rendered":"http:\/\/lefteris.aboutdev.gr\/heredigene\/?page_id=2113"},"modified":"2022-05-25T13:59:03","modified_gmt":"2022-05-25T13:59:03","slug":"proccess-of-hereditary-cancer-test","status":"publish","type":"page","link":"https:\/\/heredigene.gr\/ro\/proccess-of-hereditary-cancer-test\/","title":{"rendered":"Procedura"},"content":{"rendered":"\t\t<div data-elementor-type=\"wp-page\" data-elementor-id=\"2113\" class=\"elementor elementor-2113 elementor-1759\">\n\t\t\t\t\t\t<div class=\"elementor-inner\">\n\t\t\t\t<div class=\"elementor-section-wrap\">\n\t\t\t\t\t\t\t\t\t<section class=\"elementor-section elementor-top-section elementor-element elementor-element-adb03ec elementor-section-full_width elementor-section-height-min-height elementor-section-items-top elementor-section-height-default\" data-id=\"adb03ec\" data-element_type=\"section\" data-settings=\"{&quot;background_background&quot;:&quot;classic&quot;}\">\n\t\t\t\t\t\t<div class=\"elementor-container elementor-column-gap-no\">\n\t\t\t\t\t\t\t<div class=\"elementor-row\">\n\t\t\t\t\t<div class=\"elementor-column elementor-col-100 elementor-top-column elementor-element elementor-element-bcd97d9\" data-id=\"bcd97d9\" data-element_type=\"column\">\n\t\t\t<div class=\"elementor-column-wrap elementor-element-populated\">\n\t\t\t\t\t\t\t<div class=\"elementor-widget-wrap\">\n\t\t\t\t\t\t<section class=\"elementor-section elementor-inner-section elementor-element elementor-element-6484c48 elementor-section-full_width elementor-section-height-min-height elementor-section-content-middle elementor-section-height-default\" data-id=\"6484c48\" data-element_type=\"section\" data-settings=\"{&quot;background_background&quot;:&quot;classic&quot;}\">\n\t\t\t\t\t\t<div class=\"elementor-container elementor-column-gap-default\">\n\t\t\t\t\t\t\t<div class=\"elementor-row\">\n\t\t\t\t\t<div class=\"elementor-column elementor-col-100 elementor-inner-column elementor-element elementor-element-db9f84a\" data-id=\"db9f84a\" data-element_type=\"column\">\n\t\t\t<div class=\"elementor-column-wrap elementor-element-populated\">\n\t\t\t\t\t\t\t<div class=\"elementor-widget-wrap\">\n\t\t\t\t\t\t<div class=\"elementor-element elementor-element-c4d7605 elementor-widget elementor-widget-text-editor\" data-id=\"c4d7605\" data-element_type=\"widget\" data-widget_type=\"text-editor.default\">\n\t\t\t\t<div class=\"elementor-widget-container\">\n\t\t\t\t\t\t\t\t<div class=\"elementor-text-editor elementor-clearfix\">\n\t\t\t\t<h2 class=\"wpb_wrapper\"><strong>Procedura<\/strong><\/h2>\t\t\t\t\t<\/div>\n\t\t\t\t\t\t<\/div>\n\t\t\t\t<\/div>\n\t\t\t\t\t\t<\/div>\n\t\t\t\t\t<\/div>\n\t\t<\/div>\n\t\t\t\t\t\t\t\t<\/div>\n\t\t\t\t\t<\/div>\n\t\t<\/section>\n\t\t\t\t<div class=\"elementor-element elementor-element-94869bc elementor-widget elementor-widget-image\" data-id=\"94869bc\" data-element_type=\"widget\" data-widget_type=\"image.default\">\n\t\t\t\t<div class=\"elementor-widget-container\">\n\t\t\t\t\t\t\t\t<div class=\"elementor-image\">\n\t\t\t\t\t\t\t\t\t\t\t\t<img decoding=\"async\" width=\"1920\" height=\"29\" src=\"https:\/\/heredigene.gr\/wp-content\/uploads\/2020\/09\/bottom-full-line.png\" class=\"attachment-full size-full wp-image-3106\" alt=\"brca gene mutation\" loading=\"lazy\" srcset=\"https:\/\/heredigene.gr\/wp-content\/uploads\/2020\/09\/bottom-full-line.png 1920w, https:\/\/heredigene.gr\/wp-content\/uploads\/2020\/09\/bottom-full-line-300x5.png 300w, https:\/\/heredigene.gr\/wp-content\/uploads\/2020\/09\/bottom-full-line-1024x15.png 1024w, https:\/\/heredigene.gr\/wp-content\/uploads\/2020\/09\/bottom-full-line-768x12.png 768w, https:\/\/heredigene.gr\/wp-content\/uploads\/2020\/09\/bottom-full-line-1536x23.png 1536w\" sizes=\"(max-width: 1920px) 100vw, 1920px\" \/>\t\t\t\t\t\t\t\t\t\t\t\t\t\t<\/div>\n\t\t\t\t\t\t<\/div>\n\t\t\t\t<\/div>\n\t\t\t\t<section class=\"elementor-section elementor-inner-section elementor-element elementor-element-c5d6865 elementor-section-content-top elementor-section-boxed elementor-section-height-default elementor-section-height-default\" data-id=\"c5d6865\" data-element_type=\"section\" id=\"howitworks\">\n\t\t\t\t\t\t<div class=\"elementor-container elementor-column-gap-default\">\n\t\t\t\t\t\t\t<div class=\"elementor-row\">\n\t\t\t\t\t<main class=\"elementor-column elementor-col-33 elementor-inner-column elementor-element elementor-element-5945b65\" data-id=\"5945b65\" data-element_type=\"column\">\n\t\t\t<div class=\"elementor-column-wrap elementor-element-populated\">\n\t\t\t\t\t\t\t<div class=\"elementor-widget-wrap\">\n\t\t\t\t\t\t<div class=\"elementor-element elementor-element-2f48ad4 elementor-widget elementor-widget-image\" data-id=\"2f48ad4\" data-element_type=\"widget\" data-widget_type=\"image.default\">\n\t\t\t\t<div class=\"elementor-widget-container\">\n\t\t\t\t\t\t\t\t<div class=\"elementor-image\">\n\t\t\t\t\t\t\t\t\t\t\t\t<img decoding=\"async\" width=\"72\" height=\"68\" src=\"https:\/\/heredigene.gr\/wp-content\/uploads\/2020\/11\/order.png\" class=\"attachment-full size-full wp-image-1356\" alt=\"\" loading=\"lazy\" \/>\t\t\t\t\t\t\t\t\t\t\t\t\t\t<\/div>\n\t\t\t\t\t\t<\/div>\n\t\t\t\t<\/div>\n\t\t\t\t<div class=\"elementor-element elementor-element-a6fb031 elementor-widget elementor-widget-text-editor\" data-id=\"a6fb031\" data-element_type=\"widget\" data-widget_type=\"text-editor.default\">\n\t\t\t\t<div class=\"elementor-widget-container\">\n\t\t\t\t\t\t\t\t<div class=\"elementor-text-editor elementor-clearfix\">\n\t\t\t\t<div class=\"wpb_text_column wpb_content_element \"><div class=\"wpb_wrapper\"><div><p><strong>Comanda\u021bi testul<\/strong><\/p><\/div><div><p>\u00centreba\u021bi medicul dac\u0103 sunte\u021bi eligibil pentru testul <strong>HerediGENE<\/strong>.<\/p><\/div><\/div><\/div>\t\t\t\t\t<\/div>\n\t\t\t\t\t\t<\/div>\n\t\t\t\t<\/div>\n\t\t\t\t\t\t<\/div>\n\t\t\t\t\t<\/div>\n\t\t<\/main>\n\t\t\t\t<div class=\"elementor-column elementor-col-33 elementor-inner-column elementor-element elementor-element-63383d9\" data-id=\"63383d9\" data-element_type=\"column\">\n\t\t\t<div class=\"elementor-column-wrap elementor-element-populated\">\n\t\t\t\t\t\t\t<div class=\"elementor-widget-wrap\">\n\t\t\t\t\t\t<div class=\"elementor-element elementor-element-5124023 elementor-widget elementor-widget-image\" data-id=\"5124023\" data-element_type=\"widget\" data-widget_type=\"image.default\">\n\t\t\t\t<div class=\"elementor-widget-container\">\n\t\t\t\t\t\t\t\t<div class=\"elementor-image\">\n\t\t\t\t\t\t\t\t\t\t\t\t<img decoding=\"async\" width=\"72\" height=\"72\" src=\"https:\/\/heredigene.gr\/wp-content\/uploads\/2020\/11\/sample.png\" class=\"attachment-large size-large wp-image-1363\" alt=\"\" loading=\"lazy\" \/>\t\t\t\t\t\t\t\t\t\t\t\t\t\t<\/div>\n\t\t\t\t\t\t<\/div>\n\t\t\t\t<\/div>\n\t\t\t\t<div class=\"elementor-element elementor-element-a723b22 elementor-widget elementor-widget-text-editor\" data-id=\"a723b22\" data-element_type=\"widget\" data-widget_type=\"text-editor.default\">\n\t\t\t\t<div class=\"elementor-widget-container\">\n\t\t\t\t\t\t\t\t<div class=\"elementor-text-editor elementor-clearfix\">\n\t\t\t\t<div class=\"wpb_text_column wpb_content_element \"><div class=\"wpb_wrapper\"><div><p><strong>Semna\u021bi consim\u021b\u0103m\u00e2ntul.<\/strong><\/p><\/div><div><p><a href=\"https:\/\/www.heredigene.gr\/wp-content\/uploads\/2022\/04\/04072022_Consent-DP_Genekor-Medical_ro.pdf\" target=\"_blank\" rel=\"noopener\"><b>Ap\u0103sa\u021bi aici<\/b><\/a> pentru a desc\u0103rca formularul.<\/p><\/div><\/div><\/div>\t\t\t\t\t<\/div>\n\t\t\t\t\t\t<\/div>\n\t\t\t\t<\/div>\n\t\t\t\t\t\t<\/div>\n\t\t\t\t\t<\/div>\n\t\t<\/div>\n\t\t\t\t<div class=\"elementor-column elementor-col-33 elementor-inner-column elementor-element elementor-element-c7b6597\" data-id=\"c7b6597\" data-element_type=\"column\">\n\t\t\t<div class=\"elementor-column-wrap elementor-element-populated\">\n\t\t\t\t\t\t\t<div class=\"elementor-widget-wrap\">\n\t\t\t\t\t\t<div class=\"elementor-element elementor-element-d2026bc elementor-widget elementor-widget-image\" data-id=\"d2026bc\" data-element_type=\"widget\" data-widget_type=\"image.default\">\n\t\t\t\t<div class=\"elementor-widget-container\">\n\t\t\t\t\t\t\t\t<div class=\"elementor-image\">\n\t\t\t\t\t\t\t\t\t\t\t\t<img decoding=\"async\" width=\"72\" height=\"67\" src=\"https:\/\/heredigene.gr\/wp-content\/uploads\/2020\/11\/clipboard.png\" class=\"attachment-full size-full wp-image-1361\" alt=\"\" loading=\"lazy\" \/>\t\t\t\t\t\t\t\t\t\t\t\t\t\t<\/div>\n\t\t\t\t\t\t<\/div>\n\t\t\t\t<\/div>\n\t\t\t\t<div class=\"elementor-element elementor-element-25e7905 elementor-widget elementor-widget-text-editor\" data-id=\"25e7905\" data-element_type=\"widget\" data-widget_type=\"text-editor.default\">\n\t\t\t\t<div class=\"elementor-widget-container\">\n\t\t\t\t\t\t\t\t<div class=\"elementor-text-editor elementor-clearfix\">\n\t\t\t\t<div class=\"wpb_text_column wpb_content_element \"><div class=\"wpb_wrapper\"><div class=\"wpb_text_column wpb_content_element vc_custom_1606213969478\"><div class=\"wpb_wrapper\"><div><p><strong>Cerin\u021be privind proba<\/strong><\/p><\/div><div><p>Este necesar\u0103 o prob\u0103 de s\u00e2nge pentru acest test(2 eprubete EDTA). Proba va fi recoltat\u0103 conform instruc\u021biunilor.<\/p><\/div><div><p>Este necesar\u0103 o prob\u0103 de saliva pentru care primiti manualul de instruc\u021biuni. <a href=\"https:\/\/www.heredigene.gr\/wp-content\/uploads\/2020\/12\/specimen-preparation-instructions_blood_en.pdf\"><b>Ap\u0103sa\u021bi aici<\/b><\/a> pentru a desc\u0103rca manualul de instruc\u021biuni sau vizualiza\u021bi fimlule\u021bul <a href=\"https:\/\/www.youtube.com\/watch?v=WxS8OHRN8Ao\"><b>aici<\/b><\/a>.<\/p><\/div><\/div><\/div><\/div><\/div>\t\t\t\t\t<\/div>\n\t\t\t\t\t\t<\/div>\n\t\t\t\t<\/div>\n\t\t\t\t\t\t<\/div>\n\t\t\t\t\t<\/div>\n\t\t<\/div>\n\t\t\t\t\t\t\t\t<\/div>\n\t\t\t\t\t<\/div>\n\t\t<\/section>\n\t\t\t\t<section class=\"elementor-section elementor-inner-section elementor-element elementor-element-3cce607 elementor-section-content-top elementor-section-boxed elementor-section-height-default elementor-section-height-default\" data-id=\"3cce607\" data-element_type=\"section\">\n\t\t\t\t\t\t<div class=\"elementor-container elementor-column-gap-default\">\n\t\t\t\t\t\t\t<div class=\"elementor-row\">\n\t\t\t\t\t<main class=\"elementor-column elementor-col-50 elementor-inner-column elementor-element elementor-element-40c39ee\" data-id=\"40c39ee\" data-element_type=\"column\">\n\t\t\t<div class=\"elementor-column-wrap elementor-element-populated\">\n\t\t\t\t\t\t\t<div class=\"elementor-widget-wrap\">\n\t\t\t\t\t\t<div class=\"elementor-element elementor-element-cac0722 elementor-widget elementor-widget-image\" data-id=\"cac0722\" data-element_type=\"widget\" data-widget_type=\"image.default\">\n\t\t\t\t<div class=\"elementor-widget-container\">\n\t\t\t\t\t\t\t\t<div class=\"elementor-image\">\n\t\t\t\t\t\t\t\t\t\t\t\t<img decoding=\"async\" width=\"72\" height=\"72\" src=\"https:\/\/heredigene.gr\/wp-content\/uploads\/2020\/11\/analusys.png\" class=\"attachment-full size-full wp-image-1360\" alt=\"\" loading=\"lazy\" \/>\t\t\t\t\t\t\t\t\t\t\t\t\t\t<\/div>\n\t\t\t\t\t\t<\/div>\n\t\t\t\t<\/div>\n\t\t\t\t<div class=\"elementor-element elementor-element-7547485 elementor-widget elementor-widget-text-editor\" data-id=\"7547485\" data-element_type=\"widget\" data-widget_type=\"text-editor.default\">\n\t\t\t\t<div class=\"elementor-widget-container\">\n\t\t\t\t\t\t\t\t<div class=\"elementor-text-editor elementor-clearfix\">\n\t\t\t\t<div class=\"wpb_text_column wpb_content_element \"><div class=\"wpb_wrapper\"><div class=\"wpb_text_column wpb_content_element \"><div class=\"wpb_wrapper\"><div><p><strong>Procesul de analiz\u0103<\/strong><\/p><\/div><div><p>Proba dumneavoastra va ajunge in laboratorul nostru acreditat \u0219i rezultatul va fi generat \u0219i eliberat catre dumneavoastra si medic \u00een 25 de zile lucr\u0103toare.<\/p><\/div><\/div><\/div><\/div><\/div>\t\t\t\t\t<\/div>\n\t\t\t\t\t\t<\/div>\n\t\t\t\t<\/div>\n\t\t\t\t\t\t<\/div>\n\t\t\t\t\t<\/div>\n\t\t<\/main>\n\t\t\t\t<div class=\"elementor-column elementor-col-50 elementor-inner-column elementor-element elementor-element-9d54ae0\" data-id=\"9d54ae0\" data-element_type=\"column\">\n\t\t\t<div class=\"elementor-column-wrap elementor-element-populated\">\n\t\t\t\t\t\t\t<div class=\"elementor-widget-wrap\">\n\t\t\t\t\t\t<div class=\"elementor-element elementor-element-b438a44 elementor-widget elementor-widget-image\" data-id=\"b438a44\" data-element_type=\"widget\" data-widget_type=\"image.default\">\n\t\t\t\t<div class=\"elementor-widget-container\">\n\t\t\t\t\t\t\t\t<div class=\"elementor-image\">\n\t\t\t\t\t\t\t\t\t\t\t\t<img decoding=\"async\" width=\"72\" height=\"72\" src=\"https:\/\/heredigene.gr\/wp-content\/uploads\/2020\/11\/reporting.png\" class=\"attachment-large size-large wp-image-1362\" alt=\"\" loading=\"lazy\" \/>\t\t\t\t\t\t\t\t\t\t\t\t\t\t<\/div>\n\t\t\t\t\t\t<\/div>\n\t\t\t\t<\/div>\n\t\t\t\t<div class=\"elementor-element elementor-element-1f6cd22 elementor-widget elementor-widget-text-editor\" data-id=\"1f6cd22\" data-element_type=\"widget\" data-widget_type=\"text-editor.default\">\n\t\t\t\t<div class=\"elementor-widget-container\">\n\t\t\t\t\t\t\t\t<div class=\"elementor-text-editor elementor-clearfix\">\n\t\t\t\t<div class=\"wpb_text_column wpb_content_element \"><div class=\"wpb_wrapper\"><div><p><strong>Rezultatul<\/strong><\/p><\/div><div><p>Rezultatul dumneavoastr\u0103 va fi eliberat catre medic pe emal sau\/\u0219i desc\u0103rcat din portalul nostru \u00een condi\u021bii de maxim\u0103 sigurant\u0103, iar c\u0103tre dumneavoastra vi se va trimite pe email.<\/p><\/div><\/div><\/div>\t\t\t\t\t<\/div>\n\t\t\t\t\t\t<\/div>\n\t\t\t\t<\/div>\n\t\t\t\t\t\t<\/div>\n\t\t\t\t\t<\/div>\n\t\t<\/div>\n\t\t\t\t\t\t\t\t<\/div>\n\t\t\t\t\t<\/div>\n\t\t<\/section>\n\t\t\t\t\t\t<\/div>\n\t\t\t\t\t<\/div>\n\t\t<\/div>\n\t\t\t\t\t\t\t\t<\/div>\n\t\t\t\t\t<\/div>\n\t\t<\/section>\n\t\t\t\t<section class=\"elementor-section elementor-top-section elementor-element elementor-element-3e21844 elementor-section-boxed elementor-section-height-default elementor-section-height-default\" data-id=\"3e21844\" data-element_type=\"section\" data-settings=\"{&quot;background_background&quot;:&quot;classic&quot;}\">\n\t\t\t\t\t\t<div class=\"elementor-container elementor-column-gap-wider\">\n\t\t\t\t\t\t\t<div class=\"elementor-row\">\n\t\t\t\t\t<div class=\"elementor-column elementor-col-100 elementor-top-column elementor-element elementor-element-77206bc\" data-id=\"77206bc\" data-element_type=\"column\" data-settings=\"{&quot;background_background&quot;:&quot;classic&quot;}\">\n\t\t\t<div class=\"elementor-column-wrap elementor-element-populated\">\n\t\t\t\t\t<div class=\"elementor-background-overlay\"><\/div>\n\t\t\t\t\t\t\t<div class=\"elementor-widget-wrap\">\n\t\t\t\t\t\t<section class=\"elementor-section elementor-inner-section elementor-element elementor-element-de0f9c7 elementor-section-boxed elementor-section-height-default elementor-section-height-default\" data-id=\"de0f9c7\" data-element_type=\"section\" data-settings=\"{&quot;background_background&quot;:&quot;classic&quot;}\">\n\t\t\t\t\t\t\t<div class=\"elementor-background-overlay\"><\/div>\n\t\t\t\t\t\t\t<div class=\"elementor-container elementor-column-gap-wider\">\n\t\t\t\t\t\t\t<div class=\"elementor-row\">\n\t\t\t\t\t<div class=\"elementor-column elementor-col-100 elementor-inner-column elementor-element elementor-element-4621af2\" data-id=\"4621af2\" data-element_type=\"column\">\n\t\t\t<div class=\"elementor-column-wrap elementor-element-populated\">\n\t\t\t\t\t\t\t<div class=\"elementor-widget-wrap\">\n\t\t\t\t\t\t<div class=\"elementor-element elementor-element-1cfaacd elementor-widget elementor-widget-text-editor\" data-id=\"1cfaacd\" data-element_type=\"widget\" data-widget_type=\"text-editor.default\">\n\t\t\t\t<div class=\"elementor-widget-container\">\n\t\t\t\t\t\t\t\t<div class=\"elementor-text-editor elementor-clearfix\">\n\t\t\t\t<div><p>Cele mai recente ghiduri interna\u021bionale(ASCO, ESMO, NCCN \u0219i Societatea American\u0103 a Chirurgilor de S\u00e2n) recomand\u0103 cu t\u0103rie utilizarea panelurilor multi-genice \u00een locul test\u0103rii doar a genelor BRCA1\/2 pentru a acoperi toate variantele genetice asociate cu un risc crescut de a dezvolta cancer de s\u00e2n, de prostat\u0103, colon, pancreas, ovar etc.<\/p><p>\u00a0<\/p><\/div>\t\t\t\t\t<\/div>\n\t\t\t\t\t\t<\/div>\n\t\t\t\t<\/div>\n\t\t\t\t\t\t<\/div>\n\t\t\t\t\t<\/div>\n\t\t<\/div>\n\t\t\t\t\t\t\t\t<\/div>\n\t\t\t\t\t<\/div>\n\t\t<\/section>\n\t\t\t\t\t\t<\/div>\n\t\t\t\t\t<\/div>\n\t\t<\/div>\n\t\t\t\t\t\t\t\t<\/div>\n\t\t\t\t\t<\/div>\n\t\t<\/section>\n\t\t\t\t\t\t\t\t\t<\/div>\n\t\t\t<\/div>\n\t\t\t\t\t<\/div>\n\t\t","protected":false},"excerpt":{"rendered":"<p>Procedura Comanda\u021bi testul \u00centreba\u021bi medicul dac\u0103 sunte\u021bi eligibil pentru testul HerediGENE. Semna\u021bi consim\u021b\u0103m\u00e2ntul. Ap\u0103sa\u021bi aici pentru a desc\u0103rca formularul. Cerin\u021be privind proba Este necesar\u0103 o prob\u0103 de s\u00e2nge pentru acest test(2 eprubete EDTA). Proba va fi recoltat\u0103 conform instruc\u021biunilor. Este necesar\u0103 o prob\u0103 de saliva pentru care primiti manualul de instruc\u021biuni. Ap\u0103sa\u021bi aici pentru a [&hellip;]<\/p>\n","protected":false},"author":1,"featured_media":0,"parent":0,"menu_order":0,"comment_status":"closed","ping_status":"closed","template":"elementor_header_footer","meta":[],"yoast_head":"<!-- This site is optimized with the Yoast SEO Premium plugin v20.1 (Yoast SEO v20.1) - https:\/\/yoast.com\/wordpress\/plugins\/seo\/ -->\n<title>Procedura - Heredigene<\/title>\n<meta name=\"robots\" content=\"index, follow, max-snippet:-1, max-image-preview:large, max-video-preview:-1\" \/>\n<link rel=\"canonical\" href=\"https:\/\/heredigene.gr\/ro\/proccess-of-hereditary-cancer-test\/\" \/>\n<meta property=\"og:locale\" content=\"ro_RO\" \/>\n<meta property=\"og:type\" content=\"article\" \/>\n<meta property=\"og:title\" content=\"Procedura\" \/>\n<meta property=\"og:description\" content=\"Procedura Comanda\u021bi testul \u00centreba\u021bi medicul dac\u0103 sunte\u021bi eligibil pentru testul HerediGENE. Semna\u021bi consim\u021b\u0103m\u00e2ntul. Ap\u0103sa\u021bi aici pentru a desc\u0103rca formularul. Cerin\u021be privind proba Este necesar\u0103 o prob\u0103 de s\u00e2nge pentru acest test(2 eprubete EDTA). Proba va fi recoltat\u0103 conform instruc\u021biunilor. Este necesar\u0103 o prob\u0103 de saliva pentru care primiti manualul de instruc\u021biuni. Ap\u0103sa\u021bi aici pentru a [&hellip;]\" \/>\n<meta property=\"og:url\" content=\"https:\/\/heredigene.gr\/ro\/proccess-of-hereditary-cancer-test\/\" \/>\n<meta property=\"og:site_name\" content=\"Heredigene\" \/>\n<meta property=\"article:publisher\" content=\"https:\/\/www.facebook.com\/genekorbiotechnology\/\" \/>\n<meta property=\"article:modified_time\" content=\"2022-05-25T13:59:03+00:00\" \/>\n<meta property=\"og:image\" content=\"https:\/\/www.heredigene.gr\/wp-content\/uploads\/2020\/09\/bottom-full-line.png\" \/>\n<meta name=\"twitter:card\" content=\"summary_large_image\" \/>\n<meta name=\"twitter:label1\" content=\"Timp estimat pentru citire\" \/>\n\t<meta name=\"twitter:data1\" content=\"3 minute\" \/>\n<script type=\"application\/ld+json\" class=\"yoast-schema-graph\">{\"@context\":\"https:\/\/schema.org\",\"@graph\":[{\"@type\":\"WebPage\",\"@id\":\"https:\/\/heredigene.gr\/ro\/proccess-of-hereditary-cancer-test\/\",\"url\":\"https:\/\/heredigene.gr\/ro\/proccess-of-hereditary-cancer-test\/\",\"name\":\"Procedura - Heredigene\",\"isPartOf\":{\"@id\":\"https:\/\/heredigene.gr\/ro\/#website\"},\"datePublished\":\"2021-01-11T09:29:10+00:00\",\"dateModified\":\"2022-05-25T13:59:03+00:00\",\"breadcrumb\":{\"@id\":\"https:\/\/heredigene.gr\/ro\/proccess-of-hereditary-cancer-test\/#breadcrumb\"},\"inLanguage\":\"ro-RO\",\"potentialAction\":[{\"@type\":\"ReadAction\",\"target\":[\"https:\/\/heredigene.gr\/ro\/proccess-of-hereditary-cancer-test\/\"]}]},{\"@type\":\"BreadcrumbList\",\"@id\":\"https:\/\/heredigene.gr\/ro\/proccess-of-hereditary-cancer-test\/#breadcrumb\",\"itemListElement\":[{\"@type\":\"ListItem\",\"position\":1,\"name\":\"Home\",\"item\":\"https:\/\/heredigene.gr\/ro\/\"},{\"@type\":\"ListItem\",\"position\":2,\"name\":\"Procedura\"}]},{\"@type\":\"WebSite\",\"@id\":\"https:\/\/heredigene.gr\/ro\/#website\",\"url\":\"https:\/\/heredigene.gr\/ro\/\",\"name\":\"Heredigene\",\"description\":\"Heredigene by GENEKOR\",\"publisher\":{\"@id\":\"https:\/\/heredigene.gr\/ro\/#organization\"},\"potentialAction\":[{\"@type\":\"SearchAction\",\"target\":{\"@type\":\"EntryPoint\",\"urlTemplate\":\"https:\/\/heredigene.gr\/ro\/?s={search_term_string}\"},\"query-input\":\"required name=search_term_string\"}],\"inLanguage\":\"ro-RO\"},{\"@type\":\"Organization\",\"@id\":\"https:\/\/heredigene.gr\/ro\/#organization\",\"name\":\"GENEKOR MEDICAL SA\",\"url\":\"https:\/\/heredigene.gr\/ro\/\",\"logo\":{\"@type\":\"ImageObject\",\"inLanguage\":\"ro-RO\",\"@id\":\"https:\/\/heredigene.gr\/ro\/#\/schema\/logo\/image\/\",\"url\":\"https:\/\/www.heredigene.gr\/wp-content\/uploads\/2020\/09\/logo-genekor.png\",\"contentUrl\":\"https:\/\/www.heredigene.gr\/wp-content\/uploads\/2020\/09\/logo-genekor.png\",\"width\":150,\"height\":150,\"caption\":\"GENEKOR MEDICAL SA\"},\"image\":{\"@id\":\"https:\/\/heredigene.gr\/ro\/#\/schema\/logo\/image\/\"},\"sameAs\":[\"https:\/\/www.facebook.com\/genekorbiotechnology\/\",\"https:\/\/www.instagram.com\/genekor_greece\/\",\"https:\/\/www.linkedin.com\/company\/genekor-sa\/posts\/?feedView=all\",\"https:\/\/www.youtube.com\/channel\/UCKC7sMFecVBY-OZAlRBHNzA\"]}]}<\/script>\n<!-- \/ Yoast SEO Premium plugin. -->","yoast_head_json":{"title":"Procedura - Heredigene","robots":{"index":"index","follow":"follow","max-snippet":"max-snippet:-1","max-image-preview":"max-image-preview:large","max-video-preview":"max-video-preview:-1"},"canonical":"https:\/\/heredigene.gr\/ro\/proccess-of-hereditary-cancer-test\/","og_locale":"ro_RO","og_type":"article","og_title":"Procedura","og_description":"Procedura Comanda\u021bi testul \u00centreba\u021bi medicul dac\u0103 sunte\u021bi eligibil pentru testul HerediGENE. Semna\u021bi consim\u021b\u0103m\u00e2ntul. Ap\u0103sa\u021bi aici pentru a desc\u0103rca formularul. Cerin\u021be privind proba Este necesar\u0103 o prob\u0103 de s\u00e2nge pentru acest test(2 eprubete EDTA). Proba va fi recoltat\u0103 conform instruc\u021biunilor. Este necesar\u0103 o prob\u0103 de saliva pentru care primiti manualul de instruc\u021biuni. Ap\u0103sa\u021bi aici pentru a [&hellip;]","og_url":"https:\/\/heredigene.gr\/ro\/proccess-of-hereditary-cancer-test\/","og_site_name":"Heredigene","article_publisher":"https:\/\/www.facebook.com\/genekorbiotechnology\/","article_modified_time":"2022-05-25T13:59:03+00:00","og_image":[{"url":"https:\/\/www.heredigene.gr\/wp-content\/uploads\/2020\/09\/bottom-full-line.png"}],"twitter_card":"summary_large_image","twitter_misc":{"Timp estimat pentru citire":"3 minute"},"schema":{"@context":"https:\/\/schema.org","@graph":[{"@type":"WebPage","@id":"https:\/\/heredigene.gr\/ro\/proccess-of-hereditary-cancer-test\/","url":"https:\/\/heredigene.gr\/ro\/proccess-of-hereditary-cancer-test\/","name":"Procedura - Heredigene","isPartOf":{"@id":"https:\/\/heredigene.gr\/ro\/#website"},"datePublished":"2021-01-11T09:29:10+00:00","dateModified":"2022-05-25T13:59:03+00:00","breadcrumb":{"@id":"https:\/\/heredigene.gr\/ro\/proccess-of-hereditary-cancer-test\/#breadcrumb"},"inLanguage":"ro-RO","potentialAction":[{"@type":"ReadAction","target":["https:\/\/heredigene.gr\/ro\/proccess-of-hereditary-cancer-test\/"]}]},{"@type":"BreadcrumbList","@id":"https:\/\/heredigene.gr\/ro\/proccess-of-hereditary-cancer-test\/#breadcrumb","itemListElement":[{"@type":"ListItem","position":1,"name":"Home","item":"https:\/\/heredigene.gr\/ro\/"},{"@type":"ListItem","position":2,"name":"Procedura"}]},{"@type":"WebSite","@id":"https:\/\/heredigene.gr\/ro\/#website","url":"https:\/\/heredigene.gr\/ro\/","name":"Heredigene","description":"Heredigene by GENEKOR","publisher":{"@id":"https:\/\/heredigene.gr\/ro\/#organization"},"potentialAction":[{"@type":"SearchAction","target":{"@type":"EntryPoint","urlTemplate":"https:\/\/heredigene.gr\/ro\/?s={search_term_string}"},"query-input":"required name=search_term_string"}],"inLanguage":"ro-RO"},{"@type":"Organization","@id":"https:\/\/heredigene.gr\/ro\/#organization","name":"GENEKOR MEDICAL SA","url":"https:\/\/heredigene.gr\/ro\/","logo":{"@type":"ImageObject","inLanguage":"ro-RO","@id":"https:\/\/heredigene.gr\/ro\/#\/schema\/logo\/image\/","url":"https:\/\/www.heredigene.gr\/wp-content\/uploads\/2020\/09\/logo-genekor.png","contentUrl":"https:\/\/www.heredigene.gr\/wp-content\/uploads\/2020\/09\/logo-genekor.png","width":150,"height":150,"caption":"GENEKOR MEDICAL SA"},"image":{"@id":"https:\/\/heredigene.gr\/ro\/#\/schema\/logo\/image\/"},"sameAs":["https:\/\/www.facebook.com\/genekorbiotechnology\/","https:\/\/www.instagram.com\/genekor_greece\/","https:\/\/www.linkedin.com\/company\/genekor-sa\/posts\/?feedView=all","https:\/\/www.youtube.com\/channel\/UCKC7sMFecVBY-OZAlRBHNzA"]}]}},"_links":{"self":[{"href":"https:\/\/heredigene.gr\/ro\/wp-json\/wp\/v2\/pages\/2113"}],"collection":[{"href":"https:\/\/heredigene.gr\/ro\/wp-json\/wp\/v2\/pages"}],"about":[{"href":"https:\/\/heredigene.gr\/ro\/wp-json\/wp\/v2\/types\/page"}],"author":[{"embeddable":true,"href":"https:\/\/heredigene.gr\/ro\/wp-json\/wp\/v2\/users\/1"}],"replies":[{"embeddable":true,"href":"https:\/\/heredigene.gr\/ro\/wp-json\/wp\/v2\/comments?post=2113"}],"version-history":[{"count":19,"href":"https:\/\/heredigene.gr\/ro\/wp-json\/wp\/v2\/pages\/2113\/revisions"}],"predecessor-version":[{"id":4116,"href":"https:\/\/heredigene.gr\/ro\/wp-json\/wp\/v2\/pages\/2113\/revisions\/4116"}],"wp:attachment":[{"href":"https:\/\/heredigene.gr\/ro\/wp-json\/wp\/v2\/media?parent=2113"}],"curies":[{"name":"wp","href":"https:\/\/api.w.org\/{rel}","templated":true}]}}