{"id":2044,"date":"2021-01-11T08:16:56","date_gmt":"2021-01-11T08:16:56","guid":{"rendered":"http:\/\/lefteris.aboutdev.gr\/heredigene\/?page_id=2044"},"modified":"2022-10-18T11:56:50","modified_gmt":"2022-10-18T11:56:50","slug":"heredigene-gene-panel","status":"publish","type":"page","link":"https:\/\/heredigene.gr\/ro\/heredigene-gene-panel\/","title":{"rendered":"Panelul Genelor din HerediGENE"},"content":{"rendered":"\t\t<div data-elementor-type=\"wp-page\" data-elementor-id=\"2044\" class=\"elementor elementor-2044 elementor-1753\">\n\t\t\t\t\t\t<div class=\"elementor-inner\">\n\t\t\t\t<div class=\"elementor-section-wrap\">\n\t\t\t\t\t\t\t\t\t<section class=\"elementor-section elementor-top-section elementor-element elementor-element-adb03ec elementor-section-full_width elementor-section-height-min-height elementor-section-items-top elementor-section-height-default\" data-id=\"adb03ec\" data-element_type=\"section\" data-settings=\"{&quot;background_background&quot;:&quot;classic&quot;}\">\n\t\t\t\t\t\t<div class=\"elementor-container elementor-column-gap-no\">\n\t\t\t\t\t\t\t<div class=\"elementor-row\">\n\t\t\t\t\t<div class=\"elementor-column elementor-col-100 elementor-top-column elementor-element elementor-element-bcd97d9\" data-id=\"bcd97d9\" data-element_type=\"column\">\n\t\t\t<div class=\"elementor-column-wrap elementor-element-populated\">\n\t\t\t\t\t\t\t<div class=\"elementor-widget-wrap\">\n\t\t\t\t\t\t<section class=\"elementor-section elementor-inner-section elementor-element elementor-element-6484c48 elementor-section-full_width elementor-section-height-min-height elementor-section-content-middle elementor-section-height-default\" data-id=\"6484c48\" data-element_type=\"section\" data-settings=\"{&quot;background_background&quot;:&quot;classic&quot;}\">\n\t\t\t\t\t\t<div class=\"elementor-container elementor-column-gap-default\">\n\t\t\t\t\t\t\t<div class=\"elementor-row\">\n\t\t\t\t\t<div class=\"elementor-column elementor-col-100 elementor-inner-column elementor-element elementor-element-db9f84a\" data-id=\"db9f84a\" data-element_type=\"column\">\n\t\t\t<div class=\"elementor-column-wrap elementor-element-populated\">\n\t\t\t\t\t\t\t<div class=\"elementor-widget-wrap\">\n\t\t\t\t\t\t<div class=\"elementor-element elementor-element-c4d7605 elementor-widget elementor-widget-text-editor\" data-id=\"c4d7605\" data-element_type=\"widget\" data-widget_type=\"text-editor.default\">\n\t\t\t\t<div class=\"elementor-widget-container\">\n\t\t\t\t\t\t\t\t<div class=\"elementor-text-editor elementor-clearfix\">\n\t\t\t\t<h2 class=\"wpb_wrapper\"><strong>Panelul Genelor din HerediGENE<\/strong><\/h2>\t\t\t\t\t<\/div>\n\t\t\t\t\t\t<\/div>\n\t\t\t\t<\/div>\n\t\t\t\t\t\t<\/div>\n\t\t\t\t\t<\/div>\n\t\t<\/div>\n\t\t\t\t\t\t\t\t<\/div>\n\t\t\t\t\t<\/div>\n\t\t<\/section>\n\t\t\t\t<div class=\"elementor-element elementor-element-94869bc elementor-widget elementor-widget-image\" data-id=\"94869bc\" data-element_type=\"widget\" data-widget_type=\"image.default\">\n\t\t\t\t<div class=\"elementor-widget-container\">\n\t\t\t\t\t\t\t\t<div class=\"elementor-image\">\n\t\t\t\t\t\t\t\t\t\t\t\t<img decoding=\"async\" width=\"1920\" height=\"29\" src=\"https:\/\/heredigene.gr\/wp-content\/uploads\/2020\/09\/bottom-full-line.png\" class=\"attachment-full size-full wp-image-3106\" alt=\"brca gene mutation\" loading=\"lazy\" srcset=\"https:\/\/heredigene.gr\/wp-content\/uploads\/2020\/09\/bottom-full-line.png 1920w, https:\/\/heredigene.gr\/wp-content\/uploads\/2020\/09\/bottom-full-line-300x5.png 300w, https:\/\/heredigene.gr\/wp-content\/uploads\/2020\/09\/bottom-full-line-1024x15.png 1024w, https:\/\/heredigene.gr\/wp-content\/uploads\/2020\/09\/bottom-full-line-768x12.png 768w, https:\/\/heredigene.gr\/wp-content\/uploads\/2020\/09\/bottom-full-line-1536x23.png 1536w\" sizes=\"(max-width: 1920px) 100vw, 1920px\" \/>\t\t\t\t\t\t\t\t\t\t\t\t\t\t<\/div>\n\t\t\t\t\t\t<\/div>\n\t\t\t\t<\/div>\n\t\t\t\t<section class=\"elementor-section elementor-inner-section elementor-element elementor-element-c5d6865 elementor-section-full_width elementor-section-height-default elementor-section-height-default\" data-id=\"c5d6865\" data-element_type=\"section\" id=\"howitworks\">\n\t\t\t\t\t\t<div class=\"elementor-container elementor-column-gap-default\">\n\t\t\t\t\t\t\t<div class=\"elementor-row\">\n\t\t\t\t\t<main class=\"elementor-column elementor-col-100 elementor-inner-column elementor-element elementor-element-5945b65\" data-id=\"5945b65\" data-element_type=\"column\">\n\t\t\t<div class=\"elementor-column-wrap elementor-element-populated\">\n\t\t\t\t\t\t\t<div class=\"elementor-widget-wrap\">\n\t\t\t\t\t\t<div class=\"elementor-element elementor-element-e71f16e elementor-widget elementor-widget-heading\" data-id=\"e71f16e\" data-element_type=\"widget\" data-widget_type=\"heading.default\">\n\t\t\t\t<div class=\"elementor-widget-container\">\n\t\t\t<h2 class=\"elementor-heading-title elementor-size-default\">Tabelul GENELOR\n\n<\/h2>\t\t<\/div>\n\t\t\t\t<\/div>\n\t\t\t\t<div class=\"elementor-element elementor-element-2f93e3b elementor-widget-divider--view-line elementor-widget elementor-widget-divider\" data-id=\"2f93e3b\" data-element_type=\"widget\" data-widget_type=\"divider.default\">\n\t\t\t\t<div class=\"elementor-widget-container\">\n\t\t\t\t\t<div class=\"elementor-divider\">\n\t\t\t<span class=\"elementor-divider-separator\">\n\t\t\t\t\t\t<\/span>\n\t\t<\/div>\n\t\t\t\t<\/div>\n\t\t\t\t<\/div>\n\t\t\t\t<div class=\"elementor-element elementor-element-195f407 elementor-widget elementor-widget-image\" data-id=\"195f407\" data-element_type=\"widget\" data-widget_type=\"image.default\">\n\t\t\t\t<div class=\"elementor-widget-container\">\n\t\t\t\t\t\t\t\t<div class=\"elementor-image\">\n\t\t\t\t\t\t\t\t\t\t\t\t<img decoding=\"async\" width=\"1890\" height=\"1359\" src=\"https:\/\/heredigene.gr\/wp-content\/uploads\/2022\/10\/Heredigene_52genepanel_page-0001-1.jpg\" class=\"attachment-full size-full wp-image-4763\" alt=\"gene panel\" loading=\"lazy\" srcset=\"https:\/\/heredigene.gr\/wp-content\/uploads\/2022\/10\/Heredigene_52genepanel_page-0001-1.jpg 1890w, https:\/\/heredigene.gr\/wp-content\/uploads\/2022\/10\/Heredigene_52genepanel_page-0001-1-300x216.jpg 300w, https:\/\/heredigene.gr\/wp-content\/uploads\/2022\/10\/Heredigene_52genepanel_page-0001-1-1024x736.jpg 1024w, https:\/\/heredigene.gr\/wp-content\/uploads\/2022\/10\/Heredigene_52genepanel_page-0001-1-768x552.jpg 768w, https:\/\/heredigene.gr\/wp-content\/uploads\/2022\/10\/Heredigene_52genepanel_page-0001-1-1536x1104.jpg 1536w\" sizes=\"(max-width: 1890px) 100vw, 1890px\" \/>\t\t\t\t\t\t\t\t\t\t\t\t\t\t<\/div>\n\t\t\t\t\t\t<\/div>\n\t\t\t\t<\/div>\n\t\t\t\t\t\t<\/div>\n\t\t\t\t\t<\/div>\n\t\t<\/main>\n\t\t\t\t\t\t\t\t<\/div>\n\t\t\t\t\t<\/div>\n\t\t<\/section>\n\t\t\t\t\t\t<\/div>\n\t\t\t\t\t<\/div>\n\t\t<\/div>\n\t\t\t\t\t\t\t\t<\/div>\n\t\t\t\t\t<\/div>\n\t\t<\/section>\n\t\t\t\t<section class=\"elementor-section elementor-top-section elementor-element elementor-element-49aff7b elementor-section-boxed elementor-section-height-default elementor-section-height-default\" data-id=\"49aff7b\" data-element_type=\"section\" data-settings=\"{&quot;background_background&quot;:&quot;classic&quot;}\">\n\t\t\t\t\t\t<div class=\"elementor-container elementor-column-gap-wider\">\n\t\t\t\t\t\t\t<div class=\"elementor-row\">\n\t\t\t\t\t<div class=\"elementor-column elementor-col-100 elementor-top-column elementor-element elementor-element-060659f\" data-id=\"060659f\" data-element_type=\"column\" data-settings=\"{&quot;background_background&quot;:&quot;classic&quot;}\">\n\t\t\t<div class=\"elementor-column-wrap elementor-element-populated\">\n\t\t\t\t\t<div class=\"elementor-background-overlay\"><\/div>\n\t\t\t\t\t\t\t<div class=\"elementor-widget-wrap\">\n\t\t\t\t\t\t<section class=\"elementor-section elementor-inner-section elementor-element elementor-element-132399a elementor-section-boxed elementor-section-height-default elementor-section-height-default\" data-id=\"132399a\" data-element_type=\"section\" data-settings=\"{&quot;background_background&quot;:&quot;classic&quot;}\">\n\t\t\t\t\t\t\t<div class=\"elementor-background-overlay\"><\/div>\n\t\t\t\t\t\t\t<div class=\"elementor-container elementor-column-gap-wider\">\n\t\t\t\t\t\t\t<div class=\"elementor-row\">\n\t\t\t\t\t<div class=\"elementor-column elementor-col-100 elementor-inner-column elementor-element elementor-element-056caaa\" data-id=\"056caaa\" data-element_type=\"column\">\n\t\t\t<div class=\"elementor-column-wrap elementor-element-populated\">\n\t\t\t\t\t\t\t<div class=\"elementor-widget-wrap\">\n\t\t\t\t\t\t<div class=\"elementor-element elementor-element-041de32 elementor-widget elementor-widget-text-editor\" data-id=\"041de32\" data-element_type=\"widget\" data-widget_type=\"text-editor.default\">\n\t\t\t\t<div class=\"elementor-widget-container\">\n\t\t\t\t\t\t\t\t<div class=\"elementor-text-editor elementor-clearfix\">\n\t\t\t\t<div>\n<p>Cele mai recente ghiduri interna\u021bionale(ASCO, ESMO, NCCN \u0219i Societatea American\u0103 a Chirurgilor de S\u00e2n) recomand\u0103 cu t\u0103rie utilizarea panelurilor multi-genice \u00een locul test\u0103rii doar a genelor BRCA1\/2 pentru a acoperi toate variantele genetice asociate cu un risc crescut de a dezvolta cancer de s\u00e2n, de prostat\u0103, colon, pancreas, ovar etc.<\/p><p><br><\/p>\n<\/div>\t\t\t\t\t<\/div>\n\t\t\t\t\t\t<\/div>\n\t\t\t\t<\/div>\n\t\t\t\t\t\t<\/div>\n\t\t\t\t\t<\/div>\n\t\t<\/div>\n\t\t\t\t\t\t\t\t<\/div>\n\t\t\t\t\t<\/div>\n\t\t<\/section>\n\t\t\t\t\t\t<\/div>\n\t\t\t\t\t<\/div>\n\t\t<\/div>\n\t\t\t\t\t\t\t\t<\/div>\n\t\t\t\t\t<\/div>\n\t\t<\/section>\n\t\t\t\t\t\t\t\t\t<\/div>\n\t\t\t<\/div>\n\t\t\t\t\t<\/div>\n\t\t","protected":false},"excerpt":{"rendered":"<p>Panelul Genelor din HerediGENE Tabelul GENELOR Cele mai recente ghiduri interna\u021bionale(ASCO, ESMO, NCCN \u0219i Societatea American\u0103 a Chirurgilor de S\u00e2n) recomand\u0103 cu t\u0103rie utilizarea panelurilor multi-genice \u00een locul test\u0103rii doar a genelor BRCA1\/2 pentru a acoperi toate variantele genetice asociate cu un risc crescut de a dezvolta cancer de s\u00e2n, de prostat\u0103, colon, pancreas, ovar [&hellip;]<\/p>\n","protected":false},"author":1,"featured_media":0,"parent":0,"menu_order":0,"comment_status":"closed","ping_status":"closed","template":"elementor_header_footer","meta":[],"yoast_head":"<!-- This site is optimized with the Yoast SEO Premium plugin v20.1 (Yoast SEO v20.1) - https:\/\/yoast.com\/wordpress\/plugins\/seo\/ -->\n<title>Panelul Genelor din HerediGENE - Heredigene<\/title>\n<meta name=\"robots\" content=\"index, follow, max-snippet:-1, max-image-preview:large, max-video-preview:-1\" \/>\n<link rel=\"canonical\" href=\"https:\/\/heredigene.gr\/ro\/heredigene-gene-panel\/\" \/>\n<meta property=\"og:locale\" content=\"ro_RO\" \/>\n<meta property=\"og:type\" content=\"article\" \/>\n<meta property=\"og:title\" content=\"Panelul Genelor din HerediGENE\" \/>\n<meta property=\"og:description\" content=\"Panelul Genelor din HerediGENE Tabelul GENELOR Cele mai recente ghiduri interna\u021bionale(ASCO, ESMO, NCCN \u0219i Societatea American\u0103 a Chirurgilor de S\u00e2n) recomand\u0103 cu t\u0103rie utilizarea panelurilor multi-genice \u00een locul test\u0103rii doar a genelor BRCA1\/2 pentru a acoperi toate variantele genetice asociate cu un risc crescut de a dezvolta cancer de s\u00e2n, de prostat\u0103, colon, pancreas, ovar [&hellip;]\" \/>\n<meta property=\"og:url\" content=\"https:\/\/heredigene.gr\/ro\/heredigene-gene-panel\/\" \/>\n<meta property=\"og:site_name\" content=\"Heredigene\" \/>\n<meta property=\"article:publisher\" content=\"https:\/\/www.facebook.com\/genekorbiotechnology\/\" \/>\n<meta property=\"article:modified_time\" content=\"2022-10-18T11:56:50+00:00\" \/>\n<meta property=\"og:image\" content=\"https:\/\/www.heredigene.gr\/wp-content\/uploads\/2020\/09\/bottom-full-line.png\" \/>\n<meta name=\"twitter:card\" content=\"summary_large_image\" \/>\n<meta name=\"twitter:label1\" content=\"Timp estimat pentru citire\" \/>\n\t<meta name=\"twitter:data1\" content=\"1 minut\" \/>\n<script type=\"application\/ld+json\" class=\"yoast-schema-graph\">{\"@context\":\"https:\/\/schema.org\",\"@graph\":[{\"@type\":\"WebPage\",\"@id\":\"https:\/\/heredigene.gr\/ro\/heredigene-gene-panel\/\",\"url\":\"https:\/\/heredigene.gr\/ro\/heredigene-gene-panel\/\",\"name\":\"Panelul Genelor din HerediGENE - Heredigene\",\"isPartOf\":{\"@id\":\"https:\/\/heredigene.gr\/ro\/#website\"},\"datePublished\":\"2021-01-11T08:16:56+00:00\",\"dateModified\":\"2022-10-18T11:56:50+00:00\",\"breadcrumb\":{\"@id\":\"https:\/\/heredigene.gr\/ro\/heredigene-gene-panel\/#breadcrumb\"},\"inLanguage\":\"ro-RO\",\"potentialAction\":[{\"@type\":\"ReadAction\",\"target\":[\"https:\/\/heredigene.gr\/ro\/heredigene-gene-panel\/\"]}]},{\"@type\":\"BreadcrumbList\",\"@id\":\"https:\/\/heredigene.gr\/ro\/heredigene-gene-panel\/#breadcrumb\",\"itemListElement\":[{\"@type\":\"ListItem\",\"position\":1,\"name\":\"Home\",\"item\":\"https:\/\/heredigene.gr\/ro\/\"},{\"@type\":\"ListItem\",\"position\":2,\"name\":\"Panelul Genelor din HerediGENE\"}]},{\"@type\":\"WebSite\",\"@id\":\"https:\/\/heredigene.gr\/ro\/#website\",\"url\":\"https:\/\/heredigene.gr\/ro\/\",\"name\":\"Heredigene\",\"description\":\"Heredigene by GENEKOR\",\"publisher\":{\"@id\":\"https:\/\/heredigene.gr\/ro\/#organization\"},\"potentialAction\":[{\"@type\":\"SearchAction\",\"target\":{\"@type\":\"EntryPoint\",\"urlTemplate\":\"https:\/\/heredigene.gr\/ro\/?s={search_term_string}\"},\"query-input\":\"required name=search_term_string\"}],\"inLanguage\":\"ro-RO\"},{\"@type\":\"Organization\",\"@id\":\"https:\/\/heredigene.gr\/ro\/#organization\",\"name\":\"GENEKOR MEDICAL SA\",\"url\":\"https:\/\/heredigene.gr\/ro\/\",\"logo\":{\"@type\":\"ImageObject\",\"inLanguage\":\"ro-RO\",\"@id\":\"https:\/\/heredigene.gr\/ro\/#\/schema\/logo\/image\/\",\"url\":\"https:\/\/www.heredigene.gr\/wp-content\/uploads\/2020\/09\/logo-genekor.png\",\"contentUrl\":\"https:\/\/www.heredigene.gr\/wp-content\/uploads\/2020\/09\/logo-genekor.png\",\"width\":150,\"height\":150,\"caption\":\"GENEKOR MEDICAL SA\"},\"image\":{\"@id\":\"https:\/\/heredigene.gr\/ro\/#\/schema\/logo\/image\/\"},\"sameAs\":[\"https:\/\/www.facebook.com\/genekorbiotechnology\/\",\"https:\/\/www.instagram.com\/genekor_greece\/\",\"https:\/\/www.linkedin.com\/company\/genekor-sa\/posts\/?feedView=all\",\"https:\/\/www.youtube.com\/channel\/UCKC7sMFecVBY-OZAlRBHNzA\"]}]}<\/script>\n<!-- \/ Yoast SEO Premium plugin. -->","yoast_head_json":{"title":"Panelul Genelor din HerediGENE - Heredigene","robots":{"index":"index","follow":"follow","max-snippet":"max-snippet:-1","max-image-preview":"max-image-preview:large","max-video-preview":"max-video-preview:-1"},"canonical":"https:\/\/heredigene.gr\/ro\/heredigene-gene-panel\/","og_locale":"ro_RO","og_type":"article","og_title":"Panelul Genelor din HerediGENE","og_description":"Panelul Genelor din HerediGENE Tabelul GENELOR Cele mai recente ghiduri interna\u021bionale(ASCO, ESMO, NCCN \u0219i Societatea American\u0103 a Chirurgilor de S\u00e2n) recomand\u0103 cu t\u0103rie utilizarea panelurilor multi-genice \u00een locul test\u0103rii doar a genelor BRCA1\/2 pentru a acoperi toate variantele genetice asociate cu un risc crescut de a dezvolta cancer de s\u00e2n, de prostat\u0103, colon, pancreas, ovar [&hellip;]","og_url":"https:\/\/heredigene.gr\/ro\/heredigene-gene-panel\/","og_site_name":"Heredigene","article_publisher":"https:\/\/www.facebook.com\/genekorbiotechnology\/","article_modified_time":"2022-10-18T11:56:50+00:00","og_image":[{"url":"https:\/\/www.heredigene.gr\/wp-content\/uploads\/2020\/09\/bottom-full-line.png"}],"twitter_card":"summary_large_image","twitter_misc":{"Timp estimat pentru citire":"1 minut"},"schema":{"@context":"https:\/\/schema.org","@graph":[{"@type":"WebPage","@id":"https:\/\/heredigene.gr\/ro\/heredigene-gene-panel\/","url":"https:\/\/heredigene.gr\/ro\/heredigene-gene-panel\/","name":"Panelul Genelor din HerediGENE - Heredigene","isPartOf":{"@id":"https:\/\/heredigene.gr\/ro\/#website"},"datePublished":"2021-01-11T08:16:56+00:00","dateModified":"2022-10-18T11:56:50+00:00","breadcrumb":{"@id":"https:\/\/heredigene.gr\/ro\/heredigene-gene-panel\/#breadcrumb"},"inLanguage":"ro-RO","potentialAction":[{"@type":"ReadAction","target":["https:\/\/heredigene.gr\/ro\/heredigene-gene-panel\/"]}]},{"@type":"BreadcrumbList","@id":"https:\/\/heredigene.gr\/ro\/heredigene-gene-panel\/#breadcrumb","itemListElement":[{"@type":"ListItem","position":1,"name":"Home","item":"https:\/\/heredigene.gr\/ro\/"},{"@type":"ListItem","position":2,"name":"Panelul Genelor din HerediGENE"}]},{"@type":"WebSite","@id":"https:\/\/heredigene.gr\/ro\/#website","url":"https:\/\/heredigene.gr\/ro\/","name":"Heredigene","description":"Heredigene by GENEKOR","publisher":{"@id":"https:\/\/heredigene.gr\/ro\/#organization"},"potentialAction":[{"@type":"SearchAction","target":{"@type":"EntryPoint","urlTemplate":"https:\/\/heredigene.gr\/ro\/?s={search_term_string}"},"query-input":"required name=search_term_string"}],"inLanguage":"ro-RO"},{"@type":"Organization","@id":"https:\/\/heredigene.gr\/ro\/#organization","name":"GENEKOR MEDICAL SA","url":"https:\/\/heredigene.gr\/ro\/","logo":{"@type":"ImageObject","inLanguage":"ro-RO","@id":"https:\/\/heredigene.gr\/ro\/#\/schema\/logo\/image\/","url":"https:\/\/www.heredigene.gr\/wp-content\/uploads\/2020\/09\/logo-genekor.png","contentUrl":"https:\/\/www.heredigene.gr\/wp-content\/uploads\/2020\/09\/logo-genekor.png","width":150,"height":150,"caption":"GENEKOR MEDICAL SA"},"image":{"@id":"https:\/\/heredigene.gr\/ro\/#\/schema\/logo\/image\/"},"sameAs":["https:\/\/www.facebook.com\/genekorbiotechnology\/","https:\/\/www.instagram.com\/genekor_greece\/","https:\/\/www.linkedin.com\/company\/genekor-sa\/posts\/?feedView=all","https:\/\/www.youtube.com\/channel\/UCKC7sMFecVBY-OZAlRBHNzA"]}]}},"_links":{"self":[{"href":"https:\/\/heredigene.gr\/ro\/wp-json\/wp\/v2\/pages\/2044"}],"collection":[{"href":"https:\/\/heredigene.gr\/ro\/wp-json\/wp\/v2\/pages"}],"about":[{"href":"https:\/\/heredigene.gr\/ro\/wp-json\/wp\/v2\/types\/page"}],"author":[{"embeddable":true,"href":"https:\/\/heredigene.gr\/ro\/wp-json\/wp\/v2\/users\/1"}],"replies":[{"embeddable":true,"href":"https:\/\/heredigene.gr\/ro\/wp-json\/wp\/v2\/comments?post=2044"}],"version-history":[{"count":15,"href":"https:\/\/heredigene.gr\/ro\/wp-json\/wp\/v2\/pages\/2044\/revisions"}],"predecessor-version":[{"id":4786,"href":"https:\/\/heredigene.gr\/ro\/wp-json\/wp\/v2\/pages\/2044\/revisions\/4786"}],"wp:attachment":[{"href":"https:\/\/heredigene.gr\/ro\/wp-json\/wp\/v2\/media?parent=2044"}],"curies":[{"name":"wp","href":"https:\/\/api.w.org\/{rel}","templated":true}]}}